{"id":1735,"date":"2023-10-06T14:21:01","date_gmt":"2023-10-06T12:21:01","guid":{"rendered":"https:\/\/mtdijzerwaren.nl\/product\/stahlwelt-deutschland-werkzeugwagen-tts14\/"},"modified":"2023-10-06T14:21:01","modified_gmt":"2023-10-06T12:21:01","slug":"stahlwelt-deutschland-werkzeugwagen-tts14","status":"publish","type":"product","link":"https:\/\/mtdijzerwaren.nl\/de\/produkt\/stahlwelt-deutschland-werkzeugwagen-tts14\/","title":{"rendered":"Stahlwelt Deutschland Werkzeugwagen TTS14"},"content":{"rendered":"<p>Dieser Stahlwelt Germany TTS14 Werkzeugwagen hat 14 kugelgelagerte Schubladen, von denen 13 mit 755 Werkzeugen gef\u00fcllt sind.<br \/>\nDie Werkzeuge sind in stabilen Modulen untergebracht, so dass sie optimal gesch\u00fctzt sind.<br \/>\nNach getaner Arbeit ist dank der Schaumstoffeinlagen leicht zu erkennen, ob der Werkzeugsatz vollst\u00e4ndig ist.<br \/>\nDieser Werkzeugwagen ist dank seines stabilen Griffs und der robusten vier R\u00e4der, von denen zwei Lenkrollen mit Bremsen haben, leicht zu bewegen.<br \/>\nDieser Werkzeugwagen ist mit 2 Schl\u00fcsseln, die in das Zylinderschloss passen, vollst\u00e4ndig abschlie\u00dfbar.<br \/>\nDer Wagen ist mit einer extra starken Stahlplatte ausgestattet.<br \/>\nIn diesem Werkzeugwagen finden Sie einen umfassenden 755-teiligen Werkzeugsatz, einschlie\u00dflich eines kompletten Steckschl\u00fcsselsatzes mit Knarren in drei verschiedenen Gr\u00f6\u00dfen: 1\/2&#8243;, 1\/4&#8243; und 3\/8&#8243;.<br \/>\nDie Schraubendreher in diesem Werkzeugwagen sind von professioneller Qualit\u00e4t.<br \/>\nund am Kopf mit einem Sechskantkopf, der mit einem Schraubenschl\u00fcssel oder Hammer f\u00fcr zus\u00e4tzliche Festigkeit ausgestattet ist.<br \/>\nDie Schubladen dieses Wagens haben ein Schnellspannsystem und sind zu 100% ausziehbar.         <\/p>\n","protected":false},"excerpt":{"rendered":"<p>Dieser Stahlwelt Germany TTS14 Werkzeugwagen hat 14 kugelgelagerte Schubladen, von denen 13 mit 755 Werkzeugen gef\u00fcllt sind. Die Werkzeuge sind in stabilen Modulen untergebracht, so dass sie optimal gesch\u00fctzt sind. Nach getaner Arbeit ist dank der Schaumstoffeinlagen leicht zu erkennen, ob der Werkzeugsatz vollst\u00e4ndig ist. Dieser Werkzeugwagen ist dank seines stabilen Griffs und der robusten [&hellip;]<\/p>\n","protected":false},"featured_media":1524,"comment_status":"open","ping_status":"closed","template":"","meta":{"site-sidebar-layout":"default","site-content-layout":"","ast-site-content-layout":"default","site-content-style":"default","site-sidebar-style":"default","ast-global-header-display":"","ast-banner-title-visibility":"","ast-main-header-display":"","ast-hfb-above-header-display":"","ast-hfb-below-header-display":"","ast-hfb-mobile-header-display":"","site-post-title":"","ast-breadcrumbs-content":"","ast-featured-img":"","footer-sml-layout":"","ast-disable-related-posts":"","theme-transparent-header-meta":"default","adv-header-id-meta":"","stick-header-meta":"","header-above-stick-meta":"","header-main-stick-meta":"","header-below-stick-meta":"","astra-migrate-meta-layouts":"default","ast-page-background-enabled":"default","ast-page-background-meta":{"desktop":{"background-color":"var(--ast-global-color-4)","background-image":"","background-repeat":"repeat","background-position":"center center","background-size":"auto","background-attachment":"scroll","background-type":"","background-media":"","overlay-type":"","overlay-color":"","overlay-opacity":"","overlay-gradient":""},"tablet":{"background-color":"","background-image":"","background-repeat":"repeat","background-position":"center center","background-size":"auto","background-attachment":"scroll","background-type":"","background-media":"","overlay-type":"","overlay-color":"","overlay-opacity":"","overlay-gradient":""},"mobile":{"background-color":"","background-image":"","background-repeat":"repeat","background-position":"center center","background-size":"auto","background-attachment":"scroll","background-type":"","background-media":"","overlay-type":"","overlay-color":"","overlay-opacity":"","overlay-gradient":""}},"ast-content-background-meta":{"desktop":{"background-color":"var(--ast-global-color-5)","background-image":"","background-repeat":"repeat","background-position":"center center","background-size":"auto","background-attachment":"scroll","background-type":"","background-media":"","overlay-type":"","overlay-color":"","overlay-opacity":"","overlay-gradient":""},"tablet":{"background-color":"var(--ast-global-color-5)","background-image":"","background-repeat":"repeat","background-position":"center center","background-size":"auto","background-attachment":"scroll","background-type":"","background-media":"","overlay-type":"","overlay-color":"","overlay-opacity":"","overlay-gradient":""},"mobile":{"background-color":"var(--ast-global-color-5)","background-image":"","background-repeat":"repeat","background-position":"center center","background-size":"auto","background-attachment":"scroll","background-type":"","background-media":"","overlay-type":"","overlay-color":"","overlay-opacity":"","overlay-gradient":""}}},"pwb-brand":[52],"product_brand":[],"product_cat":[65],"product_tag":[],"class_list":{"0":"post-1735","1":"product","2":"type-product","3":"status-publish","4":"has-post-thumbnail","6":"pwb-brand-stahlwelt","7":"product_cat-werkzeugwagen","8":"desktop-align-left","9":"tablet-align-left","10":"mobile-align-left","12":"first","13":"instock","14":"taxable","15":"shipping-taxable","16":"purchasable","17":"product-type-simple"},"yoast_head":"<!-- This site is optimized with the Yoast SEO plugin v27.4 - https:\/\/yoast.com\/product\/yoast-seo-wordpress\/ -->\n<title>Stahlwelt Deutschland Werkzeugwagen TTS14 - MTD Ijzerwaren<\/title>\n<meta name=\"description\" content=\"Een Stahlwelt Deutschland Werkzeugwagen TTS14 bestellen? MTD Ijzerwaren helpt jou graag. Neem vandaag nog contact met ons op voor meer informatie over Stahlwelt Deutschland Werkzeugwagen TTS14\" \/>\n<meta name=\"robots\" content=\"index, follow, max-snippet:-1, max-image-preview:large, max-video-preview:-1\" \/>\n<link rel=\"canonical\" href=\"https:\/\/mtdijzerwaren.nl\/de\/produkt\/stahlwelt-deutschland-werkzeugwagen-tts14\/\" \/>\n<meta property=\"og:locale\" content=\"de_DE\" \/>\n<meta property=\"og:type\" content=\"article\" \/>\n<meta property=\"og:title\" content=\"Stahlwelt Deutschland Werkzeugwagen TTS14 - MTD Ijzerwaren\" \/>\n<meta property=\"og:description\" content=\"Een Stahlwelt Deutschland Werkzeugwagen TTS14 bestellen? MTD Ijzerwaren helpt jou graag. Neem vandaag nog contact met ons op voor meer informatie over Stahlwelt Deutschland Werkzeugwagen TTS14\" \/>\n<meta property=\"og:url\" content=\"https:\/\/mtdijzerwaren.nl\/de\/produkt\/stahlwelt-deutschland-werkzeugwagen-tts14\/\" \/>\n<meta property=\"og:site_name\" content=\"MTD Ijzerwaren\" \/>\n<meta property=\"og:image\" content=\"https:\/\/mtdijzerwaren.nl\/wp-content\/uploads\/2023\/10\/typescalecroppedwidth640height640.jpeg\" \/>\n\t<meta property=\"og:image:width\" content=\"640\" \/>\n\t<meta property=\"og:image:height\" content=\"640\" \/>\n\t<meta property=\"og:image:type\" content=\"image\/jpeg\" \/>\n<meta name=\"twitter:card\" content=\"summary_large_image\" \/>\n<meta name=\"twitter:label1\" content=\"Gesch\u00e4tzte Lesezeit\" \/>\n\t<meta name=\"twitter:data1\" content=\"1\u00a0Minute\" \/>\n<script type=\"application\/ld+json\" class=\"yoast-schema-graph\">{\"@context\":\"https:\\\/\\\/schema.org\",\"@graph\":[{\"@type\":[\"WebPage\",\"ItemPage\"],\"@id\":\"https:\\\/\\\/mtdijzerwaren.nl\\\/de\\\/produkt\\\/stahlwelt-deutschland-werkzeugwagen-tts14\\\/\",\"url\":\"https:\\\/\\\/mtdijzerwaren.nl\\\/de\\\/produkt\\\/stahlwelt-deutschland-werkzeugwagen-tts14\\\/\",\"name\":\"Stahlwelt Deutschland Werkzeugwagen TTS14 - MTD Ijzerwaren\",\"isPartOf\":{\"@id\":\"https:\\\/\\\/mtdijzerwaren.nl\\\/#website\"},\"primaryImageOfPage\":{\"@id\":\"https:\\\/\\\/mtdijzerwaren.nl\\\/de\\\/produkt\\\/stahlwelt-deutschland-werkzeugwagen-tts14\\\/#primaryimage\"},\"image\":{\"@id\":\"https:\\\/\\\/mtdijzerwaren.nl\\\/de\\\/produkt\\\/stahlwelt-deutschland-werkzeugwagen-tts14\\\/#primaryimage\"},\"thumbnailUrl\":\"https:\\\/\\\/mtdijzerwaren.nl\\\/wp-content\\\/uploads\\\/2023\\\/10\\\/typescalecroppedwidth640height640.jpeg\",\"datePublished\":\"2023-10-06T12:21:01+00:00\",\"description\":\"Een Stahlwelt Deutschland Werkzeugwagen TTS14 bestellen? MTD Ijzerwaren helpt jou graag. Neem vandaag nog contact met ons op voor meer informatie over Stahlwelt Deutschland Werkzeugwagen TTS14\",\"breadcrumb\":{\"@id\":\"https:\\\/\\\/mtdijzerwaren.nl\\\/de\\\/produkt\\\/stahlwelt-deutschland-werkzeugwagen-tts14\\\/#breadcrumb\"},\"inLanguage\":\"de\",\"potentialAction\":[{\"@type\":\"ReadAction\",\"target\":[\"https:\\\/\\\/mtdijzerwaren.nl\\\/de\\\/produkt\\\/stahlwelt-deutschland-werkzeugwagen-tts14\\\/\"]}]},{\"@type\":\"ImageObject\",\"inLanguage\":\"de\",\"@id\":\"https:\\\/\\\/mtdijzerwaren.nl\\\/de\\\/produkt\\\/stahlwelt-deutschland-werkzeugwagen-tts14\\\/#primaryimage\",\"url\":\"https:\\\/\\\/mtdijzerwaren.nl\\\/wp-content\\\/uploads\\\/2023\\\/10\\\/typescalecroppedwidth640height640.jpeg\",\"contentUrl\":\"https:\\\/\\\/mtdijzerwaren.nl\\\/wp-content\\\/uploads\\\/2023\\\/10\\\/typescalecroppedwidth640height640.jpeg\",\"width\":640,\"height\":640},{\"@type\":\"BreadcrumbList\",\"@id\":\"https:\\\/\\\/mtdijzerwaren.nl\\\/de\\\/produkt\\\/stahlwelt-deutschland-werkzeugwagen-tts14\\\/#breadcrumb\",\"itemListElement\":[{\"@type\":\"ListItem\",\"position\":1,\"name\":\"Home\",\"item\":\"https:\\\/\\\/mtdijzerwaren.nl\\\/\"},{\"@type\":\"ListItem\",\"position\":2,\"name\":\"Shop\",\"item\":\"https:\\\/\\\/mtdijzerwaren.nl\\\/shop\\\/\"},{\"@type\":\"ListItem\",\"position\":3,\"name\":\"Stahlwelt Deutschland Werkzeugwagen TTS14\"}]},{\"@type\":\"WebSite\",\"@id\":\"https:\\\/\\\/mtdijzerwaren.nl\\\/#website\",\"url\":\"https:\\\/\\\/mtdijzerwaren.nl\\\/\",\"name\":\"MTD Ijzerwaren\",\"description\":\"\",\"potentialAction\":[{\"@type\":\"SearchAction\",\"target\":{\"@type\":\"EntryPoint\",\"urlTemplate\":\"https:\\\/\\\/mtdijzerwaren.nl\\\/?s={search_term_string}\"},\"query-input\":{\"@type\":\"PropertyValueSpecification\",\"valueRequired\":true,\"valueName\":\"search_term_string\"}}],\"inLanguage\":\"de\"}]}<\/script>\n<!-- \/ Yoast SEO plugin. -->","yoast_head_json":{"title":"Stahlwelt Deutschland Werkzeugwagen TTS14 - MTD Ijzerwaren","description":"Een Stahlwelt Deutschland Werkzeugwagen TTS14 bestellen? MTD Ijzerwaren helpt jou graag. Neem vandaag nog contact met ons op voor meer informatie over Stahlwelt Deutschland Werkzeugwagen TTS14","robots":{"index":"index","follow":"follow","max-snippet":"max-snippet:-1","max-image-preview":"max-image-preview:large","max-video-preview":"max-video-preview:-1"},"canonical":"https:\/\/mtdijzerwaren.nl\/de\/produkt\/stahlwelt-deutschland-werkzeugwagen-tts14\/","og_locale":"de_DE","og_type":"article","og_title":"Stahlwelt Deutschland Werkzeugwagen TTS14 - MTD Ijzerwaren","og_description":"Een Stahlwelt Deutschland Werkzeugwagen TTS14 bestellen? MTD Ijzerwaren helpt jou graag. Neem vandaag nog contact met ons op voor meer informatie over Stahlwelt Deutschland Werkzeugwagen TTS14","og_url":"https:\/\/mtdijzerwaren.nl\/de\/produkt\/stahlwelt-deutschland-werkzeugwagen-tts14\/","og_site_name":"MTD Ijzerwaren","og_image":[{"width":640,"height":640,"url":"https:\/\/mtdijzerwaren.nl\/wp-content\/uploads\/2023\/10\/typescalecroppedwidth640height640.jpeg","type":"image\/jpeg"}],"twitter_card":"summary_large_image","twitter_misc":{"Gesch\u00e4tzte Lesezeit":"1\u00a0Minute"},"schema":{"@context":"https:\/\/schema.org","@graph":[{"@type":["WebPage","ItemPage"],"@id":"https:\/\/mtdijzerwaren.nl\/de\/produkt\/stahlwelt-deutschland-werkzeugwagen-tts14\/","url":"https:\/\/mtdijzerwaren.nl\/de\/produkt\/stahlwelt-deutschland-werkzeugwagen-tts14\/","name":"Stahlwelt Deutschland Werkzeugwagen TTS14 - MTD Ijzerwaren","isPartOf":{"@id":"https:\/\/mtdijzerwaren.nl\/#website"},"primaryImageOfPage":{"@id":"https:\/\/mtdijzerwaren.nl\/de\/produkt\/stahlwelt-deutschland-werkzeugwagen-tts14\/#primaryimage"},"image":{"@id":"https:\/\/mtdijzerwaren.nl\/de\/produkt\/stahlwelt-deutschland-werkzeugwagen-tts14\/#primaryimage"},"thumbnailUrl":"https:\/\/mtdijzerwaren.nl\/wp-content\/uploads\/2023\/10\/typescalecroppedwidth640height640.jpeg","datePublished":"2023-10-06T12:21:01+00:00","description":"Een Stahlwelt Deutschland Werkzeugwagen TTS14 bestellen? MTD Ijzerwaren helpt jou graag. Neem vandaag nog contact met ons op voor meer informatie over Stahlwelt Deutschland Werkzeugwagen TTS14","breadcrumb":{"@id":"https:\/\/mtdijzerwaren.nl\/de\/produkt\/stahlwelt-deutschland-werkzeugwagen-tts14\/#breadcrumb"},"inLanguage":"de","potentialAction":[{"@type":"ReadAction","target":["https:\/\/mtdijzerwaren.nl\/de\/produkt\/stahlwelt-deutschland-werkzeugwagen-tts14\/"]}]},{"@type":"ImageObject","inLanguage":"de","@id":"https:\/\/mtdijzerwaren.nl\/de\/produkt\/stahlwelt-deutschland-werkzeugwagen-tts14\/#primaryimage","url":"https:\/\/mtdijzerwaren.nl\/wp-content\/uploads\/2023\/10\/typescalecroppedwidth640height640.jpeg","contentUrl":"https:\/\/mtdijzerwaren.nl\/wp-content\/uploads\/2023\/10\/typescalecroppedwidth640height640.jpeg","width":640,"height":640},{"@type":"BreadcrumbList","@id":"https:\/\/mtdijzerwaren.nl\/de\/produkt\/stahlwelt-deutschland-werkzeugwagen-tts14\/#breadcrumb","itemListElement":[{"@type":"ListItem","position":1,"name":"Home","item":"https:\/\/mtdijzerwaren.nl\/"},{"@type":"ListItem","position":2,"name":"Shop","item":"https:\/\/mtdijzerwaren.nl\/shop\/"},{"@type":"ListItem","position":3,"name":"Stahlwelt Deutschland Werkzeugwagen TTS14"}]},{"@type":"WebSite","@id":"https:\/\/mtdijzerwaren.nl\/#website","url":"https:\/\/mtdijzerwaren.nl\/","name":"MTD Ijzerwaren","description":"","potentialAction":[{"@type":"SearchAction","target":{"@type":"EntryPoint","urlTemplate":"https:\/\/mtdijzerwaren.nl\/?s={search_term_string}"},"query-input":{"@type":"PropertyValueSpecification","valueRequired":true,"valueName":"search_term_string"}}],"inLanguage":"de"}]}},"brands":[{"id":52,"name":"Stahlwelt","slug":"stahlwelt"}],"_links":{"self":[{"href":"https:\/\/mtdijzerwaren.nl\/de\/wp-json\/wp\/v2\/product\/1735","targetHints":{"allow":["GET"]}}],"collection":[{"href":"https:\/\/mtdijzerwaren.nl\/de\/wp-json\/wp\/v2\/product"}],"about":[{"href":"https:\/\/mtdijzerwaren.nl\/de\/wp-json\/wp\/v2\/types\/product"}],"replies":[{"embeddable":true,"href":"https:\/\/mtdijzerwaren.nl\/de\/wp-json\/wp\/v2\/comments?post=1735"}],"wp:featuredmedia":[{"embeddable":true,"href":"https:\/\/mtdijzerwaren.nl\/de\/wp-json\/wp\/v2\/media\/1524"}],"wp:attachment":[{"href":"https:\/\/mtdijzerwaren.nl\/de\/wp-json\/wp\/v2\/media?parent=1735"}],"wp:term":[{"taxonomy":"pwb-brand","embeddable":true,"href":"https:\/\/mtdijzerwaren.nl\/de\/wp-json\/wp\/v2\/pwb-brand?post=1735"},{"taxonomy":"product_brand","embeddable":true,"href":"https:\/\/mtdijzerwaren.nl\/de\/wp-json\/wp\/v2\/product_brand?post=1735"},{"taxonomy":"product_cat","embeddable":true,"href":"https:\/\/mtdijzerwaren.nl\/de\/wp-json\/wp\/v2\/product_cat?post=1735"},{"taxonomy":"product_tag","embeddable":true,"href":"https:\/\/mtdijzerwaren.nl\/de\/wp-json\/wp\/v2\/product_tag?post=1735"}],"curies":[{"name":"wp","href":"https:\/\/api.w.org\/{rel}","templated":true}]}}