{"id":1733,"date":"2023-09-06T09:35:43","date_gmt":"2023-09-06T07:35:43","guid":{"rendered":"https:\/\/mtdijzerwaren.nl\/product\/kremer-kr35s\/"},"modified":"2023-09-06T09:35:43","modified_gmt":"2023-09-06T07:35:43","slug":"kremer-kr35s","status":"publish","type":"product","link":"https:\/\/mtdijzerwaren.nl\/de\/produkt\/kremer-kr35s\/","title":{"rendered":"Kremer KR35S"},"content":{"rendered":"<p>Der Kremer kr35s mit seinen kraftvollen 2100 Watt Leistung und seinem gro\u00dfz\u00fcgigen 30-Liter-Tankvolumen ist eine beeindruckende Reinigungsmaschine mit vielseitigen Einsatzm\u00f6glichkeiten.<br \/>\nMit ihm k\u00f6nnen Sie eine Vielzahl von Aufgaben erledigen, darunter: &#8211; Staubsaugen: Wie ein gew\u00f6hnlicher Staubsauger kann der Kremer kr35s trockenen Schmutz, Staub, Kr\u00fcmel und andere Verunreinigungen von B\u00f6den, Teppichen, M\u00f6beln und anderen Oberfl\u00e4chen effektiv entfernen.<br \/>\n&#8211; Nasssaugen: Dank seiner F\u00e4higkeit, Fl\u00fcssigkeiten aufzusaugen, ist dieser Staubsauger praktisch, um versch\u00fcttetes Wasser, versch\u00fcttete Getr\u00e4nke, \u00dcberschwemmungen und andere nasse Oberfl\u00e4chen schnell zu beseitigen.<br \/>\n&#8211; Dampfreinigung: Was dieses Ger\u00e4t wirklich auszeichnet, ist seine F\u00e4higkeit, Dampf zu erzeugen.<br \/>\nDamit k\u00f6nnen Sie Oberfl\u00e4chen gr\u00fcndlich reinigen und desinfizieren, ohne chemische Reinigungsmittel verwenden zu m\u00fcssen.<br \/>\nDenken Sie an die Reinigung von K\u00fcchenger\u00e4ten, Badezimmerfliesen, Fenstern, B\u00f6den und mehr.<br \/>\n&#8211; Teppichreinigung: F\u00fcr eine gr\u00fcndliche Teppichreinigung kann der Kremer kr35s auch Schmutz und Flecken aus Teppichen entfernen.<br \/>\n&#8211; Autoinnenreinigung: Dieses vielseitige Ger\u00e4t eignet sich auch f\u00fcr die Reinigung des Autoinnenraums, einschlie\u00dflich Sitzen, Fu\u00dfmatten und Polstern.<br \/>\n&#8211; Schwer zug\u00e4ngliche Stellen: Mit einer Reihe von mitgelieferten Aufs\u00e4tzen und D\u00fcsen k\u00f6nnen Sie den Kremer kr35s verwenden, um selbst die schwierigsten Stellen wie Ecken, Ritzen, Fu\u00dfleisten und Decken gr\u00fcndlich zu reinigen.<br \/>\nZusammenfassend l\u00e4sst sich sagen, dass der Kremer kr35s ein leistungsstarkes und flexibles Reinigungsger\u00e4t ist, das f\u00fcr eine Vielzahl von Anwendungen geeignet ist und es Ihnen leicht macht, Ihr Haus oder Ihre R\u00e4ume sauber und frisch zu halten.         <\/p>\n","protected":false},"excerpt":{"rendered":"<p>Der Kremer kr35s mit seinen kraftvollen 2100 Watt Leistung und seinem gro\u00dfz\u00fcgigen 30-Liter-Tankvolumen ist eine beeindruckende Reinigungsmaschine mit vielseitigen Einsatzm\u00f6glichkeiten. Mit ihm k\u00f6nnen Sie eine Vielzahl von Aufgaben erledigen, darunter: &#8211; Staubsaugen: Wie ein gew\u00f6hnlicher Staubsauger kann der Kremer kr35s trockenen Schmutz, Staub, Kr\u00fcmel und andere Verunreinigungen von B\u00f6den, Teppichen, M\u00f6beln und anderen Oberfl\u00e4chen effektiv [&hellip;]<\/p>\n","protected":false},"featured_media":1525,"comment_status":"open","ping_status":"closed","template":"","meta":{"site-sidebar-layout":"default","site-content-layout":"","ast-site-content-layout":"default","site-content-style":"default","site-sidebar-style":"default","ast-global-header-display":"","ast-banner-title-visibility":"","ast-main-header-display":"","ast-hfb-above-header-display":"","ast-hfb-below-header-display":"","ast-hfb-mobile-header-display":"","site-post-title":"","ast-breadcrumbs-content":"","ast-featured-img":"","footer-sml-layout":"","ast-disable-related-posts":"","theme-transparent-header-meta":"default","adv-header-id-meta":"","stick-header-meta":"","header-above-stick-meta":"","header-main-stick-meta":"","header-below-stick-meta":"","astra-migrate-meta-layouts":"default","ast-page-background-enabled":"default","ast-page-background-meta":{"desktop":{"background-color":"var(--ast-global-color-4)","background-image":"","background-repeat":"repeat","background-position":"center center","background-size":"auto","background-attachment":"scroll","background-type":"","background-media":"","overlay-type":"","overlay-color":"","overlay-opacity":"","overlay-gradient":""},"tablet":{"background-color":"","background-image":"","background-repeat":"repeat","background-position":"center center","background-size":"auto","background-attachment":"scroll","background-type":"","background-media":"","overlay-type":"","overlay-color":"","overlay-opacity":"","overlay-gradient":""},"mobile":{"background-color":"","background-image":"","background-repeat":"repeat","background-position":"center center","background-size":"auto","background-attachment":"scroll","background-type":"","background-media":"","overlay-type":"","overlay-color":"","overlay-opacity":"","overlay-gradient":""}},"ast-content-background-meta":{"desktop":{"background-color":"var(--ast-global-color-5)","background-image":"","background-repeat":"repeat","background-position":"center center","background-size":"auto","background-attachment":"scroll","background-type":"","background-media":"","overlay-type":"","overlay-color":"","overlay-opacity":"","overlay-gradient":""},"tablet":{"background-color":"var(--ast-global-color-5)","background-image":"","background-repeat":"repeat","background-position":"center center","background-size":"auto","background-attachment":"scroll","background-type":"","background-media":"","overlay-type":"","overlay-color":"","overlay-opacity":"","overlay-gradient":""},"mobile":{"background-color":"var(--ast-global-color-5)","background-image":"","background-repeat":"repeat","background-position":"center center","background-size":"auto","background-attachment":"scroll","background-type":"","background-media":"","overlay-type":"","overlay-color":"","overlay-opacity":"","overlay-gradient":""}}},"pwb-brand":[46],"product_brand":[],"product_cat":[73],"product_tag":[],"class_list":{"0":"post-1733","1":"product","2":"type-product","3":"status-publish","4":"has-post-thumbnail","6":"pwb-brand-kremer","7":"product_cat-staubsauger","8":"desktop-align-left","9":"tablet-align-left","10":"mobile-align-left","12":"first","13":"instock","14":"taxable","15":"shipping-taxable","16":"purchasable","17":"product-type-simple"},"yoast_head":"<!-- This site is optimized with the Yoast SEO plugin v27.4 - https:\/\/yoast.com\/product\/yoast-seo-wordpress\/ -->\n<title>Kremer KR35S - MTD Ijzerwaren<\/title>\n<meta name=\"description\" content=\"Een Kremer KR35S bestellen? MTD Ijzerwaren helpt jou graag. Neem vandaag nog contact met ons op voor meer informatie over Kremer KR35S\" \/>\n<meta name=\"robots\" content=\"index, follow, max-snippet:-1, max-image-preview:large, max-video-preview:-1\" \/>\n<link rel=\"canonical\" href=\"https:\/\/mtdijzerwaren.nl\/de\/produkt\/kremer-kr35s\/\" \/>\n<meta property=\"og:locale\" content=\"de_DE\" \/>\n<meta property=\"og:type\" content=\"article\" \/>\n<meta property=\"og:title\" content=\"Kremer KR35S - MTD Ijzerwaren\" \/>\n<meta property=\"og:description\" content=\"Een Kremer KR35S bestellen? MTD Ijzerwaren helpt jou graag. Neem vandaag nog contact met ons op voor meer informatie over Kremer KR35S\" \/>\n<meta property=\"og:url\" content=\"https:\/\/mtdijzerwaren.nl\/de\/produkt\/kremer-kr35s\/\" \/>\n<meta property=\"og:site_name\" content=\"MTD Ijzerwaren\" \/>\n<meta property=\"og:image\" content=\"https:\/\/mtdijzerwaren.nl\/wp-content\/uploads\/2023\/09\/765x1200.jpg\" \/>\n\t<meta property=\"og:image:width\" content=\"765\" \/>\n\t<meta property=\"og:image:height\" content=\"1200\" \/>\n\t<meta property=\"og:image:type\" content=\"image\/jpeg\" \/>\n<meta name=\"twitter:card\" content=\"summary_large_image\" \/>\n<meta name=\"twitter:label1\" content=\"Gesch\u00e4tzte Lesezeit\" \/>\n\t<meta name=\"twitter:data1\" content=\"1\u00a0Minute\" \/>\n<script type=\"application\/ld+json\" class=\"yoast-schema-graph\">{\"@context\":\"https:\\\/\\\/schema.org\",\"@graph\":[{\"@type\":[\"WebPage\",\"ItemPage\"],\"@id\":\"https:\\\/\\\/mtdijzerwaren.nl\\\/de\\\/produkt\\\/kremer-kr35s\\\/\",\"url\":\"https:\\\/\\\/mtdijzerwaren.nl\\\/de\\\/produkt\\\/kremer-kr35s\\\/\",\"name\":\"Kremer KR35S - MTD Ijzerwaren\",\"isPartOf\":{\"@id\":\"https:\\\/\\\/mtdijzerwaren.nl\\\/#website\"},\"primaryImageOfPage\":{\"@id\":\"https:\\\/\\\/mtdijzerwaren.nl\\\/de\\\/produkt\\\/kremer-kr35s\\\/#primaryimage\"},\"image\":{\"@id\":\"https:\\\/\\\/mtdijzerwaren.nl\\\/de\\\/produkt\\\/kremer-kr35s\\\/#primaryimage\"},\"thumbnailUrl\":\"https:\\\/\\\/mtdijzerwaren.nl\\\/wp-content\\\/uploads\\\/2023\\\/09\\\/765x1200.jpg\",\"datePublished\":\"2023-09-06T07:35:43+00:00\",\"description\":\"Een Kremer KR35S bestellen? MTD Ijzerwaren helpt jou graag. Neem vandaag nog contact met ons op voor meer informatie over Kremer KR35S\",\"breadcrumb\":{\"@id\":\"https:\\\/\\\/mtdijzerwaren.nl\\\/de\\\/produkt\\\/kremer-kr35s\\\/#breadcrumb\"},\"inLanguage\":\"de\",\"potentialAction\":[{\"@type\":\"ReadAction\",\"target\":[\"https:\\\/\\\/mtdijzerwaren.nl\\\/de\\\/produkt\\\/kremer-kr35s\\\/\"]}]},{\"@type\":\"ImageObject\",\"inLanguage\":\"de\",\"@id\":\"https:\\\/\\\/mtdijzerwaren.nl\\\/de\\\/produkt\\\/kremer-kr35s\\\/#primaryimage\",\"url\":\"https:\\\/\\\/mtdijzerwaren.nl\\\/wp-content\\\/uploads\\\/2023\\\/09\\\/765x1200.jpg\",\"contentUrl\":\"https:\\\/\\\/mtdijzerwaren.nl\\\/wp-content\\\/uploads\\\/2023\\\/09\\\/765x1200.jpg\",\"width\":765,\"height\":1200},{\"@type\":\"BreadcrumbList\",\"@id\":\"https:\\\/\\\/mtdijzerwaren.nl\\\/de\\\/produkt\\\/kremer-kr35s\\\/#breadcrumb\",\"itemListElement\":[{\"@type\":\"ListItem\",\"position\":1,\"name\":\"Home\",\"item\":\"https:\\\/\\\/mtdijzerwaren.nl\\\/\"},{\"@type\":\"ListItem\",\"position\":2,\"name\":\"Shop\",\"item\":\"https:\\\/\\\/mtdijzerwaren.nl\\\/shop\\\/\"},{\"@type\":\"ListItem\",\"position\":3,\"name\":\"Kremer KR35S\"}]},{\"@type\":\"WebSite\",\"@id\":\"https:\\\/\\\/mtdijzerwaren.nl\\\/#website\",\"url\":\"https:\\\/\\\/mtdijzerwaren.nl\\\/\",\"name\":\"MTD Ijzerwaren\",\"description\":\"\",\"potentialAction\":[{\"@type\":\"SearchAction\",\"target\":{\"@type\":\"EntryPoint\",\"urlTemplate\":\"https:\\\/\\\/mtdijzerwaren.nl\\\/?s={search_term_string}\"},\"query-input\":{\"@type\":\"PropertyValueSpecification\",\"valueRequired\":true,\"valueName\":\"search_term_string\"}}],\"inLanguage\":\"de\"}]}<\/script>\n<!-- \/ Yoast SEO plugin. -->","yoast_head_json":{"title":"Kremer KR35S - MTD Ijzerwaren","description":"Een Kremer KR35S bestellen? MTD Ijzerwaren helpt jou graag. Neem vandaag nog contact met ons op voor meer informatie over Kremer KR35S","robots":{"index":"index","follow":"follow","max-snippet":"max-snippet:-1","max-image-preview":"max-image-preview:large","max-video-preview":"max-video-preview:-1"},"canonical":"https:\/\/mtdijzerwaren.nl\/de\/produkt\/kremer-kr35s\/","og_locale":"de_DE","og_type":"article","og_title":"Kremer KR35S - MTD Ijzerwaren","og_description":"Een Kremer KR35S bestellen? MTD Ijzerwaren helpt jou graag. Neem vandaag nog contact met ons op voor meer informatie over Kremer KR35S","og_url":"https:\/\/mtdijzerwaren.nl\/de\/produkt\/kremer-kr35s\/","og_site_name":"MTD Ijzerwaren","og_image":[{"width":765,"height":1200,"url":"https:\/\/mtdijzerwaren.nl\/wp-content\/uploads\/2023\/09\/765x1200.jpg","type":"image\/jpeg"}],"twitter_card":"summary_large_image","twitter_misc":{"Gesch\u00e4tzte Lesezeit":"1\u00a0Minute"},"schema":{"@context":"https:\/\/schema.org","@graph":[{"@type":["WebPage","ItemPage"],"@id":"https:\/\/mtdijzerwaren.nl\/de\/produkt\/kremer-kr35s\/","url":"https:\/\/mtdijzerwaren.nl\/de\/produkt\/kremer-kr35s\/","name":"Kremer KR35S - MTD Ijzerwaren","isPartOf":{"@id":"https:\/\/mtdijzerwaren.nl\/#website"},"primaryImageOfPage":{"@id":"https:\/\/mtdijzerwaren.nl\/de\/produkt\/kremer-kr35s\/#primaryimage"},"image":{"@id":"https:\/\/mtdijzerwaren.nl\/de\/produkt\/kremer-kr35s\/#primaryimage"},"thumbnailUrl":"https:\/\/mtdijzerwaren.nl\/wp-content\/uploads\/2023\/09\/765x1200.jpg","datePublished":"2023-09-06T07:35:43+00:00","description":"Een Kremer KR35S bestellen? MTD Ijzerwaren helpt jou graag. Neem vandaag nog contact met ons op voor meer informatie over Kremer KR35S","breadcrumb":{"@id":"https:\/\/mtdijzerwaren.nl\/de\/produkt\/kremer-kr35s\/#breadcrumb"},"inLanguage":"de","potentialAction":[{"@type":"ReadAction","target":["https:\/\/mtdijzerwaren.nl\/de\/produkt\/kremer-kr35s\/"]}]},{"@type":"ImageObject","inLanguage":"de","@id":"https:\/\/mtdijzerwaren.nl\/de\/produkt\/kremer-kr35s\/#primaryimage","url":"https:\/\/mtdijzerwaren.nl\/wp-content\/uploads\/2023\/09\/765x1200.jpg","contentUrl":"https:\/\/mtdijzerwaren.nl\/wp-content\/uploads\/2023\/09\/765x1200.jpg","width":765,"height":1200},{"@type":"BreadcrumbList","@id":"https:\/\/mtdijzerwaren.nl\/de\/produkt\/kremer-kr35s\/#breadcrumb","itemListElement":[{"@type":"ListItem","position":1,"name":"Home","item":"https:\/\/mtdijzerwaren.nl\/"},{"@type":"ListItem","position":2,"name":"Shop","item":"https:\/\/mtdijzerwaren.nl\/shop\/"},{"@type":"ListItem","position":3,"name":"Kremer KR35S"}]},{"@type":"WebSite","@id":"https:\/\/mtdijzerwaren.nl\/#website","url":"https:\/\/mtdijzerwaren.nl\/","name":"MTD Ijzerwaren","description":"","potentialAction":[{"@type":"SearchAction","target":{"@type":"EntryPoint","urlTemplate":"https:\/\/mtdijzerwaren.nl\/?s={search_term_string}"},"query-input":{"@type":"PropertyValueSpecification","valueRequired":true,"valueName":"search_term_string"}}],"inLanguage":"de"}]}},"brands":[{"id":46,"name":"Kremer","slug":"kremer"}],"_links":{"self":[{"href":"https:\/\/mtdijzerwaren.nl\/de\/wp-json\/wp\/v2\/product\/1733","targetHints":{"allow":["GET"]}}],"collection":[{"href":"https:\/\/mtdijzerwaren.nl\/de\/wp-json\/wp\/v2\/product"}],"about":[{"href":"https:\/\/mtdijzerwaren.nl\/de\/wp-json\/wp\/v2\/types\/product"}],"replies":[{"embeddable":true,"href":"https:\/\/mtdijzerwaren.nl\/de\/wp-json\/wp\/v2\/comments?post=1733"}],"wp:featuredmedia":[{"embeddable":true,"href":"https:\/\/mtdijzerwaren.nl\/de\/wp-json\/wp\/v2\/media\/1525"}],"wp:attachment":[{"href":"https:\/\/mtdijzerwaren.nl\/de\/wp-json\/wp\/v2\/media?parent=1733"}],"wp:term":[{"taxonomy":"pwb-brand","embeddable":true,"href":"https:\/\/mtdijzerwaren.nl\/de\/wp-json\/wp\/v2\/pwb-brand?post=1733"},{"taxonomy":"product_brand","embeddable":true,"href":"https:\/\/mtdijzerwaren.nl\/de\/wp-json\/wp\/v2\/product_brand?post=1733"},{"taxonomy":"product_cat","embeddable":true,"href":"https:\/\/mtdijzerwaren.nl\/de\/wp-json\/wp\/v2\/product_cat?post=1733"},{"taxonomy":"product_tag","embeddable":true,"href":"https:\/\/mtdijzerwaren.nl\/de\/wp-json\/wp\/v2\/product_tag?post=1733"}],"curies":[{"name":"wp","href":"https:\/\/api.w.org\/{rel}","templated":true}]}}