{"id":1720,"date":"2023-03-24T08:34:54","date_gmt":"2023-03-24T06:34:54","guid":{"rendered":"https:\/\/mtdijzerwaren.nl\/product\/werkzeugwagen-stahlgruppe-sg54\/"},"modified":"2023-03-24T08:34:54","modified_gmt":"2023-03-24T06:34:54","slug":"werkzeugwagen-stahlgruppe-sg54","status":"publish","type":"product","link":"https:\/\/mtdijzerwaren.nl\/de\/produkt\/werkzeugwagen-stahlgruppe-sg54\/","title":{"rendered":"Werkzeugwagen STAHLGRUPPE SG54"},"content":{"rendered":"<p><strong>Das neue Modell 2023 der Stahlgruppe.<br \/>\nDie Stahlgruppe SG54   <\/strong><\/p>\n<p><strong>Details und Eigenschaften<\/strong><\/p>\n<ul>\n<li>54-Zoll breiter Wagen<\/li>\n<li>Hochbelastbare Rollen, darunter 2 Lenkrollen mit intelligentem &#8222;Double Lock&#8220;-System<\/li>\n<li>Zentrale Schlie\u00dfanlage<\/li>\n<li>11 Schubladen, von denen 9 gef\u00fcllt sind<\/li>\n<li>Stickring und M\u00fctzen bis Gr\u00f6\u00dfe 50<\/li>\n<li>Kompletteste &#8222;Top of the Line&#8220; Werkzeugkiste der Stahlgruppe<\/li>\n<\/ul>\n<p>&nbsp;<\/p>\n","protected":false},"excerpt":{"rendered":"<p>Das neue Modell 2023 der Stahlgruppe. Die Stahlgruppe SG54 Details und Eigenschaften 54-Zoll breiter Wagen Hochbelastbare Rollen, darunter 2 Lenkrollen mit intelligentem &#8222;Double Lock&#8220;-System Zentrale Schlie\u00dfanlage 11 Schubladen, von denen 9 gef\u00fcllt sind Stickring und M\u00fctzen bis Gr\u00f6\u00dfe 50 Kompletteste &#8222;Top of the Line&#8220; Werkzeugkiste der Stahlgruppe &nbsp;<\/p>\n","protected":false},"featured_media":1494,"comment_status":"open","ping_status":"closed","template":"","meta":{"site-sidebar-layout":"default","site-content-layout":"default","ast-site-content-layout":"default","site-content-style":"default","site-sidebar-style":"default","ast-global-header-display":"","ast-banner-title-visibility":"","ast-main-header-display":"","ast-hfb-above-header-display":"","ast-hfb-below-header-display":"","ast-hfb-mobile-header-display":"","site-post-title":"","ast-breadcrumbs-content":"","ast-featured-img":"","footer-sml-layout":"","ast-disable-related-posts":"","theme-transparent-header-meta":"default","adv-header-id-meta":"","stick-header-meta":"","header-above-stick-meta":"","header-main-stick-meta":"","header-below-stick-meta":"","astra-migrate-meta-layouts":"default","ast-page-background-enabled":"default","ast-page-background-meta":{"desktop":{"background-color":"var(--ast-global-color-4)","background-image":"","background-repeat":"repeat","background-position":"center center","background-size":"auto","background-attachment":"scroll","background-type":"","background-media":"","overlay-type":"","overlay-color":"","overlay-opacity":"","overlay-gradient":""},"tablet":{"background-color":"","background-image":"","background-repeat":"repeat","background-position":"center center","background-size":"auto","background-attachment":"scroll","background-type":"","background-media":"","overlay-type":"","overlay-color":"","overlay-opacity":"","overlay-gradient":""},"mobile":{"background-color":"","background-image":"","background-repeat":"repeat","background-position":"center center","background-size":"auto","background-attachment":"scroll","background-type":"","background-media":"","overlay-type":"","overlay-color":"","overlay-opacity":"","overlay-gradient":""}},"ast-content-background-meta":{"desktop":{"background-color":"var(--ast-global-color-5)","background-image":"","background-repeat":"repeat","background-position":"center center","background-size":"auto","background-attachment":"scroll","background-type":"","background-media":"","overlay-type":"","overlay-color":"","overlay-opacity":"","overlay-gradient":""},"tablet":{"background-color":"var(--ast-global-color-5)","background-image":"","background-repeat":"repeat","background-position":"center center","background-size":"auto","background-attachment":"scroll","background-type":"","background-media":"","overlay-type":"","overlay-color":"","overlay-opacity":"","overlay-gradient":""},"mobile":{"background-color":"var(--ast-global-color-5)","background-image":"","background-repeat":"repeat","background-position":"center center","background-size":"auto","background-attachment":"scroll","background-type":"","background-media":"","overlay-type":"","overlay-color":"","overlay-opacity":"","overlay-gradient":""}}},"pwb-brand":[39],"product_brand":[],"product_cat":[65],"product_tag":[],"class_list":{"0":"post-1720","1":"product","2":"type-product","3":"status-publish","4":"has-post-thumbnail","6":"pwb-brand-stahlgruppe","7":"product_cat-werkzeugwagen","8":"desktop-align-left","9":"tablet-align-left","10":"mobile-align-left","12":"first","13":"instock","14":"taxable","15":"shipping-taxable","16":"purchasable","17":"product-type-simple"},"yoast_head":"<!-- This site is optimized with the Yoast SEO plugin v27.4 - https:\/\/yoast.com\/product\/yoast-seo-wordpress\/ -->\n<title>Werkzeugwagen STAHLGRUPPE SG54 - MTD Ijzerwaren<\/title>\n<meta name=\"description\" content=\"Een Werkzeugwagen STAHLGRUPPE SG54 bestellen? MTD Ijzerwaren helpt jou graag. Neem vandaag nog contact met ons op voor meer informatie over Werkzeugwagen STAHLGRUPPE SG54\" \/>\n<meta name=\"robots\" content=\"index, follow, max-snippet:-1, max-image-preview:large, max-video-preview:-1\" \/>\n<link rel=\"canonical\" href=\"https:\/\/mtdijzerwaren.nl\/de\/produkt\/werkzeugwagen-stahlgruppe-sg54\/\" \/>\n<meta property=\"og:locale\" content=\"de_DE\" \/>\n<meta property=\"og:type\" content=\"article\" \/>\n<meta property=\"og:title\" content=\"Werkzeugwagen STAHLGRUPPE SG54 - MTD Ijzerwaren\" \/>\n<meta property=\"og:description\" content=\"Een Werkzeugwagen STAHLGRUPPE SG54 bestellen? MTD Ijzerwaren helpt jou graag. Neem vandaag nog contact met ons op voor meer informatie over Werkzeugwagen STAHLGRUPPE SG54\" \/>\n<meta property=\"og:url\" content=\"https:\/\/mtdijzerwaren.nl\/de\/produkt\/werkzeugwagen-stahlgruppe-sg54\/\" \/>\n<meta property=\"og:site_name\" content=\"MTD Ijzerwaren\" \/>\n<meta property=\"og:image\" content=\"https:\/\/mtdijzerwaren.nl\/wp-content\/uploads\/2023\/03\/Scherm\u00adafbeelding-2023-03-24-om-09.32.40.png\" \/>\n\t<meta property=\"og:image:width\" content=\"1362\" \/>\n\t<meta property=\"og:image:height\" content=\"1154\" \/>\n\t<meta property=\"og:image:type\" content=\"image\/png\" \/>\n<meta name=\"twitter:card\" content=\"summary_large_image\" \/>\n<script type=\"application\/ld+json\" class=\"yoast-schema-graph\">{\"@context\":\"https:\\\/\\\/schema.org\",\"@graph\":[{\"@type\":[\"WebPage\",\"ItemPage\"],\"@id\":\"https:\\\/\\\/mtdijzerwaren.nl\\\/de\\\/produkt\\\/werkzeugwagen-stahlgruppe-sg54\\\/\",\"url\":\"https:\\\/\\\/mtdijzerwaren.nl\\\/de\\\/produkt\\\/werkzeugwagen-stahlgruppe-sg54\\\/\",\"name\":\"Werkzeugwagen STAHLGRUPPE SG54 - MTD Ijzerwaren\",\"isPartOf\":{\"@id\":\"https:\\\/\\\/mtdijzerwaren.nl\\\/#website\"},\"primaryImageOfPage\":{\"@id\":\"https:\\\/\\\/mtdijzerwaren.nl\\\/de\\\/produkt\\\/werkzeugwagen-stahlgruppe-sg54\\\/#primaryimage\"},\"image\":{\"@id\":\"https:\\\/\\\/mtdijzerwaren.nl\\\/de\\\/produkt\\\/werkzeugwagen-stahlgruppe-sg54\\\/#primaryimage\"},\"thumbnailUrl\":\"https:\\\/\\\/mtdijzerwaren.nl\\\/wp-content\\\/uploads\\\/2023\\\/03\\\/Scherm\u00adafbeelding-2023-03-24-om-09.32.40.png\",\"datePublished\":\"2023-03-24T06:34:54+00:00\",\"description\":\"Een Werkzeugwagen STAHLGRUPPE SG54 bestellen? MTD Ijzerwaren helpt jou graag. Neem vandaag nog contact met ons op voor meer informatie over Werkzeugwagen STAHLGRUPPE SG54\",\"breadcrumb\":{\"@id\":\"https:\\\/\\\/mtdijzerwaren.nl\\\/de\\\/produkt\\\/werkzeugwagen-stahlgruppe-sg54\\\/#breadcrumb\"},\"inLanguage\":\"de\",\"potentialAction\":[{\"@type\":\"ReadAction\",\"target\":[\"https:\\\/\\\/mtdijzerwaren.nl\\\/de\\\/produkt\\\/werkzeugwagen-stahlgruppe-sg54\\\/\"]}]},{\"@type\":\"ImageObject\",\"inLanguage\":\"de\",\"@id\":\"https:\\\/\\\/mtdijzerwaren.nl\\\/de\\\/produkt\\\/werkzeugwagen-stahlgruppe-sg54\\\/#primaryimage\",\"url\":\"https:\\\/\\\/mtdijzerwaren.nl\\\/wp-content\\\/uploads\\\/2023\\\/03\\\/Scherm\u00adafbeelding-2023-03-24-om-09.32.40.png\",\"contentUrl\":\"https:\\\/\\\/mtdijzerwaren.nl\\\/wp-content\\\/uploads\\\/2023\\\/03\\\/Scherm\u00adafbeelding-2023-03-24-om-09.32.40.png\",\"width\":1362,\"height\":1154},{\"@type\":\"BreadcrumbList\",\"@id\":\"https:\\\/\\\/mtdijzerwaren.nl\\\/de\\\/produkt\\\/werkzeugwagen-stahlgruppe-sg54\\\/#breadcrumb\",\"itemListElement\":[{\"@type\":\"ListItem\",\"position\":1,\"name\":\"Home\",\"item\":\"https:\\\/\\\/mtdijzerwaren.nl\\\/\"},{\"@type\":\"ListItem\",\"position\":2,\"name\":\"Shop\",\"item\":\"https:\\\/\\\/mtdijzerwaren.nl\\\/shop\\\/\"},{\"@type\":\"ListItem\",\"position\":3,\"name\":\"Werkzeugwagen STAHLGRUPPE SG54\"}]},{\"@type\":\"WebSite\",\"@id\":\"https:\\\/\\\/mtdijzerwaren.nl\\\/#website\",\"url\":\"https:\\\/\\\/mtdijzerwaren.nl\\\/\",\"name\":\"MTD Ijzerwaren\",\"description\":\"\",\"potentialAction\":[{\"@type\":\"SearchAction\",\"target\":{\"@type\":\"EntryPoint\",\"urlTemplate\":\"https:\\\/\\\/mtdijzerwaren.nl\\\/?s={search_term_string}\"},\"query-input\":{\"@type\":\"PropertyValueSpecification\",\"valueRequired\":true,\"valueName\":\"search_term_string\"}}],\"inLanguage\":\"de\"}]}<\/script>\n<!-- \/ Yoast SEO plugin. -->","yoast_head_json":{"title":"Werkzeugwagen STAHLGRUPPE SG54 - MTD Ijzerwaren","description":"Een Werkzeugwagen STAHLGRUPPE SG54 bestellen? MTD Ijzerwaren helpt jou graag. Neem vandaag nog contact met ons op voor meer informatie over Werkzeugwagen STAHLGRUPPE SG54","robots":{"index":"index","follow":"follow","max-snippet":"max-snippet:-1","max-image-preview":"max-image-preview:large","max-video-preview":"max-video-preview:-1"},"canonical":"https:\/\/mtdijzerwaren.nl\/de\/produkt\/werkzeugwagen-stahlgruppe-sg54\/","og_locale":"de_DE","og_type":"article","og_title":"Werkzeugwagen STAHLGRUPPE SG54 - MTD Ijzerwaren","og_description":"Een Werkzeugwagen STAHLGRUPPE SG54 bestellen? MTD Ijzerwaren helpt jou graag. Neem vandaag nog contact met ons op voor meer informatie over Werkzeugwagen STAHLGRUPPE SG54","og_url":"https:\/\/mtdijzerwaren.nl\/de\/produkt\/werkzeugwagen-stahlgruppe-sg54\/","og_site_name":"MTD Ijzerwaren","og_image":[{"width":1362,"height":1154,"url":"https:\/\/mtdijzerwaren.nl\/wp-content\/uploads\/2023\/03\/Scherm\u00adafbeelding-2023-03-24-om-09.32.40.png","type":"image\/png"}],"twitter_card":"summary_large_image","schema":{"@context":"https:\/\/schema.org","@graph":[{"@type":["WebPage","ItemPage"],"@id":"https:\/\/mtdijzerwaren.nl\/de\/produkt\/werkzeugwagen-stahlgruppe-sg54\/","url":"https:\/\/mtdijzerwaren.nl\/de\/produkt\/werkzeugwagen-stahlgruppe-sg54\/","name":"Werkzeugwagen STAHLGRUPPE SG54 - MTD Ijzerwaren","isPartOf":{"@id":"https:\/\/mtdijzerwaren.nl\/#website"},"primaryImageOfPage":{"@id":"https:\/\/mtdijzerwaren.nl\/de\/produkt\/werkzeugwagen-stahlgruppe-sg54\/#primaryimage"},"image":{"@id":"https:\/\/mtdijzerwaren.nl\/de\/produkt\/werkzeugwagen-stahlgruppe-sg54\/#primaryimage"},"thumbnailUrl":"https:\/\/mtdijzerwaren.nl\/wp-content\/uploads\/2023\/03\/Scherm\u00adafbeelding-2023-03-24-om-09.32.40.png","datePublished":"2023-03-24T06:34:54+00:00","description":"Een Werkzeugwagen STAHLGRUPPE SG54 bestellen? MTD Ijzerwaren helpt jou graag. Neem vandaag nog contact met ons op voor meer informatie over Werkzeugwagen STAHLGRUPPE SG54","breadcrumb":{"@id":"https:\/\/mtdijzerwaren.nl\/de\/produkt\/werkzeugwagen-stahlgruppe-sg54\/#breadcrumb"},"inLanguage":"de","potentialAction":[{"@type":"ReadAction","target":["https:\/\/mtdijzerwaren.nl\/de\/produkt\/werkzeugwagen-stahlgruppe-sg54\/"]}]},{"@type":"ImageObject","inLanguage":"de","@id":"https:\/\/mtdijzerwaren.nl\/de\/produkt\/werkzeugwagen-stahlgruppe-sg54\/#primaryimage","url":"https:\/\/mtdijzerwaren.nl\/wp-content\/uploads\/2023\/03\/Scherm\u00adafbeelding-2023-03-24-om-09.32.40.png","contentUrl":"https:\/\/mtdijzerwaren.nl\/wp-content\/uploads\/2023\/03\/Scherm\u00adafbeelding-2023-03-24-om-09.32.40.png","width":1362,"height":1154},{"@type":"BreadcrumbList","@id":"https:\/\/mtdijzerwaren.nl\/de\/produkt\/werkzeugwagen-stahlgruppe-sg54\/#breadcrumb","itemListElement":[{"@type":"ListItem","position":1,"name":"Home","item":"https:\/\/mtdijzerwaren.nl\/"},{"@type":"ListItem","position":2,"name":"Shop","item":"https:\/\/mtdijzerwaren.nl\/shop\/"},{"@type":"ListItem","position":3,"name":"Werkzeugwagen STAHLGRUPPE SG54"}]},{"@type":"WebSite","@id":"https:\/\/mtdijzerwaren.nl\/#website","url":"https:\/\/mtdijzerwaren.nl\/","name":"MTD Ijzerwaren","description":"","potentialAction":[{"@type":"SearchAction","target":{"@type":"EntryPoint","urlTemplate":"https:\/\/mtdijzerwaren.nl\/?s={search_term_string}"},"query-input":{"@type":"PropertyValueSpecification","valueRequired":true,"valueName":"search_term_string"}}],"inLanguage":"de"}]}},"brands":[{"id":39,"name":"STAHLGRUPPE","slug":"stahlgruppe"}],"_links":{"self":[{"href":"https:\/\/mtdijzerwaren.nl\/de\/wp-json\/wp\/v2\/product\/1720","targetHints":{"allow":["GET"]}}],"collection":[{"href":"https:\/\/mtdijzerwaren.nl\/de\/wp-json\/wp\/v2\/product"}],"about":[{"href":"https:\/\/mtdijzerwaren.nl\/de\/wp-json\/wp\/v2\/types\/product"}],"replies":[{"embeddable":true,"href":"https:\/\/mtdijzerwaren.nl\/de\/wp-json\/wp\/v2\/comments?post=1720"}],"wp:featuredmedia":[{"embeddable":true,"href":"https:\/\/mtdijzerwaren.nl\/de\/wp-json\/wp\/v2\/media\/1494"}],"wp:attachment":[{"href":"https:\/\/mtdijzerwaren.nl\/de\/wp-json\/wp\/v2\/media?parent=1720"}],"wp:term":[{"taxonomy":"pwb-brand","embeddable":true,"href":"https:\/\/mtdijzerwaren.nl\/de\/wp-json\/wp\/v2\/pwb-brand?post=1720"},{"taxonomy":"product_brand","embeddable":true,"href":"https:\/\/mtdijzerwaren.nl\/de\/wp-json\/wp\/v2\/product_brand?post=1720"},{"taxonomy":"product_cat","embeddable":true,"href":"https:\/\/mtdijzerwaren.nl\/de\/wp-json\/wp\/v2\/product_cat?post=1720"},{"taxonomy":"product_tag","embeddable":true,"href":"https:\/\/mtdijzerwaren.nl\/de\/wp-json\/wp\/v2\/product_tag?post=1720"}],"curies":[{"name":"wp","href":"https:\/\/api.w.org\/{rel}","templated":true}]}}