{"id":1719,"date":"2023-08-16T07:48:00","date_gmt":"2023-08-16T05:48:00","guid":{"rendered":"https:\/\/mtdijzerwaren.nl\/product\/stahlgruppe-sg23-werkzeugwagen\/"},"modified":"2023-08-16T07:48:00","modified_gmt":"2023-08-16T05:48:00","slug":"stahlgruppe-sg23-werkzeugwagen","status":"publish","type":"product","link":"https:\/\/mtdijzerwaren.nl\/de\/produkt\/stahlgruppe-sg23-werkzeugwagen\/","title":{"rendered":"STAHLGRUPPE SG23 Werkzeugwagen"},"content":{"rendered":"<p>Das neue Modell 2023 Jumbo von Stahlgruppe.<br \/>\nDer Stahlgruppe SG23 Die ganze Professionalit\u00e4t und Qualit\u00e4t, die Sie gewohnt sind.<br \/>\nDer Stahlgruppe SG23 Werkzeugwagen ist die Luxuslinie f\u00fcr Profis.<br \/>\nDieser Wagen hat 13 robuste Schubladen, von denen 10 gef\u00fcllt sind.<br \/>\nDer 448-teilige Inhalt umfasst alle Werkzeuge, die Sie ben\u00f6tigen.<br \/>\nMa\u00dfe 110cm x 62cm x 112cm Details und Eigenschaften Arbeitsplatte aus Holz 15mm stark Stabiler Griff Voll ausziehbare Schubladen mit kugelgelagerten Schienen Kratzfest dank umweltfreundlicher Pulverbeschichtung 4 Schwerlastrollen, davon 2 Lenkrollen mit Bremse Linke und rechte Schublade separat abschlie\u00dfbar mit gleichschlie\u00dfenden Schl\u00f6ssern Rundum montierte Sto\u00dfecken im markanten schwarz\/gr\u00fcn\/wei\u00dfen Stahlgruppe-Farbschema     <\/p>\n","protected":false},"excerpt":{"rendered":"<p>Das neue Modell 2023 Jumbo von Stahlgruppe. Der Stahlgruppe SG23 Die ganze Professionalit\u00e4t und Qualit\u00e4t, die Sie gewohnt sind. Der Stahlgruppe SG23 Werkzeugwagen ist die Luxuslinie f\u00fcr Profis. Dieser Wagen hat 13 robuste Schubladen, von denen 10 gef\u00fcllt sind. Der 448-teilige Inhalt umfasst alle Werkzeuge, die Sie ben\u00f6tigen. Ma\u00dfe 110cm x 62cm x 112cm Details [&hellip;]<\/p>\n","protected":false},"featured_media":1511,"comment_status":"open","ping_status":"closed","template":"","meta":{"site-sidebar-layout":"default","site-content-layout":"default","ast-site-content-layout":"default","site-content-style":"default","site-sidebar-style":"default","ast-global-header-display":"","ast-banner-title-visibility":"","ast-main-header-display":"","ast-hfb-above-header-display":"","ast-hfb-below-header-display":"","ast-hfb-mobile-header-display":"","site-post-title":"","ast-breadcrumbs-content":"","ast-featured-img":"","footer-sml-layout":"","ast-disable-related-posts":"","theme-transparent-header-meta":"default","adv-header-id-meta":"","stick-header-meta":"","header-above-stick-meta":"","header-main-stick-meta":"","header-below-stick-meta":"","astra-migrate-meta-layouts":"default","ast-page-background-enabled":"default","ast-page-background-meta":{"desktop":{"background-color":"var(--ast-global-color-4)","background-image":"","background-repeat":"repeat","background-position":"center center","background-size":"auto","background-attachment":"scroll","background-type":"","background-media":"","overlay-type":"","overlay-color":"","overlay-opacity":"","overlay-gradient":""},"tablet":{"background-color":"","background-image":"","background-repeat":"repeat","background-position":"center center","background-size":"auto","background-attachment":"scroll","background-type":"","background-media":"","overlay-type":"","overlay-color":"","overlay-opacity":"","overlay-gradient":""},"mobile":{"background-color":"","background-image":"","background-repeat":"repeat","background-position":"center center","background-size":"auto","background-attachment":"scroll","background-type":"","background-media":"","overlay-type":"","overlay-color":"","overlay-opacity":"","overlay-gradient":""}},"ast-content-background-meta":{"desktop":{"background-color":"var(--ast-global-color-5)","background-image":"","background-repeat":"repeat","background-position":"center center","background-size":"auto","background-attachment":"scroll","background-type":"","background-media":"","overlay-type":"","overlay-color":"","overlay-opacity":"","overlay-gradient":""},"tablet":{"background-color":"var(--ast-global-color-5)","background-image":"","background-repeat":"repeat","background-position":"center center","background-size":"auto","background-attachment":"scroll","background-type":"","background-media":"","overlay-type":"","overlay-color":"","overlay-opacity":"","overlay-gradient":""},"mobile":{"background-color":"var(--ast-global-color-5)","background-image":"","background-repeat":"repeat","background-position":"center center","background-size":"auto","background-attachment":"scroll","background-type":"","background-media":"","overlay-type":"","overlay-color":"","overlay-opacity":"","overlay-gradient":""}}},"pwb-brand":[39],"product_brand":[],"product_cat":[65],"product_tag":[],"class_list":{"0":"post-1719","1":"product","2":"type-product","3":"status-publish","4":"has-post-thumbnail","6":"pwb-brand-stahlgruppe","7":"product_cat-werkzeugwagen","8":"desktop-align-left","9":"tablet-align-left","10":"mobile-align-left","12":"first","13":"instock","14":"taxable","15":"shipping-taxable","16":"purchasable","17":"product-type-simple"},"yoast_head":"<!-- This site is optimized with the Yoast SEO plugin v27.4 - https:\/\/yoast.com\/product\/yoast-seo-wordpress\/ -->\n<title>STAHLGRUPPE SG23 Werkzeugwagen - MTD Ijzerwaren<\/title>\n<meta name=\"description\" content=\"Een STAHLGRUPPE SG23 Werkzeugwagen bestellen? MTD Ijzerwaren helpt jou graag. Neem vandaag nog contact met ons op voor meer informatie over STAHLGRUPPE SG23 Werkzeugwagen\" \/>\n<meta name=\"robots\" content=\"index, follow, max-snippet:-1, max-image-preview:large, max-video-preview:-1\" \/>\n<link rel=\"canonical\" href=\"https:\/\/mtdijzerwaren.nl\/de\/produkt\/stahlgruppe-sg23-werkzeugwagen\/\" \/>\n<meta property=\"og:locale\" content=\"de_DE\" \/>\n<meta property=\"og:type\" content=\"article\" \/>\n<meta property=\"og:title\" content=\"STAHLGRUPPE SG23 Werkzeugwagen - MTD Ijzerwaren\" \/>\n<meta property=\"og:description\" content=\"Een STAHLGRUPPE SG23 Werkzeugwagen bestellen? MTD Ijzerwaren helpt jou graag. Neem vandaag nog contact met ons op voor meer informatie over STAHLGRUPPE SG23 Werkzeugwagen\" \/>\n<meta property=\"og:url\" content=\"https:\/\/mtdijzerwaren.nl\/de\/produkt\/stahlgruppe-sg23-werkzeugwagen\/\" \/>\n<meta property=\"og:site_name\" content=\"MTD Ijzerwaren\" \/>\n<meta property=\"og:image\" content=\"https:\/\/mtdijzerwaren.nl\/wp-content\/uploads\/2023\/08\/image.jpg\" \/>\n\t<meta property=\"og:image:width\" content=\"441\" \/>\n\t<meta property=\"og:image:height\" content=\"441\" \/>\n\t<meta property=\"og:image:type\" content=\"image\/jpeg\" \/>\n<meta name=\"twitter:card\" content=\"summary_large_image\" \/>\n<meta name=\"twitter:label1\" content=\"Gesch\u00e4tzte Lesezeit\" \/>\n\t<meta name=\"twitter:data1\" content=\"1\u00a0Minute\" \/>\n<script type=\"application\/ld+json\" class=\"yoast-schema-graph\">{\"@context\":\"https:\\\/\\\/schema.org\",\"@graph\":[{\"@type\":[\"WebPage\",\"ItemPage\"],\"@id\":\"https:\\\/\\\/mtdijzerwaren.nl\\\/de\\\/produkt\\\/stahlgruppe-sg23-werkzeugwagen\\\/\",\"url\":\"https:\\\/\\\/mtdijzerwaren.nl\\\/de\\\/produkt\\\/stahlgruppe-sg23-werkzeugwagen\\\/\",\"name\":\"STAHLGRUPPE SG23 Werkzeugwagen - MTD Ijzerwaren\",\"isPartOf\":{\"@id\":\"https:\\\/\\\/mtdijzerwaren.nl\\\/#website\"},\"primaryImageOfPage\":{\"@id\":\"https:\\\/\\\/mtdijzerwaren.nl\\\/de\\\/produkt\\\/stahlgruppe-sg23-werkzeugwagen\\\/#primaryimage\"},\"image\":{\"@id\":\"https:\\\/\\\/mtdijzerwaren.nl\\\/de\\\/produkt\\\/stahlgruppe-sg23-werkzeugwagen\\\/#primaryimage\"},\"thumbnailUrl\":\"https:\\\/\\\/mtdijzerwaren.nl\\\/wp-content\\\/uploads\\\/2023\\\/08\\\/image.jpg\",\"datePublished\":\"2023-08-16T05:48:00+00:00\",\"description\":\"Een STAHLGRUPPE SG23 Werkzeugwagen bestellen? MTD Ijzerwaren helpt jou graag. Neem vandaag nog contact met ons op voor meer informatie over STAHLGRUPPE SG23 Werkzeugwagen\",\"breadcrumb\":{\"@id\":\"https:\\\/\\\/mtdijzerwaren.nl\\\/de\\\/produkt\\\/stahlgruppe-sg23-werkzeugwagen\\\/#breadcrumb\"},\"inLanguage\":\"de\",\"potentialAction\":[{\"@type\":\"ReadAction\",\"target\":[\"https:\\\/\\\/mtdijzerwaren.nl\\\/de\\\/produkt\\\/stahlgruppe-sg23-werkzeugwagen\\\/\"]}]},{\"@type\":\"ImageObject\",\"inLanguage\":\"de\",\"@id\":\"https:\\\/\\\/mtdijzerwaren.nl\\\/de\\\/produkt\\\/stahlgruppe-sg23-werkzeugwagen\\\/#primaryimage\",\"url\":\"https:\\\/\\\/mtdijzerwaren.nl\\\/wp-content\\\/uploads\\\/2023\\\/08\\\/image.jpg\",\"contentUrl\":\"https:\\\/\\\/mtdijzerwaren.nl\\\/wp-content\\\/uploads\\\/2023\\\/08\\\/image.jpg\",\"width\":441,\"height\":441},{\"@type\":\"BreadcrumbList\",\"@id\":\"https:\\\/\\\/mtdijzerwaren.nl\\\/de\\\/produkt\\\/stahlgruppe-sg23-werkzeugwagen\\\/#breadcrumb\",\"itemListElement\":[{\"@type\":\"ListItem\",\"position\":1,\"name\":\"Home\",\"item\":\"https:\\\/\\\/mtdijzerwaren.nl\\\/\"},{\"@type\":\"ListItem\",\"position\":2,\"name\":\"Shop\",\"item\":\"https:\\\/\\\/mtdijzerwaren.nl\\\/shop\\\/\"},{\"@type\":\"ListItem\",\"position\":3,\"name\":\"STAHLGRUPPE SG23 Werkzeugwagen\"}]},{\"@type\":\"WebSite\",\"@id\":\"https:\\\/\\\/mtdijzerwaren.nl\\\/#website\",\"url\":\"https:\\\/\\\/mtdijzerwaren.nl\\\/\",\"name\":\"MTD Ijzerwaren\",\"description\":\"\",\"potentialAction\":[{\"@type\":\"SearchAction\",\"target\":{\"@type\":\"EntryPoint\",\"urlTemplate\":\"https:\\\/\\\/mtdijzerwaren.nl\\\/?s={search_term_string}\"},\"query-input\":{\"@type\":\"PropertyValueSpecification\",\"valueRequired\":true,\"valueName\":\"search_term_string\"}}],\"inLanguage\":\"de\"}]}<\/script>\n<!-- \/ Yoast SEO plugin. -->","yoast_head_json":{"title":"STAHLGRUPPE SG23 Werkzeugwagen - MTD Ijzerwaren","description":"Een STAHLGRUPPE SG23 Werkzeugwagen bestellen? MTD Ijzerwaren helpt jou graag. Neem vandaag nog contact met ons op voor meer informatie over STAHLGRUPPE SG23 Werkzeugwagen","robots":{"index":"index","follow":"follow","max-snippet":"max-snippet:-1","max-image-preview":"max-image-preview:large","max-video-preview":"max-video-preview:-1"},"canonical":"https:\/\/mtdijzerwaren.nl\/de\/produkt\/stahlgruppe-sg23-werkzeugwagen\/","og_locale":"de_DE","og_type":"article","og_title":"STAHLGRUPPE SG23 Werkzeugwagen - MTD Ijzerwaren","og_description":"Een STAHLGRUPPE SG23 Werkzeugwagen bestellen? MTD Ijzerwaren helpt jou graag. Neem vandaag nog contact met ons op voor meer informatie over STAHLGRUPPE SG23 Werkzeugwagen","og_url":"https:\/\/mtdijzerwaren.nl\/de\/produkt\/stahlgruppe-sg23-werkzeugwagen\/","og_site_name":"MTD Ijzerwaren","og_image":[{"width":441,"height":441,"url":"https:\/\/mtdijzerwaren.nl\/wp-content\/uploads\/2023\/08\/image.jpg","type":"image\/jpeg"}],"twitter_card":"summary_large_image","twitter_misc":{"Gesch\u00e4tzte Lesezeit":"1\u00a0Minute"},"schema":{"@context":"https:\/\/schema.org","@graph":[{"@type":["WebPage","ItemPage"],"@id":"https:\/\/mtdijzerwaren.nl\/de\/produkt\/stahlgruppe-sg23-werkzeugwagen\/","url":"https:\/\/mtdijzerwaren.nl\/de\/produkt\/stahlgruppe-sg23-werkzeugwagen\/","name":"STAHLGRUPPE SG23 Werkzeugwagen - MTD Ijzerwaren","isPartOf":{"@id":"https:\/\/mtdijzerwaren.nl\/#website"},"primaryImageOfPage":{"@id":"https:\/\/mtdijzerwaren.nl\/de\/produkt\/stahlgruppe-sg23-werkzeugwagen\/#primaryimage"},"image":{"@id":"https:\/\/mtdijzerwaren.nl\/de\/produkt\/stahlgruppe-sg23-werkzeugwagen\/#primaryimage"},"thumbnailUrl":"https:\/\/mtdijzerwaren.nl\/wp-content\/uploads\/2023\/08\/image.jpg","datePublished":"2023-08-16T05:48:00+00:00","description":"Een STAHLGRUPPE SG23 Werkzeugwagen bestellen? MTD Ijzerwaren helpt jou graag. Neem vandaag nog contact met ons op voor meer informatie over STAHLGRUPPE SG23 Werkzeugwagen","breadcrumb":{"@id":"https:\/\/mtdijzerwaren.nl\/de\/produkt\/stahlgruppe-sg23-werkzeugwagen\/#breadcrumb"},"inLanguage":"de","potentialAction":[{"@type":"ReadAction","target":["https:\/\/mtdijzerwaren.nl\/de\/produkt\/stahlgruppe-sg23-werkzeugwagen\/"]}]},{"@type":"ImageObject","inLanguage":"de","@id":"https:\/\/mtdijzerwaren.nl\/de\/produkt\/stahlgruppe-sg23-werkzeugwagen\/#primaryimage","url":"https:\/\/mtdijzerwaren.nl\/wp-content\/uploads\/2023\/08\/image.jpg","contentUrl":"https:\/\/mtdijzerwaren.nl\/wp-content\/uploads\/2023\/08\/image.jpg","width":441,"height":441},{"@type":"BreadcrumbList","@id":"https:\/\/mtdijzerwaren.nl\/de\/produkt\/stahlgruppe-sg23-werkzeugwagen\/#breadcrumb","itemListElement":[{"@type":"ListItem","position":1,"name":"Home","item":"https:\/\/mtdijzerwaren.nl\/"},{"@type":"ListItem","position":2,"name":"Shop","item":"https:\/\/mtdijzerwaren.nl\/shop\/"},{"@type":"ListItem","position":3,"name":"STAHLGRUPPE SG23 Werkzeugwagen"}]},{"@type":"WebSite","@id":"https:\/\/mtdijzerwaren.nl\/#website","url":"https:\/\/mtdijzerwaren.nl\/","name":"MTD Ijzerwaren","description":"","potentialAction":[{"@type":"SearchAction","target":{"@type":"EntryPoint","urlTemplate":"https:\/\/mtdijzerwaren.nl\/?s={search_term_string}"},"query-input":{"@type":"PropertyValueSpecification","valueRequired":true,"valueName":"search_term_string"}}],"inLanguage":"de"}]}},"brands":[{"id":39,"name":"STAHLGRUPPE","slug":"stahlgruppe"}],"_links":{"self":[{"href":"https:\/\/mtdijzerwaren.nl\/de\/wp-json\/wp\/v2\/product\/1719","targetHints":{"allow":["GET"]}}],"collection":[{"href":"https:\/\/mtdijzerwaren.nl\/de\/wp-json\/wp\/v2\/product"}],"about":[{"href":"https:\/\/mtdijzerwaren.nl\/de\/wp-json\/wp\/v2\/types\/product"}],"replies":[{"embeddable":true,"href":"https:\/\/mtdijzerwaren.nl\/de\/wp-json\/wp\/v2\/comments?post=1719"}],"wp:featuredmedia":[{"embeddable":true,"href":"https:\/\/mtdijzerwaren.nl\/de\/wp-json\/wp\/v2\/media\/1511"}],"wp:attachment":[{"href":"https:\/\/mtdijzerwaren.nl\/de\/wp-json\/wp\/v2\/media?parent=1719"}],"wp:term":[{"taxonomy":"pwb-brand","embeddable":true,"href":"https:\/\/mtdijzerwaren.nl\/de\/wp-json\/wp\/v2\/pwb-brand?post=1719"},{"taxonomy":"product_brand","embeddable":true,"href":"https:\/\/mtdijzerwaren.nl\/de\/wp-json\/wp\/v2\/product_brand?post=1719"},{"taxonomy":"product_cat","embeddable":true,"href":"https:\/\/mtdijzerwaren.nl\/de\/wp-json\/wp\/v2\/product_cat?post=1719"},{"taxonomy":"product_tag","embeddable":true,"href":"https:\/\/mtdijzerwaren.nl\/de\/wp-json\/wp\/v2\/product_tag?post=1719"}],"curies":[{"name":"wp","href":"https:\/\/api.w.org\/{rel}","templated":true}]}}