{"id":1714,"date":"2022-12-28T14:50:17","date_gmt":"2022-12-28T12:50:17","guid":{"rendered":"https:\/\/mtdijzerwaren.nl\/product\/dewalt-dck755p3t-7-teiliges-akku-kombiset-18v-5-0ah-li-ion\/"},"modified":"2022-12-28T14:50:17","modified_gmt":"2022-12-28T12:50:17","slug":"dewalt-dck755p3t-7-teiliges-akku-kombiset-18v-5-0ah-li-ion","status":"publish","type":"product","link":"https:\/\/mtdijzerwaren.nl\/de\/produkt\/dewalt-dck755p3t-7-teiliges-akku-kombiset-18v-5-0ah-li-ion\/","title":{"rendered":"DeWALT DCK755P3T 7-teiliges Akku-Kombiset 18V 5.0Ah Li-ion"},"content":{"rendered":"<p>1 St\u00fcck DeWALT DCD796 Akku-Bohrhammer\/Bohrmaschine\/1 Pack DeWALT DCF887 Akku-Schlagschrauber 1 Pack DeWALT DCS356 Akku-Multitool 1 Pack DeWALT DCH273 Akku-Kombihammer 1 Pack DeWALT DCG405 Akku-Winkelschleifer 1 Pack DeWALT DCS570 Akku-Kreiss\u00e4ge 1 Pack DeWALT DCS334 Akku-Stichs\u00e4ge 3 Pack DeWALT DCB184 Akku 18V 5,0Ah 1 Stck. DeWALT DCB115 Multi-Ladeger\u00e4t 10.8V XR 1 Stck. DeWALT TSTAK II Koffer 1 Stck. DeWALT TSTAK VI Koffer 1 Stck. DeWALT TSTAK Trolley Koffer<\/p>\n","protected":false},"excerpt":{"rendered":"<p>1 St\u00fcck DeWALT DCD796 Akku-Bohrhammer\/Bohrmaschine\/1 Pack DeWALT DCF887 Akku-Schlagschrauber 1 Pack DeWALT DCS356 Akku-Multitool 1 Pack DeWALT DCH273 Akku-Kombihammer 1 Pack DeWALT DCG405 Akku-Winkelschleifer 1 Pack DeWALT DCS570 Akku-Kreiss\u00e4ge 1 Pack DeWALT DCS334 Akku-Stichs\u00e4ge 3 Pack DeWALT DCB184 Akku 18V 5,0Ah 1 Stck. DeWALT DCB115 Multi-Ladeger\u00e4t 10.8V XR 1 Stck. DeWALT TSTAK II Koffer 1 [&hellip;]<\/p>\n","protected":false},"featured_media":1472,"comment_status":"closed","ping_status":"open","template":"","meta":{"site-sidebar-layout":"default","site-content-layout":"","ast-site-content-layout":"default","site-content-style":"default","site-sidebar-style":"default","ast-global-header-display":"","ast-banner-title-visibility":"","ast-main-header-display":"","ast-hfb-above-header-display":"","ast-hfb-below-header-display":"","ast-hfb-mobile-header-display":"","site-post-title":"","ast-breadcrumbs-content":"","ast-featured-img":"","footer-sml-layout":"","ast-disable-related-posts":"","theme-transparent-header-meta":"","adv-header-id-meta":"","stick-header-meta":"","header-above-stick-meta":"","header-main-stick-meta":"","header-below-stick-meta":"","astra-migrate-meta-layouts":"default","ast-page-background-enabled":"default","ast-page-background-meta":{"desktop":{"background-color":"var(--ast-global-color-4)","background-image":"","background-repeat":"repeat","background-position":"center center","background-size":"auto","background-attachment":"scroll","background-type":"","background-media":"","overlay-type":"","overlay-color":"","overlay-opacity":"","overlay-gradient":""},"tablet":{"background-color":"","background-image":"","background-repeat":"repeat","background-position":"center center","background-size":"auto","background-attachment":"scroll","background-type":"","background-media":"","overlay-type":"","overlay-color":"","overlay-opacity":"","overlay-gradient":""},"mobile":{"background-color":"","background-image":"","background-repeat":"repeat","background-position":"center center","background-size":"auto","background-attachment":"scroll","background-type":"","background-media":"","overlay-type":"","overlay-color":"","overlay-opacity":"","overlay-gradient":""}},"ast-content-background-meta":{"desktop":{"background-color":"var(--ast-global-color-5)","background-image":"","background-repeat":"repeat","background-position":"center center","background-size":"auto","background-attachment":"scroll","background-type":"","background-media":"","overlay-type":"","overlay-color":"","overlay-opacity":"","overlay-gradient":""},"tablet":{"background-color":"var(--ast-global-color-5)","background-image":"","background-repeat":"repeat","background-position":"center center","background-size":"auto","background-attachment":"scroll","background-type":"","background-media":"","overlay-type":"","overlay-color":"","overlay-opacity":"","overlay-gradient":""},"mobile":{"background-color":"var(--ast-global-color-5)","background-image":"","background-repeat":"repeat","background-position":"center center","background-size":"auto","background-attachment":"scroll","background-type":"","background-media":"","overlay-type":"","overlay-color":"","overlay-opacity":"","overlay-gradient":""}}},"pwb-brand":[34],"product_brand":[],"product_cat":[70,71],"product_tag":[],"class_list":{"0":"post-1714","1":"product","2":"type-product","3":"status-publish","4":"has-post-thumbnail","6":"pwb-brand-dewalt","7":"product_cat-nicht-kategorisiert","8":"product_cat-saegen","9":"desktop-align-left","10":"tablet-align-left","11":"mobile-align-left","13":"first","14":"instock","15":"product-type-simple"},"yoast_head":"<!-- This site is optimized with the Yoast SEO plugin v27.4 - https:\/\/yoast.com\/product\/yoast-seo-wordpress\/ -->\n<title>DeWALT DCK755P3T 7-teiliges Akku-Kombiset 18V 5.0Ah Li-ion - MTD Ijzerwaren<\/title>\n<meta name=\"description\" content=\"Een DeWALT DCK755P3T 7-teiliges Akku-Kombiset 18V 5.0Ah Li-ion bestellen? MTD Ijzerwaren helpt jou graag. Neem vandaag nog contact met ons op voor meer informatie over DeWALT DCK755P3T 7-teiliges Akku-Kombiset 18V 5.0Ah Li-ion\" \/>\n<meta name=\"robots\" content=\"index, follow, max-snippet:-1, max-image-preview:large, max-video-preview:-1\" \/>\n<link rel=\"canonical\" href=\"https:\/\/mtdijzerwaren.nl\/product\/dewalt-dck755p3t-7-teiliges-akku-kombiset-18v-5-0ah-li-ion\/\" \/>\n<meta property=\"og:locale\" content=\"de_DE\" \/>\n<meta property=\"og:type\" content=\"article\" \/>\n<meta property=\"og:title\" content=\"DeWALT DCK755P3T 7-teiliges Akku-Kombiset 18V 5.0Ah Li-ion - MTD Ijzerwaren\" \/>\n<meta property=\"og:description\" content=\"Een DeWALT DCK755P3T 7-teiliges Akku-Kombiset 18V 5.0Ah Li-ion bestellen? MTD Ijzerwaren helpt jou graag. Neem vandaag nog contact met ons op voor meer informatie over DeWALT DCK755P3T 7-teiliges Akku-Kombiset 18V 5.0Ah Li-ion\" \/>\n<meta property=\"og:url\" content=\"https:\/\/mtdijzerwaren.nl\/product\/dewalt-dck755p3t-7-teiliges-akku-kombiset-18v-5-0ah-li-ion\/\" \/>\n<meta property=\"og:site_name\" content=\"MTD Ijzerwaren\" \/>\n<meta property=\"og:image\" content=\"https:\/\/mtdijzerwaren.nl\/wp-content\/uploads\/2022\/12\/cropped-Logo-MTD.png\" \/>\n\t<meta property=\"og:image:width\" content=\"512\" \/>\n\t<meta property=\"og:image:height\" content=\"512\" \/>\n\t<meta property=\"og:image:type\" content=\"image\/png\" \/>\n<meta name=\"twitter:card\" content=\"summary_large_image\" \/>\n<script type=\"application\/ld+json\" class=\"yoast-schema-graph\">{\"@context\":\"https:\\\/\\\/schema.org\",\"@graph\":[{\"@type\":[\"WebPage\",\"ItemPage\"],\"@id\":\"https:\\\/\\\/mtdijzerwaren.nl\\\/product\\\/dewalt-dck755p3t-7-teiliges-akku-kombiset-18v-5-0ah-li-ion\\\/\",\"url\":\"https:\\\/\\\/mtdijzerwaren.nl\\\/product\\\/dewalt-dck755p3t-7-teiliges-akku-kombiset-18v-5-0ah-li-ion\\\/\",\"name\":\"DeWALT DCK755P3T 7-teiliges Akku-Kombiset 18V 5.0Ah Li-ion - MTD Ijzerwaren\",\"isPartOf\":{\"@id\":\"https:\\\/\\\/mtdijzerwaren.nl\\\/#website\"},\"primaryImageOfPage\":{\"@id\":\"https:\\\/\\\/mtdijzerwaren.nl\\\/product\\\/dewalt-dck755p3t-7-teiliges-akku-kombiset-18v-5-0ah-li-ion\\\/#primaryimage\"},\"image\":{\"@id\":\"https:\\\/\\\/mtdijzerwaren.nl\\\/product\\\/dewalt-dck755p3t-7-teiliges-akku-kombiset-18v-5-0ah-li-ion\\\/#primaryimage\"},\"thumbnailUrl\":\"https:\\\/\\\/mtdijzerwaren.nl\\\/wp-content\\\/uploads\\\/2022\\\/12\\\/112.webp\",\"datePublished\":\"2022-12-28T12:50:17+00:00\",\"description\":\"Een DeWALT DCK755P3T 7-teiliges Akku-Kombiset 18V 5.0Ah Li-ion bestellen? MTD Ijzerwaren helpt jou graag. Neem vandaag nog contact met ons op voor meer informatie over DeWALT DCK755P3T 7-teiliges Akku-Kombiset 18V 5.0Ah Li-ion\",\"breadcrumb\":{\"@id\":\"https:\\\/\\\/mtdijzerwaren.nl\\\/product\\\/dewalt-dck755p3t-7-teiliges-akku-kombiset-18v-5-0ah-li-ion\\\/#breadcrumb\"},\"inLanguage\":\"de\",\"potentialAction\":[{\"@type\":\"ReadAction\",\"target\":[\"https:\\\/\\\/mtdijzerwaren.nl\\\/product\\\/dewalt-dck755p3t-7-teiliges-akku-kombiset-18v-5-0ah-li-ion\\\/\"]}]},{\"@type\":\"ImageObject\",\"inLanguage\":\"de\",\"@id\":\"https:\\\/\\\/mtdijzerwaren.nl\\\/product\\\/dewalt-dck755p3t-7-teiliges-akku-kombiset-18v-5-0ah-li-ion\\\/#primaryimage\",\"url\":\"https:\\\/\\\/mtdijzerwaren.nl\\\/wp-content\\\/uploads\\\/2022\\\/12\\\/112.webp\",\"contentUrl\":\"https:\\\/\\\/mtdijzerwaren.nl\\\/wp-content\\\/uploads\\\/2022\\\/12\\\/112.webp\",\"width\":1500,\"height\":1500},{\"@type\":\"BreadcrumbList\",\"@id\":\"https:\\\/\\\/mtdijzerwaren.nl\\\/product\\\/dewalt-dck755p3t-7-teiliges-akku-kombiset-18v-5-0ah-li-ion\\\/#breadcrumb\",\"itemListElement\":[{\"@type\":\"ListItem\",\"position\":1,\"name\":\"Home\",\"item\":\"https:\\\/\\\/mtdijzerwaren.nl\\\/\"},{\"@type\":\"ListItem\",\"position\":2,\"name\":\"Shop\",\"item\":\"https:\\\/\\\/mtdijzerwaren.nl\\\/shop\\\/\"},{\"@type\":\"ListItem\",\"position\":3,\"name\":\"DeWALT DCK755P3T 7-teiliges Akku-Kombiset 18V 5.0Ah Li-ion\"}]},{\"@type\":\"WebSite\",\"@id\":\"https:\\\/\\\/mtdijzerwaren.nl\\\/#website\",\"url\":\"https:\\\/\\\/mtdijzerwaren.nl\\\/\",\"name\":\"MTD Ijzerwaren\",\"description\":\"\",\"potentialAction\":[{\"@type\":\"SearchAction\",\"target\":{\"@type\":\"EntryPoint\",\"urlTemplate\":\"https:\\\/\\\/mtdijzerwaren.nl\\\/?s={search_term_string}\"},\"query-input\":{\"@type\":\"PropertyValueSpecification\",\"valueRequired\":true,\"valueName\":\"search_term_string\"}}],\"inLanguage\":\"de\"}]}<\/script>\n<!-- \/ Yoast SEO plugin. -->","yoast_head_json":{"title":"DeWALT DCK755P3T 7-teiliges Akku-Kombiset 18V 5.0Ah Li-ion - MTD Ijzerwaren","description":"Een DeWALT DCK755P3T 7-teiliges Akku-Kombiset 18V 5.0Ah Li-ion bestellen? MTD Ijzerwaren helpt jou graag. Neem vandaag nog contact met ons op voor meer informatie over DeWALT DCK755P3T 7-teiliges Akku-Kombiset 18V 5.0Ah Li-ion","robots":{"index":"index","follow":"follow","max-snippet":"max-snippet:-1","max-image-preview":"max-image-preview:large","max-video-preview":"max-video-preview:-1"},"canonical":"https:\/\/mtdijzerwaren.nl\/product\/dewalt-dck755p3t-7-teiliges-akku-kombiset-18v-5-0ah-li-ion\/","og_locale":"de_DE","og_type":"article","og_title":"DeWALT DCK755P3T 7-teiliges Akku-Kombiset 18V 5.0Ah Li-ion - MTD Ijzerwaren","og_description":"Een DeWALT DCK755P3T 7-teiliges Akku-Kombiset 18V 5.0Ah Li-ion bestellen? MTD Ijzerwaren helpt jou graag. Neem vandaag nog contact met ons op voor meer informatie over DeWALT DCK755P3T 7-teiliges Akku-Kombiset 18V 5.0Ah Li-ion","og_url":"https:\/\/mtdijzerwaren.nl\/product\/dewalt-dck755p3t-7-teiliges-akku-kombiset-18v-5-0ah-li-ion\/","og_site_name":"MTD Ijzerwaren","og_image":[{"width":512,"height":512,"url":"https:\/\/mtdijzerwaren.nl\/wp-content\/uploads\/2022\/12\/cropped-Logo-MTD.png","type":"image\/png"}],"twitter_card":"summary_large_image","schema":{"@context":"https:\/\/schema.org","@graph":[{"@type":["WebPage","ItemPage"],"@id":"https:\/\/mtdijzerwaren.nl\/product\/dewalt-dck755p3t-7-teiliges-akku-kombiset-18v-5-0ah-li-ion\/","url":"https:\/\/mtdijzerwaren.nl\/product\/dewalt-dck755p3t-7-teiliges-akku-kombiset-18v-5-0ah-li-ion\/","name":"DeWALT DCK755P3T 7-teiliges Akku-Kombiset 18V 5.0Ah Li-ion - MTD Ijzerwaren","isPartOf":{"@id":"https:\/\/mtdijzerwaren.nl\/#website"},"primaryImageOfPage":{"@id":"https:\/\/mtdijzerwaren.nl\/product\/dewalt-dck755p3t-7-teiliges-akku-kombiset-18v-5-0ah-li-ion\/#primaryimage"},"image":{"@id":"https:\/\/mtdijzerwaren.nl\/product\/dewalt-dck755p3t-7-teiliges-akku-kombiset-18v-5-0ah-li-ion\/#primaryimage"},"thumbnailUrl":"https:\/\/mtdijzerwaren.nl\/wp-content\/uploads\/2022\/12\/112.webp","datePublished":"2022-12-28T12:50:17+00:00","description":"Een DeWALT DCK755P3T 7-teiliges Akku-Kombiset 18V 5.0Ah Li-ion bestellen? MTD Ijzerwaren helpt jou graag. Neem vandaag nog contact met ons op voor meer informatie over DeWALT DCK755P3T 7-teiliges Akku-Kombiset 18V 5.0Ah Li-ion","breadcrumb":{"@id":"https:\/\/mtdijzerwaren.nl\/product\/dewalt-dck755p3t-7-teiliges-akku-kombiset-18v-5-0ah-li-ion\/#breadcrumb"},"inLanguage":"de","potentialAction":[{"@type":"ReadAction","target":["https:\/\/mtdijzerwaren.nl\/product\/dewalt-dck755p3t-7-teiliges-akku-kombiset-18v-5-0ah-li-ion\/"]}]},{"@type":"ImageObject","inLanguage":"de","@id":"https:\/\/mtdijzerwaren.nl\/product\/dewalt-dck755p3t-7-teiliges-akku-kombiset-18v-5-0ah-li-ion\/#primaryimage","url":"https:\/\/mtdijzerwaren.nl\/wp-content\/uploads\/2022\/12\/112.webp","contentUrl":"https:\/\/mtdijzerwaren.nl\/wp-content\/uploads\/2022\/12\/112.webp","width":1500,"height":1500},{"@type":"BreadcrumbList","@id":"https:\/\/mtdijzerwaren.nl\/product\/dewalt-dck755p3t-7-teiliges-akku-kombiset-18v-5-0ah-li-ion\/#breadcrumb","itemListElement":[{"@type":"ListItem","position":1,"name":"Home","item":"https:\/\/mtdijzerwaren.nl\/"},{"@type":"ListItem","position":2,"name":"Shop","item":"https:\/\/mtdijzerwaren.nl\/shop\/"},{"@type":"ListItem","position":3,"name":"DeWALT DCK755P3T 7-teiliges Akku-Kombiset 18V 5.0Ah Li-ion"}]},{"@type":"WebSite","@id":"https:\/\/mtdijzerwaren.nl\/#website","url":"https:\/\/mtdijzerwaren.nl\/","name":"MTD Ijzerwaren","description":"","potentialAction":[{"@type":"SearchAction","target":{"@type":"EntryPoint","urlTemplate":"https:\/\/mtdijzerwaren.nl\/?s={search_term_string}"},"query-input":{"@type":"PropertyValueSpecification","valueRequired":true,"valueName":"search_term_string"}}],"inLanguage":"de"}]}},"brands":[{"id":34,"name":"Dewalt","slug":"dewalt"}],"_links":{"self":[{"href":"https:\/\/mtdijzerwaren.nl\/de\/wp-json\/wp\/v2\/product\/1714","targetHints":{"allow":["GET"]}}],"collection":[{"href":"https:\/\/mtdijzerwaren.nl\/de\/wp-json\/wp\/v2\/product"}],"about":[{"href":"https:\/\/mtdijzerwaren.nl\/de\/wp-json\/wp\/v2\/types\/product"}],"replies":[{"embeddable":true,"href":"https:\/\/mtdijzerwaren.nl\/de\/wp-json\/wp\/v2\/comments?post=1714"}],"wp:featuredmedia":[{"embeddable":true,"href":"https:\/\/mtdijzerwaren.nl\/de\/wp-json\/wp\/v2\/media\/1472"}],"wp:attachment":[{"href":"https:\/\/mtdijzerwaren.nl\/de\/wp-json\/wp\/v2\/media?parent=1714"}],"wp:term":[{"taxonomy":"pwb-brand","embeddable":true,"href":"https:\/\/mtdijzerwaren.nl\/de\/wp-json\/wp\/v2\/pwb-brand?post=1714"},{"taxonomy":"product_brand","embeddable":true,"href":"https:\/\/mtdijzerwaren.nl\/de\/wp-json\/wp\/v2\/product_brand?post=1714"},{"taxonomy":"product_cat","embeddable":true,"href":"https:\/\/mtdijzerwaren.nl\/de\/wp-json\/wp\/v2\/product_cat?post=1714"},{"taxonomy":"product_tag","embeddable":true,"href":"https:\/\/mtdijzerwaren.nl\/de\/wp-json\/wp\/v2\/product_tag?post=1714"}],"curies":[{"name":"wp","href":"https:\/\/api.w.org\/{rel}","templated":true}]}}