{"id":1676,"date":"2022-12-28T14:50:04","date_gmt":"2022-12-28T12:50:04","guid":{"rendered":"https:\/\/mtdijzerwaren.nl\/product\/kaercher-fc-5\/"},"modified":"2022-12-28T14:50:04","modified_gmt":"2022-12-28T12:50:04","slug":"kaercher-fc-5","status":"publish","type":"product","link":"https:\/\/mtdijzerwaren.nl\/de\/produkt\/kaercher-fc-5\/","title":{"rendered":"K\u00e4rcher FC 5"},"content":{"rendered":"<p>Dank der 2-in-1-Funktion des Floor Cleaner FC 5 k\u00f6nnen Sie sowohl nassen als auch trockenen Schmutz in einem Arbeitsgang wischen und saugen.<br \/>\nDas Vorsaugen ist nicht mehr notwendig und das Wischen ist einfacher, gr\u00fcndlicher und schneller als je zuvor. <\/p>\n","protected":false},"excerpt":{"rendered":"<p>Dank der 2-in-1-Funktion des Floor Cleaner FC 5 k\u00f6nnen Sie sowohl nassen als auch trockenen Schmutz in einem Arbeitsgang wischen und saugen. Das Vorsaugen ist nicht mehr notwendig und das Wischen ist einfacher, gr\u00fcndlicher und schneller als je zuvor.<\/p>\n","protected":false},"featured_media":1460,"comment_status":"closed","ping_status":"open","template":"","meta":{"site-sidebar-layout":"default","site-content-layout":"","ast-site-content-layout":"default","site-content-style":"default","site-sidebar-style":"default","ast-global-header-display":"","ast-banner-title-visibility":"","ast-main-header-display":"","ast-hfb-above-header-display":"","ast-hfb-below-header-display":"","ast-hfb-mobile-header-display":"","site-post-title":"","ast-breadcrumbs-content":"","ast-featured-img":"","footer-sml-layout":"","ast-disable-related-posts":"","theme-transparent-header-meta":"","adv-header-id-meta":"","stick-header-meta":"","header-above-stick-meta":"","header-main-stick-meta":"","header-below-stick-meta":"","astra-migrate-meta-layouts":"default","ast-page-background-enabled":"default","ast-page-background-meta":{"desktop":{"background-color":"var(--ast-global-color-4)","background-image":"","background-repeat":"repeat","background-position":"center center","background-size":"auto","background-attachment":"scroll","background-type":"","background-media":"","overlay-type":"","overlay-color":"","overlay-opacity":"","overlay-gradient":""},"tablet":{"background-color":"","background-image":"","background-repeat":"repeat","background-position":"center center","background-size":"auto","background-attachment":"scroll","background-type":"","background-media":"","overlay-type":"","overlay-color":"","overlay-opacity":"","overlay-gradient":""},"mobile":{"background-color":"","background-image":"","background-repeat":"repeat","background-position":"center center","background-size":"auto","background-attachment":"scroll","background-type":"","background-media":"","overlay-type":"","overlay-color":"","overlay-opacity":"","overlay-gradient":""}},"ast-content-background-meta":{"desktop":{"background-color":"var(--ast-global-color-5)","background-image":"","background-repeat":"repeat","background-position":"center center","background-size":"auto","background-attachment":"scroll","background-type":"","background-media":"","overlay-type":"","overlay-color":"","overlay-opacity":"","overlay-gradient":""},"tablet":{"background-color":"var(--ast-global-color-5)","background-image":"","background-repeat":"repeat","background-position":"center center","background-size":"auto","background-attachment":"scroll","background-type":"","background-media":"","overlay-type":"","overlay-color":"","overlay-opacity":"","overlay-gradient":""},"mobile":{"background-color":"var(--ast-global-color-5)","background-image":"","background-repeat":"repeat","background-position":"center center","background-size":"auto","background-attachment":"scroll","background-type":"","background-media":"","overlay-type":"","overlay-color":"","overlay-opacity":"","overlay-gradient":""}}},"pwb-brand":[47],"product_brand":[],"product_cat":[73],"product_tag":[],"class_list":{"0":"post-1676","1":"product","2":"type-product","3":"status-publish","4":"has-post-thumbnail","6":"pwb-brand-karcher","7":"product_cat-staubsauger","8":"desktop-align-left","9":"tablet-align-left","10":"mobile-align-left","12":"first","13":"instock","14":"product-type-simple"},"yoast_head":"<!-- This site is optimized with the Yoast SEO plugin v27.4 - https:\/\/yoast.com\/product\/yoast-seo-wordpress\/ -->\n<title>K\u00e4rcher FC 5 - MTD Ijzerwaren<\/title>\n<meta name=\"description\" content=\"Een K\u00e4rcher FC 5 bestellen? MTD Ijzerwaren helpt jou graag. Neem vandaag nog contact met ons op voor meer informatie over K\u00e4rcher FC 5\" \/>\n<meta name=\"robots\" content=\"index, follow, max-snippet:-1, max-image-preview:large, max-video-preview:-1\" \/>\n<link rel=\"canonical\" href=\"https:\/\/mtdijzerwaren.nl\/product\/kaercher-fc-5\/\" \/>\n<meta property=\"og:locale\" content=\"de_DE\" \/>\n<meta property=\"og:type\" content=\"article\" \/>\n<meta property=\"og:title\" content=\"K\u00e4rcher FC 5 - MTD Ijzerwaren\" \/>\n<meta property=\"og:description\" content=\"Een K\u00e4rcher FC 5 bestellen? MTD Ijzerwaren helpt jou graag. Neem vandaag nog contact met ons op voor meer informatie over K\u00e4rcher FC 5\" \/>\n<meta property=\"og:url\" content=\"https:\/\/mtdijzerwaren.nl\/product\/kaercher-fc-5\/\" \/>\n<meta property=\"og:site_name\" content=\"MTD Ijzerwaren\" \/>\n<meta property=\"og:image\" content=\"https:\/\/mtdijzerwaren.nl\/wp-content\/uploads\/2022\/12\/cropped-Logo-MTD.png\" \/>\n\t<meta property=\"og:image:width\" content=\"512\" \/>\n\t<meta property=\"og:image:height\" content=\"512\" \/>\n\t<meta property=\"og:image:type\" content=\"image\/png\" \/>\n<meta name=\"twitter:card\" content=\"summary_large_image\" \/>\n<script type=\"application\/ld+json\" class=\"yoast-schema-graph\">{\"@context\":\"https:\\\/\\\/schema.org\",\"@graph\":[{\"@type\":[\"WebPage\",\"ItemPage\"],\"@id\":\"https:\\\/\\\/mtdijzerwaren.nl\\\/product\\\/kaercher-fc-5\\\/\",\"url\":\"https:\\\/\\\/mtdijzerwaren.nl\\\/product\\\/kaercher-fc-5\\\/\",\"name\":\"K\u00e4rcher FC 5 - MTD Ijzerwaren\",\"isPartOf\":{\"@id\":\"https:\\\/\\\/mtdijzerwaren.nl\\\/#website\"},\"primaryImageOfPage\":{\"@id\":\"https:\\\/\\\/mtdijzerwaren.nl\\\/product\\\/kaercher-fc-5\\\/#primaryimage\"},\"image\":{\"@id\":\"https:\\\/\\\/mtdijzerwaren.nl\\\/product\\\/kaercher-fc-5\\\/#primaryimage\"},\"thumbnailUrl\":\"https:\\\/\\\/mtdijzerwaren.nl\\\/wp-content\\\/uploads\\\/2022\\\/12\\\/100.jpeg\",\"datePublished\":\"2022-12-28T12:50:04+00:00\",\"description\":\"Een K\u00e4rcher FC 5 bestellen? MTD Ijzerwaren helpt jou graag. Neem vandaag nog contact met ons op voor meer informatie over K\u00e4rcher FC 5\",\"breadcrumb\":{\"@id\":\"https:\\\/\\\/mtdijzerwaren.nl\\\/product\\\/kaercher-fc-5\\\/#breadcrumb\"},\"inLanguage\":\"de\",\"potentialAction\":[{\"@type\":\"ReadAction\",\"target\":[\"https:\\\/\\\/mtdijzerwaren.nl\\\/product\\\/kaercher-fc-5\\\/\"]}]},{\"@type\":\"ImageObject\",\"inLanguage\":\"de\",\"@id\":\"https:\\\/\\\/mtdijzerwaren.nl\\\/product\\\/kaercher-fc-5\\\/#primaryimage\",\"url\":\"https:\\\/\\\/mtdijzerwaren.nl\\\/wp-content\\\/uploads\\\/2022\\\/12\\\/100.jpeg\",\"contentUrl\":\"https:\\\/\\\/mtdijzerwaren.nl\\\/wp-content\\\/uploads\\\/2022\\\/12\\\/100.jpeg\",\"width\":630,\"height\":630},{\"@type\":\"BreadcrumbList\",\"@id\":\"https:\\\/\\\/mtdijzerwaren.nl\\\/product\\\/kaercher-fc-5\\\/#breadcrumb\",\"itemListElement\":[{\"@type\":\"ListItem\",\"position\":1,\"name\":\"Home\",\"item\":\"https:\\\/\\\/mtdijzerwaren.nl\\\/\"},{\"@type\":\"ListItem\",\"position\":2,\"name\":\"Shop\",\"item\":\"https:\\\/\\\/mtdijzerwaren.nl\\\/shop\\\/\"},{\"@type\":\"ListItem\",\"position\":3,\"name\":\"K\u00e4rcher FC 5\"}]},{\"@type\":\"WebSite\",\"@id\":\"https:\\\/\\\/mtdijzerwaren.nl\\\/#website\",\"url\":\"https:\\\/\\\/mtdijzerwaren.nl\\\/\",\"name\":\"MTD Ijzerwaren\",\"description\":\"\",\"potentialAction\":[{\"@type\":\"SearchAction\",\"target\":{\"@type\":\"EntryPoint\",\"urlTemplate\":\"https:\\\/\\\/mtdijzerwaren.nl\\\/?s={search_term_string}\"},\"query-input\":{\"@type\":\"PropertyValueSpecification\",\"valueRequired\":true,\"valueName\":\"search_term_string\"}}],\"inLanguage\":\"de\"}]}<\/script>\n<!-- \/ Yoast SEO plugin. -->","yoast_head_json":{"title":"K\u00e4rcher FC 5 - MTD Ijzerwaren","description":"Een K\u00e4rcher FC 5 bestellen? MTD Ijzerwaren helpt jou graag. Neem vandaag nog contact met ons op voor meer informatie over K\u00e4rcher FC 5","robots":{"index":"index","follow":"follow","max-snippet":"max-snippet:-1","max-image-preview":"max-image-preview:large","max-video-preview":"max-video-preview:-1"},"canonical":"https:\/\/mtdijzerwaren.nl\/product\/kaercher-fc-5\/","og_locale":"de_DE","og_type":"article","og_title":"K\u00e4rcher FC 5 - MTD Ijzerwaren","og_description":"Een K\u00e4rcher FC 5 bestellen? MTD Ijzerwaren helpt jou graag. Neem vandaag nog contact met ons op voor meer informatie over K\u00e4rcher FC 5","og_url":"https:\/\/mtdijzerwaren.nl\/product\/kaercher-fc-5\/","og_site_name":"MTD Ijzerwaren","og_image":[{"width":512,"height":512,"url":"https:\/\/mtdijzerwaren.nl\/wp-content\/uploads\/2022\/12\/cropped-Logo-MTD.png","type":"image\/png"}],"twitter_card":"summary_large_image","schema":{"@context":"https:\/\/schema.org","@graph":[{"@type":["WebPage","ItemPage"],"@id":"https:\/\/mtdijzerwaren.nl\/product\/kaercher-fc-5\/","url":"https:\/\/mtdijzerwaren.nl\/product\/kaercher-fc-5\/","name":"K\u00e4rcher FC 5 - MTD Ijzerwaren","isPartOf":{"@id":"https:\/\/mtdijzerwaren.nl\/#website"},"primaryImageOfPage":{"@id":"https:\/\/mtdijzerwaren.nl\/product\/kaercher-fc-5\/#primaryimage"},"image":{"@id":"https:\/\/mtdijzerwaren.nl\/product\/kaercher-fc-5\/#primaryimage"},"thumbnailUrl":"https:\/\/mtdijzerwaren.nl\/wp-content\/uploads\/2022\/12\/100.jpeg","datePublished":"2022-12-28T12:50:04+00:00","description":"Een K\u00e4rcher FC 5 bestellen? MTD Ijzerwaren helpt jou graag. Neem vandaag nog contact met ons op voor meer informatie over K\u00e4rcher FC 5","breadcrumb":{"@id":"https:\/\/mtdijzerwaren.nl\/product\/kaercher-fc-5\/#breadcrumb"},"inLanguage":"de","potentialAction":[{"@type":"ReadAction","target":["https:\/\/mtdijzerwaren.nl\/product\/kaercher-fc-5\/"]}]},{"@type":"ImageObject","inLanguage":"de","@id":"https:\/\/mtdijzerwaren.nl\/product\/kaercher-fc-5\/#primaryimage","url":"https:\/\/mtdijzerwaren.nl\/wp-content\/uploads\/2022\/12\/100.jpeg","contentUrl":"https:\/\/mtdijzerwaren.nl\/wp-content\/uploads\/2022\/12\/100.jpeg","width":630,"height":630},{"@type":"BreadcrumbList","@id":"https:\/\/mtdijzerwaren.nl\/product\/kaercher-fc-5\/#breadcrumb","itemListElement":[{"@type":"ListItem","position":1,"name":"Home","item":"https:\/\/mtdijzerwaren.nl\/"},{"@type":"ListItem","position":2,"name":"Shop","item":"https:\/\/mtdijzerwaren.nl\/shop\/"},{"@type":"ListItem","position":3,"name":"K\u00e4rcher FC 5"}]},{"@type":"WebSite","@id":"https:\/\/mtdijzerwaren.nl\/#website","url":"https:\/\/mtdijzerwaren.nl\/","name":"MTD Ijzerwaren","description":"","potentialAction":[{"@type":"SearchAction","target":{"@type":"EntryPoint","urlTemplate":"https:\/\/mtdijzerwaren.nl\/?s={search_term_string}"},"query-input":{"@type":"PropertyValueSpecification","valueRequired":true,"valueName":"search_term_string"}}],"inLanguage":"de"}]}},"brands":[{"id":47,"name":"Karcher","slug":"karcher"}],"_links":{"self":[{"href":"https:\/\/mtdijzerwaren.nl\/de\/wp-json\/wp\/v2\/product\/1676","targetHints":{"allow":["GET"]}}],"collection":[{"href":"https:\/\/mtdijzerwaren.nl\/de\/wp-json\/wp\/v2\/product"}],"about":[{"href":"https:\/\/mtdijzerwaren.nl\/de\/wp-json\/wp\/v2\/types\/product"}],"replies":[{"embeddable":true,"href":"https:\/\/mtdijzerwaren.nl\/de\/wp-json\/wp\/v2\/comments?post=1676"}],"wp:featuredmedia":[{"embeddable":true,"href":"https:\/\/mtdijzerwaren.nl\/de\/wp-json\/wp\/v2\/media\/1460"}],"wp:attachment":[{"href":"https:\/\/mtdijzerwaren.nl\/de\/wp-json\/wp\/v2\/media?parent=1676"}],"wp:term":[{"taxonomy":"pwb-brand","embeddable":true,"href":"https:\/\/mtdijzerwaren.nl\/de\/wp-json\/wp\/v2\/pwb-brand?post=1676"},{"taxonomy":"product_brand","embeddable":true,"href":"https:\/\/mtdijzerwaren.nl\/de\/wp-json\/wp\/v2\/product_brand?post=1676"},{"taxonomy":"product_cat","embeddable":true,"href":"https:\/\/mtdijzerwaren.nl\/de\/wp-json\/wp\/v2\/product_cat?post=1676"},{"taxonomy":"product_tag","embeddable":true,"href":"https:\/\/mtdijzerwaren.nl\/de\/wp-json\/wp\/v2\/product_tag?post=1676"}],"curies":[{"name":"wp","href":"https:\/\/api.w.org\/{rel}","templated":true}]}}