{"id":1664,"date":"2022-12-28T14:49:50","date_gmt":"2022-12-28T12:49:50","guid":{"rendered":"https:\/\/mtdijzerwaren.nl\/product\/facom-werkzeugwagen-gefuellt-mit-kostenlosem-dewalt-zubehoer\/"},"modified":"2022-12-28T14:49:50","modified_gmt":"2022-12-28T12:49:50","slug":"facom-werkzeugwagen-gefuellt-mit-kostenlosem-dewalt-zubehoer","status":"publish","type":"product","link":"https:\/\/mtdijzerwaren.nl\/de\/produkt\/facom-werkzeugwagen-gefuellt-mit-kostenlosem-dewalt-zubehoer\/","title":{"rendered":"Facom Werkzeugwagen gef\u00fcllt mit kostenlosem DeWalt Zubeh\u00f6r"},"content":{"rendered":"<p>Dieser vollgepackte Werkzeugwagen von Facom verf\u00fcgt \u00fcber 5 Schubladen, die mit Facom-Werkzeugen gef\u00fcllt sind, und als Extra hat dieser Werkzeugwagen \u00c3\u0192\u00c2\u00a9\u00c3\u0192\u00c2\u00a91 Schublade voll mit DeWalt-Elektrowerkzeugen!<\/p>\n","protected":false},"excerpt":{"rendered":"<p>Dieser vollgepackte Werkzeugwagen von Facom verf\u00fcgt \u00fcber 5 Schubladen, die mit Facom-Werkzeugen gef\u00fcllt sind, und als Extra hat dieser Werkzeugwagen \u00c3\u0192\u00c2\u00a9\u00c3\u0192\u00c2\u00a91 Schublade voll mit DeWalt-Elektrowerkzeugen!<\/p>\n","protected":false},"featured_media":1429,"comment_status":"closed","ping_status":"open","template":"","meta":{"site-sidebar-layout":"default","site-content-layout":"","ast-site-content-layout":"default","site-content-style":"default","site-sidebar-style":"default","ast-global-header-display":"","ast-banner-title-visibility":"","ast-main-header-display":"","ast-hfb-above-header-display":"","ast-hfb-below-header-display":"","ast-hfb-mobile-header-display":"","site-post-title":"","ast-breadcrumbs-content":"","ast-featured-img":"","footer-sml-layout":"","ast-disable-related-posts":"","theme-transparent-header-meta":"","adv-header-id-meta":"","stick-header-meta":"","header-above-stick-meta":"","header-main-stick-meta":"","header-below-stick-meta":"","astra-migrate-meta-layouts":"default","ast-page-background-enabled":"default","ast-page-background-meta":{"desktop":{"background-color":"var(--ast-global-color-4)","background-image":"","background-repeat":"repeat","background-position":"center center","background-size":"auto","background-attachment":"scroll","background-type":"","background-media":"","overlay-type":"","overlay-color":"","overlay-opacity":"","overlay-gradient":""},"tablet":{"background-color":"","background-image":"","background-repeat":"repeat","background-position":"center center","background-size":"auto","background-attachment":"scroll","background-type":"","background-media":"","overlay-type":"","overlay-color":"","overlay-opacity":"","overlay-gradient":""},"mobile":{"background-color":"","background-image":"","background-repeat":"repeat","background-position":"center center","background-size":"auto","background-attachment":"scroll","background-type":"","background-media":"","overlay-type":"","overlay-color":"","overlay-opacity":"","overlay-gradient":""}},"ast-content-background-meta":{"desktop":{"background-color":"var(--ast-global-color-5)","background-image":"","background-repeat":"repeat","background-position":"center center","background-size":"auto","background-attachment":"scroll","background-type":"","background-media":"","overlay-type":"","overlay-color":"","overlay-opacity":"","overlay-gradient":""},"tablet":{"background-color":"var(--ast-global-color-5)","background-image":"","background-repeat":"repeat","background-position":"center center","background-size":"auto","background-attachment":"scroll","background-type":"","background-media":"","overlay-type":"","overlay-color":"","overlay-opacity":"","overlay-gradient":""},"mobile":{"background-color":"var(--ast-global-color-5)","background-image":"","background-repeat":"repeat","background-position":"center center","background-size":"auto","background-attachment":"scroll","background-type":"","background-media":"","overlay-type":"","overlay-color":"","overlay-opacity":"","overlay-gradient":""}}},"pwb-brand":[43],"product_brand":[],"product_cat":[65],"product_tag":[],"class_list":{"0":"post-1664","1":"product","2":"type-product","3":"status-publish","4":"has-post-thumbnail","6":"pwb-brand-facom","7":"product_cat-werkzeugwagen","8":"desktop-align-left","9":"tablet-align-left","10":"mobile-align-left","12":"first","13":"instock","14":"product-type-simple"},"yoast_head":"<!-- This site is optimized with the Yoast SEO plugin v27.4 - https:\/\/yoast.com\/product\/yoast-seo-wordpress\/ -->\n<title>Facom Werkzeugwagen gef\u00fcllt mit kostenlosem DeWalt Zubeh\u00f6r - MTD Ijzerwaren<\/title>\n<meta name=\"description\" content=\"Een Facom Werkzeugwagen gef\u00fcllt mit kostenlosem DeWalt Zubeh\u00f6r bestellen? MTD Ijzerwaren helpt jou graag. Neem vandaag nog contact met ons op voor meer informatie over Facom Werkzeugwagen gef\u00fcllt mit kostenlosem DeWalt Zubeh\u00f6r\" \/>\n<meta name=\"robots\" content=\"index, follow, max-snippet:-1, max-image-preview:large, max-video-preview:-1\" \/>\n<link rel=\"canonical\" href=\"https:\/\/mtdijzerwaren.nl\/product\/facom-werkzeugwagen-gefuellt-mit-kostenlosem-dewalt-zubehoer\/\" \/>\n<meta property=\"og:locale\" content=\"de_DE\" \/>\n<meta property=\"og:type\" content=\"article\" \/>\n<meta property=\"og:title\" content=\"Facom Werkzeugwagen gef\u00fcllt mit kostenlosem DeWalt Zubeh\u00f6r - MTD Ijzerwaren\" \/>\n<meta property=\"og:description\" content=\"Een Facom Werkzeugwagen gef\u00fcllt mit kostenlosem DeWalt Zubeh\u00f6r bestellen? MTD Ijzerwaren helpt jou graag. Neem vandaag nog contact met ons op voor meer informatie over Facom Werkzeugwagen gef\u00fcllt mit kostenlosem DeWalt Zubeh\u00f6r\" \/>\n<meta property=\"og:url\" content=\"https:\/\/mtdijzerwaren.nl\/product\/facom-werkzeugwagen-gefuellt-mit-kostenlosem-dewalt-zubehoer\/\" \/>\n<meta property=\"og:site_name\" content=\"MTD Ijzerwaren\" \/>\n<meta property=\"og:image\" content=\"https:\/\/mtdijzerwaren.nl\/wp-content\/uploads\/2022\/12\/cropped-Logo-MTD.png\" \/>\n\t<meta property=\"og:image:width\" content=\"512\" \/>\n\t<meta property=\"og:image:height\" content=\"512\" \/>\n\t<meta property=\"og:image:type\" content=\"image\/png\" \/>\n<meta name=\"twitter:card\" content=\"summary_large_image\" \/>\n<script type=\"application\/ld+json\" class=\"yoast-schema-graph\">{\"@context\":\"https:\\\/\\\/schema.org\",\"@graph\":[{\"@type\":[\"WebPage\",\"ItemPage\"],\"@id\":\"https:\\\/\\\/mtdijzerwaren.nl\\\/product\\\/facom-werkzeugwagen-gefuellt-mit-kostenlosem-dewalt-zubehoer\\\/\",\"url\":\"https:\\\/\\\/mtdijzerwaren.nl\\\/product\\\/facom-werkzeugwagen-gefuellt-mit-kostenlosem-dewalt-zubehoer\\\/\",\"name\":\"Facom Werkzeugwagen gef\u00fcllt mit kostenlosem DeWalt Zubeh\u00f6r - MTD Ijzerwaren\",\"isPartOf\":{\"@id\":\"https:\\\/\\\/mtdijzerwaren.nl\\\/#website\"},\"primaryImageOfPage\":{\"@id\":\"https:\\\/\\\/mtdijzerwaren.nl\\\/product\\\/facom-werkzeugwagen-gefuellt-mit-kostenlosem-dewalt-zubehoer\\\/#primaryimage\"},\"image\":{\"@id\":\"https:\\\/\\\/mtdijzerwaren.nl\\\/product\\\/facom-werkzeugwagen-gefuellt-mit-kostenlosem-dewalt-zubehoer\\\/#primaryimage\"},\"thumbnailUrl\":\"https:\\\/\\\/mtdijzerwaren.nl\\\/wp-content\\\/uploads\\\/2022\\\/12\\\/69.jpeg\",\"datePublished\":\"2022-12-28T12:49:50+00:00\",\"description\":\"Een Facom Werkzeugwagen gef\u00fcllt mit kostenlosem DeWalt Zubeh\u00f6r bestellen? MTD Ijzerwaren helpt jou graag. Neem vandaag nog contact met ons op voor meer informatie over Facom Werkzeugwagen gef\u00fcllt mit kostenlosem DeWalt Zubeh\u00f6r\",\"breadcrumb\":{\"@id\":\"https:\\\/\\\/mtdijzerwaren.nl\\\/product\\\/facom-werkzeugwagen-gefuellt-mit-kostenlosem-dewalt-zubehoer\\\/#breadcrumb\"},\"inLanguage\":\"de\",\"potentialAction\":[{\"@type\":\"ReadAction\",\"target\":[\"https:\\\/\\\/mtdijzerwaren.nl\\\/product\\\/facom-werkzeugwagen-gefuellt-mit-kostenlosem-dewalt-zubehoer\\\/\"]}]},{\"@type\":\"ImageObject\",\"inLanguage\":\"de\",\"@id\":\"https:\\\/\\\/mtdijzerwaren.nl\\\/product\\\/facom-werkzeugwagen-gefuellt-mit-kostenlosem-dewalt-zubehoer\\\/#primaryimage\",\"url\":\"https:\\\/\\\/mtdijzerwaren.nl\\\/wp-content\\\/uploads\\\/2022\\\/12\\\/69.jpeg\",\"contentUrl\":\"https:\\\/\\\/mtdijzerwaren.nl\\\/wp-content\\\/uploads\\\/2022\\\/12\\\/69.jpeg\",\"width\":350,\"height\":350},{\"@type\":\"BreadcrumbList\",\"@id\":\"https:\\\/\\\/mtdijzerwaren.nl\\\/product\\\/facom-werkzeugwagen-gefuellt-mit-kostenlosem-dewalt-zubehoer\\\/#breadcrumb\",\"itemListElement\":[{\"@type\":\"ListItem\",\"position\":1,\"name\":\"Home\",\"item\":\"https:\\\/\\\/mtdijzerwaren.nl\\\/\"},{\"@type\":\"ListItem\",\"position\":2,\"name\":\"Shop\",\"item\":\"https:\\\/\\\/mtdijzerwaren.nl\\\/shop\\\/\"},{\"@type\":\"ListItem\",\"position\":3,\"name\":\"Facom Werkzeugwagen gef\u00fcllt mit kostenlosem DeWalt Zubeh\u00f6r\"}]},{\"@type\":\"WebSite\",\"@id\":\"https:\\\/\\\/mtdijzerwaren.nl\\\/#website\",\"url\":\"https:\\\/\\\/mtdijzerwaren.nl\\\/\",\"name\":\"MTD Ijzerwaren\",\"description\":\"\",\"potentialAction\":[{\"@type\":\"SearchAction\",\"target\":{\"@type\":\"EntryPoint\",\"urlTemplate\":\"https:\\\/\\\/mtdijzerwaren.nl\\\/?s={search_term_string}\"},\"query-input\":{\"@type\":\"PropertyValueSpecification\",\"valueRequired\":true,\"valueName\":\"search_term_string\"}}],\"inLanguage\":\"de\"}]}<\/script>\n<!-- \/ Yoast SEO plugin. -->","yoast_head_json":{"title":"Facom Werkzeugwagen gef\u00fcllt mit kostenlosem DeWalt Zubeh\u00f6r - MTD Ijzerwaren","description":"Een Facom Werkzeugwagen gef\u00fcllt mit kostenlosem DeWalt Zubeh\u00f6r bestellen? MTD Ijzerwaren helpt jou graag. Neem vandaag nog contact met ons op voor meer informatie over Facom Werkzeugwagen gef\u00fcllt mit kostenlosem DeWalt Zubeh\u00f6r","robots":{"index":"index","follow":"follow","max-snippet":"max-snippet:-1","max-image-preview":"max-image-preview:large","max-video-preview":"max-video-preview:-1"},"canonical":"https:\/\/mtdijzerwaren.nl\/product\/facom-werkzeugwagen-gefuellt-mit-kostenlosem-dewalt-zubehoer\/","og_locale":"de_DE","og_type":"article","og_title":"Facom Werkzeugwagen gef\u00fcllt mit kostenlosem DeWalt Zubeh\u00f6r - MTD Ijzerwaren","og_description":"Een Facom Werkzeugwagen gef\u00fcllt mit kostenlosem DeWalt Zubeh\u00f6r bestellen? MTD Ijzerwaren helpt jou graag. Neem vandaag nog contact met ons op voor meer informatie over Facom Werkzeugwagen gef\u00fcllt mit kostenlosem DeWalt Zubeh\u00f6r","og_url":"https:\/\/mtdijzerwaren.nl\/product\/facom-werkzeugwagen-gefuellt-mit-kostenlosem-dewalt-zubehoer\/","og_site_name":"MTD Ijzerwaren","og_image":[{"width":512,"height":512,"url":"https:\/\/mtdijzerwaren.nl\/wp-content\/uploads\/2022\/12\/cropped-Logo-MTD.png","type":"image\/png"}],"twitter_card":"summary_large_image","schema":{"@context":"https:\/\/schema.org","@graph":[{"@type":["WebPage","ItemPage"],"@id":"https:\/\/mtdijzerwaren.nl\/product\/facom-werkzeugwagen-gefuellt-mit-kostenlosem-dewalt-zubehoer\/","url":"https:\/\/mtdijzerwaren.nl\/product\/facom-werkzeugwagen-gefuellt-mit-kostenlosem-dewalt-zubehoer\/","name":"Facom Werkzeugwagen gef\u00fcllt mit kostenlosem DeWalt Zubeh\u00f6r - MTD Ijzerwaren","isPartOf":{"@id":"https:\/\/mtdijzerwaren.nl\/#website"},"primaryImageOfPage":{"@id":"https:\/\/mtdijzerwaren.nl\/product\/facom-werkzeugwagen-gefuellt-mit-kostenlosem-dewalt-zubehoer\/#primaryimage"},"image":{"@id":"https:\/\/mtdijzerwaren.nl\/product\/facom-werkzeugwagen-gefuellt-mit-kostenlosem-dewalt-zubehoer\/#primaryimage"},"thumbnailUrl":"https:\/\/mtdijzerwaren.nl\/wp-content\/uploads\/2022\/12\/69.jpeg","datePublished":"2022-12-28T12:49:50+00:00","description":"Een Facom Werkzeugwagen gef\u00fcllt mit kostenlosem DeWalt Zubeh\u00f6r bestellen? MTD Ijzerwaren helpt jou graag. Neem vandaag nog contact met ons op voor meer informatie over Facom Werkzeugwagen gef\u00fcllt mit kostenlosem DeWalt Zubeh\u00f6r","breadcrumb":{"@id":"https:\/\/mtdijzerwaren.nl\/product\/facom-werkzeugwagen-gefuellt-mit-kostenlosem-dewalt-zubehoer\/#breadcrumb"},"inLanguage":"de","potentialAction":[{"@type":"ReadAction","target":["https:\/\/mtdijzerwaren.nl\/product\/facom-werkzeugwagen-gefuellt-mit-kostenlosem-dewalt-zubehoer\/"]}]},{"@type":"ImageObject","inLanguage":"de","@id":"https:\/\/mtdijzerwaren.nl\/product\/facom-werkzeugwagen-gefuellt-mit-kostenlosem-dewalt-zubehoer\/#primaryimage","url":"https:\/\/mtdijzerwaren.nl\/wp-content\/uploads\/2022\/12\/69.jpeg","contentUrl":"https:\/\/mtdijzerwaren.nl\/wp-content\/uploads\/2022\/12\/69.jpeg","width":350,"height":350},{"@type":"BreadcrumbList","@id":"https:\/\/mtdijzerwaren.nl\/product\/facom-werkzeugwagen-gefuellt-mit-kostenlosem-dewalt-zubehoer\/#breadcrumb","itemListElement":[{"@type":"ListItem","position":1,"name":"Home","item":"https:\/\/mtdijzerwaren.nl\/"},{"@type":"ListItem","position":2,"name":"Shop","item":"https:\/\/mtdijzerwaren.nl\/shop\/"},{"@type":"ListItem","position":3,"name":"Facom Werkzeugwagen gef\u00fcllt mit kostenlosem DeWalt Zubeh\u00f6r"}]},{"@type":"WebSite","@id":"https:\/\/mtdijzerwaren.nl\/#website","url":"https:\/\/mtdijzerwaren.nl\/","name":"MTD Ijzerwaren","description":"","potentialAction":[{"@type":"SearchAction","target":{"@type":"EntryPoint","urlTemplate":"https:\/\/mtdijzerwaren.nl\/?s={search_term_string}"},"query-input":{"@type":"PropertyValueSpecification","valueRequired":true,"valueName":"search_term_string"}}],"inLanguage":"de"}]}},"brands":[{"id":43,"name":"Facom","slug":"facom"}],"_links":{"self":[{"href":"https:\/\/mtdijzerwaren.nl\/de\/wp-json\/wp\/v2\/product\/1664","targetHints":{"allow":["GET"]}}],"collection":[{"href":"https:\/\/mtdijzerwaren.nl\/de\/wp-json\/wp\/v2\/product"}],"about":[{"href":"https:\/\/mtdijzerwaren.nl\/de\/wp-json\/wp\/v2\/types\/product"}],"replies":[{"embeddable":true,"href":"https:\/\/mtdijzerwaren.nl\/de\/wp-json\/wp\/v2\/comments?post=1664"}],"wp:featuredmedia":[{"embeddable":true,"href":"https:\/\/mtdijzerwaren.nl\/de\/wp-json\/wp\/v2\/media\/1429"}],"wp:attachment":[{"href":"https:\/\/mtdijzerwaren.nl\/de\/wp-json\/wp\/v2\/media?parent=1664"}],"wp:term":[{"taxonomy":"pwb-brand","embeddable":true,"href":"https:\/\/mtdijzerwaren.nl\/de\/wp-json\/wp\/v2\/pwb-brand?post=1664"},{"taxonomy":"product_brand","embeddable":true,"href":"https:\/\/mtdijzerwaren.nl\/de\/wp-json\/wp\/v2\/product_brand?post=1664"},{"taxonomy":"product_cat","embeddable":true,"href":"https:\/\/mtdijzerwaren.nl\/de\/wp-json\/wp\/v2\/product_cat?post=1664"},{"taxonomy":"product_tag","embeddable":true,"href":"https:\/\/mtdijzerwaren.nl\/de\/wp-json\/wp\/v2\/product_tag?post=1664"}],"curies":[{"name":"wp","href":"https:\/\/api.w.org\/{rel}","templated":true}]}}