{"id":1663,"date":"2022-12-28T14:49:50","date_gmt":"2022-12-28T12:49:50","guid":{"rendered":"https:\/\/mtdijzerwaren.nl\/product\/stahlgruppe-jumbo\/"},"modified":"2022-12-28T14:49:50","modified_gmt":"2022-12-28T12:49:50","slug":"stahlgruppe-jumbo","status":"publish","type":"product","link":"https:\/\/mtdijzerwaren.nl\/de\/produkt\/stahlgruppe-jumbo\/","title":{"rendered":"STAHLGRUPPE JUMBO"},"content":{"rendered":"<p><strong>Das neue Modell 2022 Jumbo der Stahlgruppe.<br \/>\nDie Stahlgruppe SG22   <\/strong>  Die ganze Professionalit\u00e4t und Qualit\u00e4t, die Sie gewohnt sind.<br \/>\nDer Stahlgruppe SG22 Werkzeugwagen ist die Luxuslinie f\u00fcr Profis.<br \/>\nDieser Wagen hat 13 robuste Schubladen, von denen 11 gef\u00fcllt sind.<br \/>\nDer 471-teilige Inhalt enth\u00e4lt alle Werkzeuge, die Sie brauchen.     <strong>Gr\u00f6\u00dfen<\/strong><\/p>\n<ul>\n<li>110cm x 62cm x 112cm<\/li>\n<\/ul>\n<p><strong>Details und Eigenschaften<\/strong><\/p>\n<ul>\n<li>Arbeitsplatte aus Holz, 15 mm dick<\/li>\n<li>Stabiler Griff<\/li>\n<li>Vollst\u00e4ndig ausziehbare Schubladen mit kugelgelagerten Schienen<\/li>\n<li>Kratzfest dank der umweltfreundlichen Pulverbeschichtung<\/li>\n<li>4 Schwerlastrollen, davon 2 Lenkrollen mit Bremse<\/li>\n<li>Linke und rechte Schublade separat abschlie\u00dfbar mit gleichschlie\u00dfenden Schl\u00f6ssern<\/li>\n<li>Rundum montierte Beulecken im markanten Schwarz\/Blau\/Wei\u00df der Stahlgruppe<\/li>\n<\/ul>\n<p>&nbsp;<\/p>\n","protected":false},"excerpt":{"rendered":"<p>Das neue Modell 2022 Jumbo der Stahlgruppe. Die Stahlgruppe SG22 Die ganze Professionalit\u00e4t und Qualit\u00e4t, die Sie gewohnt sind. Der Stahlgruppe SG22 Werkzeugwagen ist die Luxuslinie f\u00fcr Profis. Dieser Wagen hat 13 robuste Schubladen, von denen 11 gef\u00fcllt sind. Der 471-teilige Inhalt enth\u00e4lt alle Werkzeuge, die Sie brauchen. Gr\u00f6\u00dfen 110cm x 62cm x 112cm Details [&hellip;]<\/p>\n","protected":false},"featured_media":1437,"comment_status":"closed","ping_status":"closed","template":"","meta":{"site-sidebar-layout":"default","site-content-layout":"default","ast-site-content-layout":"default","site-content-style":"default","site-sidebar-style":"default","ast-global-header-display":"","ast-banner-title-visibility":"","ast-main-header-display":"","ast-hfb-above-header-display":"","ast-hfb-below-header-display":"","ast-hfb-mobile-header-display":"","site-post-title":"","ast-breadcrumbs-content":"","ast-featured-img":"","footer-sml-layout":"","ast-disable-related-posts":"","theme-transparent-header-meta":"default","adv-header-id-meta":"","stick-header-meta":"","header-above-stick-meta":"","header-main-stick-meta":"","header-below-stick-meta":"","astra-migrate-meta-layouts":"default","ast-page-background-enabled":"default","ast-page-background-meta":{"desktop":{"background-color":"var(--ast-global-color-4)","background-image":"","background-repeat":"repeat","background-position":"center center","background-size":"auto","background-attachment":"scroll","background-type":"","background-media":"","overlay-type":"","overlay-color":"","overlay-opacity":"","overlay-gradient":""},"tablet":{"background-color":"","background-image":"","background-repeat":"repeat","background-position":"center center","background-size":"auto","background-attachment":"scroll","background-type":"","background-media":"","overlay-type":"","overlay-color":"","overlay-opacity":"","overlay-gradient":""},"mobile":{"background-color":"","background-image":"","background-repeat":"repeat","background-position":"center center","background-size":"auto","background-attachment":"scroll","background-type":"","background-media":"","overlay-type":"","overlay-color":"","overlay-opacity":"","overlay-gradient":""}},"ast-content-background-meta":{"desktop":{"background-color":"var(--ast-global-color-5)","background-image":"","background-repeat":"repeat","background-position":"center center","background-size":"auto","background-attachment":"scroll","background-type":"","background-media":"","overlay-type":"","overlay-color":"","overlay-opacity":"","overlay-gradient":""},"tablet":{"background-color":"var(--ast-global-color-5)","background-image":"","background-repeat":"repeat","background-position":"center center","background-size":"auto","background-attachment":"scroll","background-type":"","background-media":"","overlay-type":"","overlay-color":"","overlay-opacity":"","overlay-gradient":""},"mobile":{"background-color":"var(--ast-global-color-5)","background-image":"","background-repeat":"repeat","background-position":"center center","background-size":"auto","background-attachment":"scroll","background-type":"","background-media":"","overlay-type":"","overlay-color":"","overlay-opacity":"","overlay-gradient":""}}},"pwb-brand":[39],"product_brand":[],"product_cat":[65],"product_tag":[],"class_list":{"0":"post-1663","1":"product","2":"type-product","3":"status-publish","4":"has-post-thumbnail","6":"pwb-brand-stahlgruppe","7":"product_cat-werkzeugwagen","8":"desktop-align-left","9":"tablet-align-left","10":"mobile-align-left","12":"first","13":"instock","14":"purchasable","15":"product-type-simple"},"yoast_head":"<!-- This site is optimized with the Yoast SEO plugin v27.4 - https:\/\/yoast.com\/product\/yoast-seo-wordpress\/ -->\n<title>STAHLGRUPPE JUMBO - MTD Ijzerwaren<\/title>\n<meta name=\"description\" content=\"Een STAHLGRUPPE JUMBO bestellen? MTD Ijzerwaren helpt jou graag. Neem vandaag nog contact met ons op voor meer informatie over STAHLGRUPPE JUMBO\" \/>\n<meta name=\"robots\" content=\"index, follow, max-snippet:-1, max-image-preview:large, max-video-preview:-1\" \/>\n<link rel=\"canonical\" href=\"https:\/\/mtdijzerwaren.nl\/de\/produkt\/stahlgruppe-jumbo\/\" \/>\n<meta property=\"og:locale\" content=\"de_DE\" \/>\n<meta property=\"og:type\" content=\"article\" \/>\n<meta property=\"og:title\" content=\"STAHLGRUPPE JUMBO - MTD Ijzerwaren\" \/>\n<meta property=\"og:description\" content=\"Een STAHLGRUPPE JUMBO bestellen? MTD Ijzerwaren helpt jou graag. Neem vandaag nog contact met ons op voor meer informatie over STAHLGRUPPE JUMBO\" \/>\n<meta property=\"og:url\" content=\"https:\/\/mtdijzerwaren.nl\/de\/produkt\/stahlgruppe-jumbo\/\" \/>\n<meta property=\"og:site_name\" content=\"MTD Ijzerwaren\" \/>\n<meta property=\"og:image\" content=\"https:\/\/mtdijzerwaren.nl\/wp-content\/uploads\/2022\/12\/77.jpeg\" \/>\n\t<meta property=\"og:image:width\" content=\"585\" \/>\n\t<meta property=\"og:image:height\" content=\"378\" \/>\n\t<meta property=\"og:image:type\" content=\"image\/jpeg\" \/>\n<meta name=\"twitter:card\" content=\"summary_large_image\" \/>\n<meta name=\"twitter:label1\" content=\"Gesch\u00e4tzte Lesezeit\" \/>\n\t<meta name=\"twitter:data1\" content=\"1\u00a0Minute\" \/>\n<script type=\"application\/ld+json\" class=\"yoast-schema-graph\">{\"@context\":\"https:\\\/\\\/schema.org\",\"@graph\":[{\"@type\":[\"WebPage\",\"ItemPage\"],\"@id\":\"https:\\\/\\\/mtdijzerwaren.nl\\\/de\\\/produkt\\\/stahlgruppe-jumbo\\\/\",\"url\":\"https:\\\/\\\/mtdijzerwaren.nl\\\/de\\\/produkt\\\/stahlgruppe-jumbo\\\/\",\"name\":\"STAHLGRUPPE JUMBO - MTD Ijzerwaren\",\"isPartOf\":{\"@id\":\"https:\\\/\\\/mtdijzerwaren.nl\\\/#website\"},\"primaryImageOfPage\":{\"@id\":\"https:\\\/\\\/mtdijzerwaren.nl\\\/de\\\/produkt\\\/stahlgruppe-jumbo\\\/#primaryimage\"},\"image\":{\"@id\":\"https:\\\/\\\/mtdijzerwaren.nl\\\/de\\\/produkt\\\/stahlgruppe-jumbo\\\/#primaryimage\"},\"thumbnailUrl\":\"https:\\\/\\\/mtdijzerwaren.nl\\\/wp-content\\\/uploads\\\/2022\\\/12\\\/77.jpeg\",\"datePublished\":\"2022-12-28T12:49:50+00:00\",\"description\":\"Een STAHLGRUPPE JUMBO bestellen? MTD Ijzerwaren helpt jou graag. Neem vandaag nog contact met ons op voor meer informatie over STAHLGRUPPE JUMBO\",\"breadcrumb\":{\"@id\":\"https:\\\/\\\/mtdijzerwaren.nl\\\/de\\\/produkt\\\/stahlgruppe-jumbo\\\/#breadcrumb\"},\"inLanguage\":\"de\",\"potentialAction\":[{\"@type\":\"ReadAction\",\"target\":[\"https:\\\/\\\/mtdijzerwaren.nl\\\/de\\\/produkt\\\/stahlgruppe-jumbo\\\/\"]}]},{\"@type\":\"ImageObject\",\"inLanguage\":\"de\",\"@id\":\"https:\\\/\\\/mtdijzerwaren.nl\\\/de\\\/produkt\\\/stahlgruppe-jumbo\\\/#primaryimage\",\"url\":\"https:\\\/\\\/mtdijzerwaren.nl\\\/wp-content\\\/uploads\\\/2022\\\/12\\\/77.jpeg\",\"contentUrl\":\"https:\\\/\\\/mtdijzerwaren.nl\\\/wp-content\\\/uploads\\\/2022\\\/12\\\/77.jpeg\",\"width\":585,\"height\":378},{\"@type\":\"BreadcrumbList\",\"@id\":\"https:\\\/\\\/mtdijzerwaren.nl\\\/de\\\/produkt\\\/stahlgruppe-jumbo\\\/#breadcrumb\",\"itemListElement\":[{\"@type\":\"ListItem\",\"position\":1,\"name\":\"Home\",\"item\":\"https:\\\/\\\/mtdijzerwaren.nl\\\/\"},{\"@type\":\"ListItem\",\"position\":2,\"name\":\"Shop\",\"item\":\"https:\\\/\\\/mtdijzerwaren.nl\\\/shop\\\/\"},{\"@type\":\"ListItem\",\"position\":3,\"name\":\"STAHLGRUPPE JUMBO\"}]},{\"@type\":\"WebSite\",\"@id\":\"https:\\\/\\\/mtdijzerwaren.nl\\\/#website\",\"url\":\"https:\\\/\\\/mtdijzerwaren.nl\\\/\",\"name\":\"MTD Ijzerwaren\",\"description\":\"\",\"potentialAction\":[{\"@type\":\"SearchAction\",\"target\":{\"@type\":\"EntryPoint\",\"urlTemplate\":\"https:\\\/\\\/mtdijzerwaren.nl\\\/?s={search_term_string}\"},\"query-input\":{\"@type\":\"PropertyValueSpecification\",\"valueRequired\":true,\"valueName\":\"search_term_string\"}}],\"inLanguage\":\"de\"}]}<\/script>\n<!-- \/ Yoast SEO plugin. -->","yoast_head_json":{"title":"STAHLGRUPPE JUMBO - MTD Ijzerwaren","description":"Een STAHLGRUPPE JUMBO bestellen? MTD Ijzerwaren helpt jou graag. Neem vandaag nog contact met ons op voor meer informatie over STAHLGRUPPE JUMBO","robots":{"index":"index","follow":"follow","max-snippet":"max-snippet:-1","max-image-preview":"max-image-preview:large","max-video-preview":"max-video-preview:-1"},"canonical":"https:\/\/mtdijzerwaren.nl\/de\/produkt\/stahlgruppe-jumbo\/","og_locale":"de_DE","og_type":"article","og_title":"STAHLGRUPPE JUMBO - MTD Ijzerwaren","og_description":"Een STAHLGRUPPE JUMBO bestellen? MTD Ijzerwaren helpt jou graag. Neem vandaag nog contact met ons op voor meer informatie over STAHLGRUPPE JUMBO","og_url":"https:\/\/mtdijzerwaren.nl\/de\/produkt\/stahlgruppe-jumbo\/","og_site_name":"MTD Ijzerwaren","og_image":[{"width":585,"height":378,"url":"https:\/\/mtdijzerwaren.nl\/wp-content\/uploads\/2022\/12\/77.jpeg","type":"image\/jpeg"}],"twitter_card":"summary_large_image","twitter_misc":{"Gesch\u00e4tzte Lesezeit":"1\u00a0Minute"},"schema":{"@context":"https:\/\/schema.org","@graph":[{"@type":["WebPage","ItemPage"],"@id":"https:\/\/mtdijzerwaren.nl\/de\/produkt\/stahlgruppe-jumbo\/","url":"https:\/\/mtdijzerwaren.nl\/de\/produkt\/stahlgruppe-jumbo\/","name":"STAHLGRUPPE JUMBO - MTD Ijzerwaren","isPartOf":{"@id":"https:\/\/mtdijzerwaren.nl\/#website"},"primaryImageOfPage":{"@id":"https:\/\/mtdijzerwaren.nl\/de\/produkt\/stahlgruppe-jumbo\/#primaryimage"},"image":{"@id":"https:\/\/mtdijzerwaren.nl\/de\/produkt\/stahlgruppe-jumbo\/#primaryimage"},"thumbnailUrl":"https:\/\/mtdijzerwaren.nl\/wp-content\/uploads\/2022\/12\/77.jpeg","datePublished":"2022-12-28T12:49:50+00:00","description":"Een STAHLGRUPPE JUMBO bestellen? MTD Ijzerwaren helpt jou graag. Neem vandaag nog contact met ons op voor meer informatie over STAHLGRUPPE JUMBO","breadcrumb":{"@id":"https:\/\/mtdijzerwaren.nl\/de\/produkt\/stahlgruppe-jumbo\/#breadcrumb"},"inLanguage":"de","potentialAction":[{"@type":"ReadAction","target":["https:\/\/mtdijzerwaren.nl\/de\/produkt\/stahlgruppe-jumbo\/"]}]},{"@type":"ImageObject","inLanguage":"de","@id":"https:\/\/mtdijzerwaren.nl\/de\/produkt\/stahlgruppe-jumbo\/#primaryimage","url":"https:\/\/mtdijzerwaren.nl\/wp-content\/uploads\/2022\/12\/77.jpeg","contentUrl":"https:\/\/mtdijzerwaren.nl\/wp-content\/uploads\/2022\/12\/77.jpeg","width":585,"height":378},{"@type":"BreadcrumbList","@id":"https:\/\/mtdijzerwaren.nl\/de\/produkt\/stahlgruppe-jumbo\/#breadcrumb","itemListElement":[{"@type":"ListItem","position":1,"name":"Home","item":"https:\/\/mtdijzerwaren.nl\/"},{"@type":"ListItem","position":2,"name":"Shop","item":"https:\/\/mtdijzerwaren.nl\/shop\/"},{"@type":"ListItem","position":3,"name":"STAHLGRUPPE JUMBO"}]},{"@type":"WebSite","@id":"https:\/\/mtdijzerwaren.nl\/#website","url":"https:\/\/mtdijzerwaren.nl\/","name":"MTD Ijzerwaren","description":"","potentialAction":[{"@type":"SearchAction","target":{"@type":"EntryPoint","urlTemplate":"https:\/\/mtdijzerwaren.nl\/?s={search_term_string}"},"query-input":{"@type":"PropertyValueSpecification","valueRequired":true,"valueName":"search_term_string"}}],"inLanguage":"de"}]}},"brands":[{"id":39,"name":"STAHLGRUPPE","slug":"stahlgruppe"}],"_links":{"self":[{"href":"https:\/\/mtdijzerwaren.nl\/de\/wp-json\/wp\/v2\/product\/1663","targetHints":{"allow":["GET"]}}],"collection":[{"href":"https:\/\/mtdijzerwaren.nl\/de\/wp-json\/wp\/v2\/product"}],"about":[{"href":"https:\/\/mtdijzerwaren.nl\/de\/wp-json\/wp\/v2\/types\/product"}],"replies":[{"embeddable":true,"href":"https:\/\/mtdijzerwaren.nl\/de\/wp-json\/wp\/v2\/comments?post=1663"}],"wp:featuredmedia":[{"embeddable":true,"href":"https:\/\/mtdijzerwaren.nl\/de\/wp-json\/wp\/v2\/media\/1437"}],"wp:attachment":[{"href":"https:\/\/mtdijzerwaren.nl\/de\/wp-json\/wp\/v2\/media?parent=1663"}],"wp:term":[{"taxonomy":"pwb-brand","embeddable":true,"href":"https:\/\/mtdijzerwaren.nl\/de\/wp-json\/wp\/v2\/pwb-brand?post=1663"},{"taxonomy":"product_brand","embeddable":true,"href":"https:\/\/mtdijzerwaren.nl\/de\/wp-json\/wp\/v2\/product_brand?post=1663"},{"taxonomy":"product_cat","embeddable":true,"href":"https:\/\/mtdijzerwaren.nl\/de\/wp-json\/wp\/v2\/product_cat?post=1663"},{"taxonomy":"product_tag","embeddable":true,"href":"https:\/\/mtdijzerwaren.nl\/de\/wp-json\/wp\/v2\/product_tag?post=1663"}],"curies":[{"name":"wp","href":"https:\/\/api.w.org\/{rel}","templated":true}]}}