{"id":1637,"date":"2022-12-28T14:49:43","date_gmt":"2022-12-28T12:49:43","guid":{"rendered":"https:\/\/mtdijzerwaren.nl\/product\/bosch-bohrhammer-gbh-2-26\/"},"modified":"2022-12-28T14:49:43","modified_gmt":"2022-12-28T12:49:43","slug":"bosch-bohrhammer-gbh-2-26","status":"publish","type":"product","link":"https:\/\/mtdijzerwaren.nl\/de\/produkt\/bosch-bohrhammer-gbh-2-26\/","title":{"rendered":"Bosch Bohrhammer GBH 2-26"},"content":{"rendered":"<p>Regelm\u00e4\u00dfiges und l\u00e4ngeres Bohren von L\u00f6chern in Beton oder der Abriss von Mauerwerk kann ziemlich schwer sein.<br \/>\nTats\u00e4chlich wiegt dieser leistungsstarke Kombihammer nur 2,7 Kilogramm und ist dank seines zus\u00e4tzlichen Griffs bequem und sehr kontrolliert zu handhaben.<br \/>\nTrotz seines geringen Gewichts hat der GBH 2-26 genug Kraft, um mit 4000 Schl\u00e4gen pro Minute zu bohren und abzurei\u00dfen.<br \/>\nIn Beton bohren Sie L\u00f6cher bis zu einer Gr\u00f6\u00dfe von 26 Millimetern, in Holz bis zu 30 Millimetern.<br \/>\nDie Drehzahlregelung ist stufenlos einstellbar, so dass Sie jedes Material richtig anbohren.<br \/>\nUnd bleibt Ihr Bohrer stecken?<br \/>\nSie k\u00f6nnen ihn sowohl nach links als auch nach rechts drehen, um ihn leicht wieder zu l\u00f6sen.      <\/p>\n","protected":false},"excerpt":{"rendered":"<p>Regelm\u00e4\u00dfiges und l\u00e4ngeres Bohren von L\u00f6chern in Beton oder der Abriss von Mauerwerk kann ziemlich schwer sein. Tats\u00e4chlich wiegt dieser leistungsstarke Kombihammer nur 2,7 Kilogramm und ist dank seines zus\u00e4tzlichen Griffs bequem und sehr kontrolliert zu handhaben. Trotz seines geringen Gewichts hat der GBH 2-26 genug Kraft, um mit 4000 Schl\u00e4gen pro Minute zu bohren [&hellip;]<\/p>\n","protected":false},"featured_media":1381,"comment_status":"closed","ping_status":"open","template":"","meta":{"site-sidebar-layout":"default","site-content-layout":"","ast-site-content-layout":"default","site-content-style":"default","site-sidebar-style":"default","ast-global-header-display":"","ast-banner-title-visibility":"","ast-main-header-display":"","ast-hfb-above-header-display":"","ast-hfb-below-header-display":"","ast-hfb-mobile-header-display":"","site-post-title":"","ast-breadcrumbs-content":"","ast-featured-img":"","footer-sml-layout":"","ast-disable-related-posts":"","theme-transparent-header-meta":"","adv-header-id-meta":"","stick-header-meta":"","header-above-stick-meta":"","header-main-stick-meta":"","header-below-stick-meta":"","astra-migrate-meta-layouts":"default","ast-page-background-enabled":"default","ast-page-background-meta":{"desktop":{"background-color":"var(--ast-global-color-4)","background-image":"","background-repeat":"repeat","background-position":"center center","background-size":"auto","background-attachment":"scroll","background-type":"","background-media":"","overlay-type":"","overlay-color":"","overlay-opacity":"","overlay-gradient":""},"tablet":{"background-color":"","background-image":"","background-repeat":"repeat","background-position":"center center","background-size":"auto","background-attachment":"scroll","background-type":"","background-media":"","overlay-type":"","overlay-color":"","overlay-opacity":"","overlay-gradient":""},"mobile":{"background-color":"","background-image":"","background-repeat":"repeat","background-position":"center center","background-size":"auto","background-attachment":"scroll","background-type":"","background-media":"","overlay-type":"","overlay-color":"","overlay-opacity":"","overlay-gradient":""}},"ast-content-background-meta":{"desktop":{"background-color":"var(--ast-global-color-5)","background-image":"","background-repeat":"repeat","background-position":"center center","background-size":"auto","background-attachment":"scroll","background-type":"","background-media":"","overlay-type":"","overlay-color":"","overlay-opacity":"","overlay-gradient":""},"tablet":{"background-color":"var(--ast-global-color-5)","background-image":"","background-repeat":"repeat","background-position":"center center","background-size":"auto","background-attachment":"scroll","background-type":"","background-media":"","overlay-type":"","overlay-color":"","overlay-opacity":"","overlay-gradient":""},"mobile":{"background-color":"var(--ast-global-color-5)","background-image":"","background-repeat":"repeat","background-position":"center center","background-size":"auto","background-attachment":"scroll","background-type":"","background-media":"","overlay-type":"","overlay-color":"","overlay-opacity":"","overlay-gradient":""}}},"pwb-brand":[33],"product_brand":[],"product_cat":[62],"product_tag":[],"class_list":{"0":"post-1637","1":"product","2":"type-product","3":"status-publish","4":"has-post-thumbnail","6":"pwb-brand-bosch","7":"product_cat-bohrmaschinen","8":"desktop-align-left","9":"tablet-align-left","10":"mobile-align-left","12":"first","13":"instock","14":"product-type-simple"},"yoast_head":"<!-- This site is optimized with the Yoast SEO plugin v27.4 - https:\/\/yoast.com\/product\/yoast-seo-wordpress\/ -->\n<title>Bosch Bohrhammer GBH 2-26 - MTD Ijzerwaren<\/title>\n<meta name=\"description\" content=\"Een Bosch Bohrhammer GBH 2-26 bestellen? MTD Ijzerwaren helpt jou graag. Neem vandaag nog contact met ons op voor meer informatie over Bosch Bohrhammer GBH 2-26\" \/>\n<meta name=\"robots\" content=\"index, follow, max-snippet:-1, max-image-preview:large, max-video-preview:-1\" \/>\n<link rel=\"canonical\" href=\"https:\/\/mtdijzerwaren.nl\/product\/bosch-bohrhammer-gbh-2-26\/\" \/>\n<meta property=\"og:locale\" content=\"de_DE\" \/>\n<meta property=\"og:type\" content=\"article\" \/>\n<meta property=\"og:title\" content=\"Bosch Bohrhammer GBH 2-26 - MTD Ijzerwaren\" \/>\n<meta property=\"og:description\" content=\"Een Bosch Bohrhammer GBH 2-26 bestellen? MTD Ijzerwaren helpt jou graag. Neem vandaag nog contact met ons op voor meer informatie over Bosch Bohrhammer GBH 2-26\" \/>\n<meta property=\"og:url\" content=\"https:\/\/mtdijzerwaren.nl\/product\/bosch-bohrhammer-gbh-2-26\/\" \/>\n<meta property=\"og:site_name\" content=\"MTD Ijzerwaren\" \/>\n<meta property=\"og:image\" content=\"https:\/\/mtdijzerwaren.nl\/wp-content\/uploads\/2022\/12\/cropped-Logo-MTD.png\" \/>\n\t<meta property=\"og:image:width\" content=\"512\" \/>\n\t<meta property=\"og:image:height\" content=\"512\" \/>\n\t<meta property=\"og:image:type\" content=\"image\/png\" \/>\n<meta name=\"twitter:card\" content=\"summary_large_image\" \/>\n<meta name=\"twitter:label1\" content=\"Gesch\u00e4tzte Lesezeit\" \/>\n\t<meta name=\"twitter:data1\" content=\"1\u00a0Minute\" \/>\n<script type=\"application\/ld+json\" class=\"yoast-schema-graph\">{\"@context\":\"https:\\\/\\\/schema.org\",\"@graph\":[{\"@type\":[\"WebPage\",\"ItemPage\"],\"@id\":\"https:\\\/\\\/mtdijzerwaren.nl\\\/product\\\/bosch-bohrhammer-gbh-2-26\\\/\",\"url\":\"https:\\\/\\\/mtdijzerwaren.nl\\\/product\\\/bosch-bohrhammer-gbh-2-26\\\/\",\"name\":\"Bosch Bohrhammer GBH 2-26 - MTD Ijzerwaren\",\"isPartOf\":{\"@id\":\"https:\\\/\\\/mtdijzerwaren.nl\\\/#website\"},\"primaryImageOfPage\":{\"@id\":\"https:\\\/\\\/mtdijzerwaren.nl\\\/product\\\/bosch-bohrhammer-gbh-2-26\\\/#primaryimage\"},\"image\":{\"@id\":\"https:\\\/\\\/mtdijzerwaren.nl\\\/product\\\/bosch-bohrhammer-gbh-2-26\\\/#primaryimage\"},\"thumbnailUrl\":\"https:\\\/\\\/mtdijzerwaren.nl\\\/wp-content\\\/uploads\\\/2022\\\/12\\\/21.png\",\"datePublished\":\"2022-12-28T12:49:43+00:00\",\"description\":\"Een Bosch Bohrhammer GBH 2-26 bestellen? MTD Ijzerwaren helpt jou graag. Neem vandaag nog contact met ons op voor meer informatie over Bosch Bohrhammer GBH 2-26\",\"breadcrumb\":{\"@id\":\"https:\\\/\\\/mtdijzerwaren.nl\\\/product\\\/bosch-bohrhammer-gbh-2-26\\\/#breadcrumb\"},\"inLanguage\":\"de\",\"potentialAction\":[{\"@type\":\"ReadAction\",\"target\":[\"https:\\\/\\\/mtdijzerwaren.nl\\\/product\\\/bosch-bohrhammer-gbh-2-26\\\/\"]}]},{\"@type\":\"ImageObject\",\"inLanguage\":\"de\",\"@id\":\"https:\\\/\\\/mtdijzerwaren.nl\\\/product\\\/bosch-bohrhammer-gbh-2-26\\\/#primaryimage\",\"url\":\"https:\\\/\\\/mtdijzerwaren.nl\\\/wp-content\\\/uploads\\\/2022\\\/12\\\/21.png\",\"contentUrl\":\"https:\\\/\\\/mtdijzerwaren.nl\\\/wp-content\\\/uploads\\\/2022\\\/12\\\/21.png\",\"width\":700,\"height\":542},{\"@type\":\"BreadcrumbList\",\"@id\":\"https:\\\/\\\/mtdijzerwaren.nl\\\/product\\\/bosch-bohrhammer-gbh-2-26\\\/#breadcrumb\",\"itemListElement\":[{\"@type\":\"ListItem\",\"position\":1,\"name\":\"Home\",\"item\":\"https:\\\/\\\/mtdijzerwaren.nl\\\/\"},{\"@type\":\"ListItem\",\"position\":2,\"name\":\"Shop\",\"item\":\"https:\\\/\\\/mtdijzerwaren.nl\\\/shop\\\/\"},{\"@type\":\"ListItem\",\"position\":3,\"name\":\"Bosch Bohrhammer GBH 2-26\"}]},{\"@type\":\"WebSite\",\"@id\":\"https:\\\/\\\/mtdijzerwaren.nl\\\/#website\",\"url\":\"https:\\\/\\\/mtdijzerwaren.nl\\\/\",\"name\":\"MTD Ijzerwaren\",\"description\":\"\",\"potentialAction\":[{\"@type\":\"SearchAction\",\"target\":{\"@type\":\"EntryPoint\",\"urlTemplate\":\"https:\\\/\\\/mtdijzerwaren.nl\\\/?s={search_term_string}\"},\"query-input\":{\"@type\":\"PropertyValueSpecification\",\"valueRequired\":true,\"valueName\":\"search_term_string\"}}],\"inLanguage\":\"de\"}]}<\/script>\n<!-- \/ Yoast SEO plugin. -->","yoast_head_json":{"title":"Bosch Bohrhammer GBH 2-26 - MTD Ijzerwaren","description":"Een Bosch Bohrhammer GBH 2-26 bestellen? MTD Ijzerwaren helpt jou graag. Neem vandaag nog contact met ons op voor meer informatie over Bosch Bohrhammer GBH 2-26","robots":{"index":"index","follow":"follow","max-snippet":"max-snippet:-1","max-image-preview":"max-image-preview:large","max-video-preview":"max-video-preview:-1"},"canonical":"https:\/\/mtdijzerwaren.nl\/product\/bosch-bohrhammer-gbh-2-26\/","og_locale":"de_DE","og_type":"article","og_title":"Bosch Bohrhammer GBH 2-26 - MTD Ijzerwaren","og_description":"Een Bosch Bohrhammer GBH 2-26 bestellen? MTD Ijzerwaren helpt jou graag. Neem vandaag nog contact met ons op voor meer informatie over Bosch Bohrhammer GBH 2-26","og_url":"https:\/\/mtdijzerwaren.nl\/product\/bosch-bohrhammer-gbh-2-26\/","og_site_name":"MTD Ijzerwaren","og_image":[{"width":512,"height":512,"url":"https:\/\/mtdijzerwaren.nl\/wp-content\/uploads\/2022\/12\/cropped-Logo-MTD.png","type":"image\/png"}],"twitter_card":"summary_large_image","twitter_misc":{"Gesch\u00e4tzte Lesezeit":"1\u00a0Minute"},"schema":{"@context":"https:\/\/schema.org","@graph":[{"@type":["WebPage","ItemPage"],"@id":"https:\/\/mtdijzerwaren.nl\/product\/bosch-bohrhammer-gbh-2-26\/","url":"https:\/\/mtdijzerwaren.nl\/product\/bosch-bohrhammer-gbh-2-26\/","name":"Bosch Bohrhammer GBH 2-26 - MTD Ijzerwaren","isPartOf":{"@id":"https:\/\/mtdijzerwaren.nl\/#website"},"primaryImageOfPage":{"@id":"https:\/\/mtdijzerwaren.nl\/product\/bosch-bohrhammer-gbh-2-26\/#primaryimage"},"image":{"@id":"https:\/\/mtdijzerwaren.nl\/product\/bosch-bohrhammer-gbh-2-26\/#primaryimage"},"thumbnailUrl":"https:\/\/mtdijzerwaren.nl\/wp-content\/uploads\/2022\/12\/21.png","datePublished":"2022-12-28T12:49:43+00:00","description":"Een Bosch Bohrhammer GBH 2-26 bestellen? MTD Ijzerwaren helpt jou graag. Neem vandaag nog contact met ons op voor meer informatie over Bosch Bohrhammer GBH 2-26","breadcrumb":{"@id":"https:\/\/mtdijzerwaren.nl\/product\/bosch-bohrhammer-gbh-2-26\/#breadcrumb"},"inLanguage":"de","potentialAction":[{"@type":"ReadAction","target":["https:\/\/mtdijzerwaren.nl\/product\/bosch-bohrhammer-gbh-2-26\/"]}]},{"@type":"ImageObject","inLanguage":"de","@id":"https:\/\/mtdijzerwaren.nl\/product\/bosch-bohrhammer-gbh-2-26\/#primaryimage","url":"https:\/\/mtdijzerwaren.nl\/wp-content\/uploads\/2022\/12\/21.png","contentUrl":"https:\/\/mtdijzerwaren.nl\/wp-content\/uploads\/2022\/12\/21.png","width":700,"height":542},{"@type":"BreadcrumbList","@id":"https:\/\/mtdijzerwaren.nl\/product\/bosch-bohrhammer-gbh-2-26\/#breadcrumb","itemListElement":[{"@type":"ListItem","position":1,"name":"Home","item":"https:\/\/mtdijzerwaren.nl\/"},{"@type":"ListItem","position":2,"name":"Shop","item":"https:\/\/mtdijzerwaren.nl\/shop\/"},{"@type":"ListItem","position":3,"name":"Bosch Bohrhammer GBH 2-26"}]},{"@type":"WebSite","@id":"https:\/\/mtdijzerwaren.nl\/#website","url":"https:\/\/mtdijzerwaren.nl\/","name":"MTD Ijzerwaren","description":"","potentialAction":[{"@type":"SearchAction","target":{"@type":"EntryPoint","urlTemplate":"https:\/\/mtdijzerwaren.nl\/?s={search_term_string}"},"query-input":{"@type":"PropertyValueSpecification","valueRequired":true,"valueName":"search_term_string"}}],"inLanguage":"de"}]}},"brands":[{"id":33,"name":"Bosch","slug":"bosch"}],"_links":{"self":[{"href":"https:\/\/mtdijzerwaren.nl\/de\/wp-json\/wp\/v2\/product\/1637","targetHints":{"allow":["GET"]}}],"collection":[{"href":"https:\/\/mtdijzerwaren.nl\/de\/wp-json\/wp\/v2\/product"}],"about":[{"href":"https:\/\/mtdijzerwaren.nl\/de\/wp-json\/wp\/v2\/types\/product"}],"replies":[{"embeddable":true,"href":"https:\/\/mtdijzerwaren.nl\/de\/wp-json\/wp\/v2\/comments?post=1637"}],"wp:featuredmedia":[{"embeddable":true,"href":"https:\/\/mtdijzerwaren.nl\/de\/wp-json\/wp\/v2\/media\/1381"}],"wp:attachment":[{"href":"https:\/\/mtdijzerwaren.nl\/de\/wp-json\/wp\/v2\/media?parent=1637"}],"wp:term":[{"taxonomy":"pwb-brand","embeddable":true,"href":"https:\/\/mtdijzerwaren.nl\/de\/wp-json\/wp\/v2\/pwb-brand?post=1637"},{"taxonomy":"product_brand","embeddable":true,"href":"https:\/\/mtdijzerwaren.nl\/de\/wp-json\/wp\/v2\/product_brand?post=1637"},{"taxonomy":"product_cat","embeddable":true,"href":"https:\/\/mtdijzerwaren.nl\/de\/wp-json\/wp\/v2\/product_cat?post=1637"},{"taxonomy":"product_tag","embeddable":true,"href":"https:\/\/mtdijzerwaren.nl\/de\/wp-json\/wp\/v2\/product_tag?post=1637"}],"curies":[{"name":"wp","href":"https:\/\/api.w.org\/{rel}","templated":true}]}}