{"id":1608,"date":"2022-12-28T14:49:40","date_gmt":"2022-12-28T12:49:40","guid":{"rendered":"https:\/\/mtdijzerwaren.nl\/product\/honda-eu30is-tragbares-hightech-aggregat-generator-3000w\/"},"modified":"2022-12-28T14:49:40","modified_gmt":"2022-12-28T12:49:40","slug":"honda-eu30is-tragbares-hightech-aggregat-generator-3000w","status":"publish","type":"product","link":"https:\/\/mtdijzerwaren.nl\/de\/produkt\/honda-eu30is-tragbares-hightech-aggregat-generator-3000w\/","title":{"rendered":"Honda EU30iS tragbares Hightech-Aggregat \/ Generator &#8211; 3000W"},"content":{"rendered":"<p>Sehr handlicher High-Tech-Generator von Honda Honda EU30iS tragbares High-Tech-Aggregat \/ Generator &#8211; 3 Besonderheiten: Der Honda EU30iS (Elektrostart).<br \/>\nDieser leise und kompakte Generator mit der Honda Inverter-Technologie f\u00fcr pr\u00e4zise Spannung und Frequenz verf\u00fcgt auch \u00fcber einen Repeater-Starter.<br \/>\nDas Aggregat wird sowohl f\u00fcr gesch\u00e4ftliche als auch f\u00fcr private Anwendungen eingesetzt.<br \/>\nSpezifikationen: Spannungssteuerung: Inverter Typ: Einphasig Max.<br \/>\nLeistung (230<br \/>\nV)<br \/>\n(W): 3000 Kontinuierliche Leistung (230<br \/>\nV)<br \/>\n(W): 2800 Nennspannung<br \/>\n(V): 230 Nennfrequenz (Hz): 50 Stromst\u00e4rke (maximal) (A): 12.2 Gleichstromausgang: 12V \/ 12A Motormodell: GX200 Motor: 4-Takt, OHV, 1 Zylinder Zylinder Hubraum (cm\u00b3): 196 Bohrung x Hub (mm): 68 x 45 Motordrehzahl (U\/min) 3.800 max K\u00fchlsystem: Gebl\u00e4sek\u00fchlung Z\u00fcndsystem: Transistor Motor\u00f6lkapazit\u00e4t (l): 0,55 Kraftstofftankkapazit\u00e4t (l): 13 Nominelle Betriebszeit: 8h Startsystem: Wiederholstart \/ Elektrostart Ger\u00e4uschpegel am Arbeitsplatz (dB(A)): 74 Garantierter L\u00e4rmkapp.<br \/>\nPegel (dB(A)): 91 L\u00e4nge (mm): 658 Breite (mm): 482 H\u00f6he (mm): 570 Gewicht (kg): 61.2          <\/p>\n","protected":false},"excerpt":{"rendered":"<p>Sehr handlicher High-Tech-Generator von Honda Honda EU30iS tragbares High-Tech-Aggregat \/ Generator &#8211; 3 Besonderheiten: Der Honda EU30iS (Elektrostart). Dieser leise und kompakte Generator mit der Honda Inverter-Technologie f\u00fcr pr\u00e4zise Spannung und Frequenz verf\u00fcgt auch \u00fcber einen Repeater-Starter. Das Aggregat wird sowohl f\u00fcr gesch\u00e4ftliche als auch f\u00fcr private Anwendungen eingesetzt. Spezifikationen: Spannungssteuerung: Inverter Typ: Einphasig Max. [&hellip;]<\/p>\n","protected":false},"featured_media":1372,"comment_status":"closed","ping_status":"open","template":"","meta":{"site-sidebar-layout":"default","site-content-layout":"","ast-site-content-layout":"default","site-content-style":"default","site-sidebar-style":"default","ast-global-header-display":"","ast-banner-title-visibility":"","ast-main-header-display":"","ast-hfb-above-header-display":"","ast-hfb-below-header-display":"","ast-hfb-mobile-header-display":"","site-post-title":"","ast-breadcrumbs-content":"","ast-featured-img":"","footer-sml-layout":"","ast-disable-related-posts":"","theme-transparent-header-meta":"","adv-header-id-meta":"","stick-header-meta":"","header-above-stick-meta":"","header-main-stick-meta":"","header-below-stick-meta":"","astra-migrate-meta-layouts":"default","ast-page-background-enabled":"default","ast-page-background-meta":{"desktop":{"background-color":"var(--ast-global-color-4)","background-image":"","background-repeat":"repeat","background-position":"center center","background-size":"auto","background-attachment":"scroll","background-type":"","background-media":"","overlay-type":"","overlay-color":"","overlay-opacity":"","overlay-gradient":""},"tablet":{"background-color":"","background-image":"","background-repeat":"repeat","background-position":"center center","background-size":"auto","background-attachment":"scroll","background-type":"","background-media":"","overlay-type":"","overlay-color":"","overlay-opacity":"","overlay-gradient":""},"mobile":{"background-color":"","background-image":"","background-repeat":"repeat","background-position":"center center","background-size":"auto","background-attachment":"scroll","background-type":"","background-media":"","overlay-type":"","overlay-color":"","overlay-opacity":"","overlay-gradient":""}},"ast-content-background-meta":{"desktop":{"background-color":"var(--ast-global-color-5)","background-image":"","background-repeat":"repeat","background-position":"center center","background-size":"auto","background-attachment":"scroll","background-type":"","background-media":"","overlay-type":"","overlay-color":"","overlay-opacity":"","overlay-gradient":""},"tablet":{"background-color":"var(--ast-global-color-5)","background-image":"","background-repeat":"repeat","background-position":"center center","background-size":"auto","background-attachment":"scroll","background-type":"","background-media":"","overlay-type":"","overlay-color":"","overlay-opacity":"","overlay-gradient":""},"mobile":{"background-color":"var(--ast-global-color-5)","background-image":"","background-repeat":"repeat","background-position":"center center","background-size":"auto","background-attachment":"scroll","background-type":"","background-media":"","overlay-type":"","overlay-color":"","overlay-opacity":"","overlay-gradient":""}}},"pwb-brand":[36],"product_brand":[],"product_cat":[61],"product_tag":[],"class_list":{"0":"post-1608","1":"product","2":"type-product","3":"status-publish","4":"has-post-thumbnail","6":"pwb-brand-honda","7":"product_cat-benzinwerkzeuge","8":"desktop-align-left","9":"tablet-align-left","10":"mobile-align-left","12":"first","13":"instock","14":"product-type-simple"},"yoast_head":"<!-- This site is optimized with the Yoast SEO plugin v27.4 - https:\/\/yoast.com\/product\/yoast-seo-wordpress\/ -->\n<title>Honda EU30iS tragbares Hightech-Aggregat \/ Generator - 3000W - MTD Ijzerwaren<\/title>\n<meta name=\"description\" content=\"Een Honda EU30iS tragbares Hightech-Aggregat \/ Generator - 3000W bestellen? MTD Ijzerwaren helpt jou graag. Neem vandaag nog contact met ons op voor meer informatie over Honda EU30iS tragbares Hightech-Aggregat \/ Generator - 3000W\" \/>\n<meta name=\"robots\" content=\"index, follow, max-snippet:-1, max-image-preview:large, max-video-preview:-1\" \/>\n<link rel=\"canonical\" href=\"https:\/\/mtdijzerwaren.nl\/product\/honda-eu30is-tragbares-hightech-aggregat-generator-3000w\/\" \/>\n<meta property=\"og:locale\" content=\"de_DE\" \/>\n<meta property=\"og:type\" content=\"article\" \/>\n<meta property=\"og:title\" content=\"Honda EU30iS tragbares Hightech-Aggregat \/ Generator - 3000W - MTD Ijzerwaren\" \/>\n<meta property=\"og:description\" content=\"Een Honda EU30iS tragbares Hightech-Aggregat \/ Generator - 3000W bestellen? MTD Ijzerwaren helpt jou graag. Neem vandaag nog contact met ons op voor meer informatie over Honda EU30iS tragbares Hightech-Aggregat \/ Generator - 3000W\" \/>\n<meta property=\"og:url\" content=\"https:\/\/mtdijzerwaren.nl\/product\/honda-eu30is-tragbares-hightech-aggregat-generator-3000w\/\" \/>\n<meta property=\"og:site_name\" content=\"MTD Ijzerwaren\" \/>\n<meta property=\"og:image\" content=\"https:\/\/mtdijzerwaren.nl\/wp-content\/uploads\/2022\/12\/cropped-Logo-MTD.png\" \/>\n\t<meta property=\"og:image:width\" content=\"512\" \/>\n\t<meta property=\"og:image:height\" content=\"512\" \/>\n\t<meta property=\"og:image:type\" content=\"image\/png\" \/>\n<meta name=\"twitter:card\" content=\"summary_large_image\" \/>\n<meta name=\"twitter:label1\" content=\"Gesch\u00e4tzte Lesezeit\" \/>\n\t<meta name=\"twitter:data1\" content=\"1\u00a0Minute\" \/>\n<script type=\"application\/ld+json\" class=\"yoast-schema-graph\">{\"@context\":\"https:\\\/\\\/schema.org\",\"@graph\":[{\"@type\":[\"WebPage\",\"ItemPage\"],\"@id\":\"https:\\\/\\\/mtdijzerwaren.nl\\\/product\\\/honda-eu30is-tragbares-hightech-aggregat-generator-3000w\\\/\",\"url\":\"https:\\\/\\\/mtdijzerwaren.nl\\\/product\\\/honda-eu30is-tragbares-hightech-aggregat-generator-3000w\\\/\",\"name\":\"Honda EU30iS tragbares Hightech-Aggregat \\\/ Generator - 3000W - MTD Ijzerwaren\",\"isPartOf\":{\"@id\":\"https:\\\/\\\/mtdijzerwaren.nl\\\/#website\"},\"primaryImageOfPage\":{\"@id\":\"https:\\\/\\\/mtdijzerwaren.nl\\\/product\\\/honda-eu30is-tragbares-hightech-aggregat-generator-3000w\\\/#primaryimage\"},\"image\":{\"@id\":\"https:\\\/\\\/mtdijzerwaren.nl\\\/product\\\/honda-eu30is-tragbares-hightech-aggregat-generator-3000w\\\/#primaryimage\"},\"thumbnailUrl\":\"https:\\\/\\\/mtdijzerwaren.nl\\\/wp-content\\\/uploads\\\/2022\\\/12\\\/12.jpeg\",\"datePublished\":\"2022-12-28T12:49:40+00:00\",\"description\":\"Een Honda EU30iS tragbares Hightech-Aggregat \\\/ Generator - 3000W bestellen? MTD Ijzerwaren helpt jou graag. Neem vandaag nog contact met ons op voor meer informatie over Honda EU30iS tragbares Hightech-Aggregat \\\/ Generator - 3000W\",\"breadcrumb\":{\"@id\":\"https:\\\/\\\/mtdijzerwaren.nl\\\/product\\\/honda-eu30is-tragbares-hightech-aggregat-generator-3000w\\\/#breadcrumb\"},\"inLanguage\":\"de\",\"potentialAction\":[{\"@type\":\"ReadAction\",\"target\":[\"https:\\\/\\\/mtdijzerwaren.nl\\\/product\\\/honda-eu30is-tragbares-hightech-aggregat-generator-3000w\\\/\"]}]},{\"@type\":\"ImageObject\",\"inLanguage\":\"de\",\"@id\":\"https:\\\/\\\/mtdijzerwaren.nl\\\/product\\\/honda-eu30is-tragbares-hightech-aggregat-generator-3000w\\\/#primaryimage\",\"url\":\"https:\\\/\\\/mtdijzerwaren.nl\\\/wp-content\\\/uploads\\\/2022\\\/12\\\/12.jpeg\",\"contentUrl\":\"https:\\\/\\\/mtdijzerwaren.nl\\\/wp-content\\\/uploads\\\/2022\\\/12\\\/12.jpeg\",\"width\":670,\"height\":445},{\"@type\":\"BreadcrumbList\",\"@id\":\"https:\\\/\\\/mtdijzerwaren.nl\\\/product\\\/honda-eu30is-tragbares-hightech-aggregat-generator-3000w\\\/#breadcrumb\",\"itemListElement\":[{\"@type\":\"ListItem\",\"position\":1,\"name\":\"Home\",\"item\":\"https:\\\/\\\/mtdijzerwaren.nl\\\/\"},{\"@type\":\"ListItem\",\"position\":2,\"name\":\"Shop\",\"item\":\"https:\\\/\\\/mtdijzerwaren.nl\\\/shop\\\/\"},{\"@type\":\"ListItem\",\"position\":3,\"name\":\"Honda EU30iS tragbares Hightech-Aggregat \\\/ Generator &#8211; 3000W\"}]},{\"@type\":\"WebSite\",\"@id\":\"https:\\\/\\\/mtdijzerwaren.nl\\\/#website\",\"url\":\"https:\\\/\\\/mtdijzerwaren.nl\\\/\",\"name\":\"MTD Ijzerwaren\",\"description\":\"\",\"potentialAction\":[{\"@type\":\"SearchAction\",\"target\":{\"@type\":\"EntryPoint\",\"urlTemplate\":\"https:\\\/\\\/mtdijzerwaren.nl\\\/?s={search_term_string}\"},\"query-input\":{\"@type\":\"PropertyValueSpecification\",\"valueRequired\":true,\"valueName\":\"search_term_string\"}}],\"inLanguage\":\"de\"}]}<\/script>\n<!-- \/ Yoast SEO plugin. -->","yoast_head_json":{"title":"Honda EU30iS tragbares Hightech-Aggregat \/ Generator - 3000W - MTD Ijzerwaren","description":"Een Honda EU30iS tragbares Hightech-Aggregat \/ Generator - 3000W bestellen? MTD Ijzerwaren helpt jou graag. Neem vandaag nog contact met ons op voor meer informatie over Honda EU30iS tragbares Hightech-Aggregat \/ Generator - 3000W","robots":{"index":"index","follow":"follow","max-snippet":"max-snippet:-1","max-image-preview":"max-image-preview:large","max-video-preview":"max-video-preview:-1"},"canonical":"https:\/\/mtdijzerwaren.nl\/product\/honda-eu30is-tragbares-hightech-aggregat-generator-3000w\/","og_locale":"de_DE","og_type":"article","og_title":"Honda EU30iS tragbares Hightech-Aggregat \/ Generator - 3000W - MTD Ijzerwaren","og_description":"Een Honda EU30iS tragbares Hightech-Aggregat \/ Generator - 3000W bestellen? MTD Ijzerwaren helpt jou graag. Neem vandaag nog contact met ons op voor meer informatie over Honda EU30iS tragbares Hightech-Aggregat \/ Generator - 3000W","og_url":"https:\/\/mtdijzerwaren.nl\/product\/honda-eu30is-tragbares-hightech-aggregat-generator-3000w\/","og_site_name":"MTD Ijzerwaren","og_image":[{"width":512,"height":512,"url":"https:\/\/mtdijzerwaren.nl\/wp-content\/uploads\/2022\/12\/cropped-Logo-MTD.png","type":"image\/png"}],"twitter_card":"summary_large_image","twitter_misc":{"Gesch\u00e4tzte Lesezeit":"1\u00a0Minute"},"schema":{"@context":"https:\/\/schema.org","@graph":[{"@type":["WebPage","ItemPage"],"@id":"https:\/\/mtdijzerwaren.nl\/product\/honda-eu30is-tragbares-hightech-aggregat-generator-3000w\/","url":"https:\/\/mtdijzerwaren.nl\/product\/honda-eu30is-tragbares-hightech-aggregat-generator-3000w\/","name":"Honda EU30iS tragbares Hightech-Aggregat \/ Generator - 3000W - MTD Ijzerwaren","isPartOf":{"@id":"https:\/\/mtdijzerwaren.nl\/#website"},"primaryImageOfPage":{"@id":"https:\/\/mtdijzerwaren.nl\/product\/honda-eu30is-tragbares-hightech-aggregat-generator-3000w\/#primaryimage"},"image":{"@id":"https:\/\/mtdijzerwaren.nl\/product\/honda-eu30is-tragbares-hightech-aggregat-generator-3000w\/#primaryimage"},"thumbnailUrl":"https:\/\/mtdijzerwaren.nl\/wp-content\/uploads\/2022\/12\/12.jpeg","datePublished":"2022-12-28T12:49:40+00:00","description":"Een Honda EU30iS tragbares Hightech-Aggregat \/ Generator - 3000W bestellen? MTD Ijzerwaren helpt jou graag. Neem vandaag nog contact met ons op voor meer informatie over Honda EU30iS tragbares Hightech-Aggregat \/ Generator - 3000W","breadcrumb":{"@id":"https:\/\/mtdijzerwaren.nl\/product\/honda-eu30is-tragbares-hightech-aggregat-generator-3000w\/#breadcrumb"},"inLanguage":"de","potentialAction":[{"@type":"ReadAction","target":["https:\/\/mtdijzerwaren.nl\/product\/honda-eu30is-tragbares-hightech-aggregat-generator-3000w\/"]}]},{"@type":"ImageObject","inLanguage":"de","@id":"https:\/\/mtdijzerwaren.nl\/product\/honda-eu30is-tragbares-hightech-aggregat-generator-3000w\/#primaryimage","url":"https:\/\/mtdijzerwaren.nl\/wp-content\/uploads\/2022\/12\/12.jpeg","contentUrl":"https:\/\/mtdijzerwaren.nl\/wp-content\/uploads\/2022\/12\/12.jpeg","width":670,"height":445},{"@type":"BreadcrumbList","@id":"https:\/\/mtdijzerwaren.nl\/product\/honda-eu30is-tragbares-hightech-aggregat-generator-3000w\/#breadcrumb","itemListElement":[{"@type":"ListItem","position":1,"name":"Home","item":"https:\/\/mtdijzerwaren.nl\/"},{"@type":"ListItem","position":2,"name":"Shop","item":"https:\/\/mtdijzerwaren.nl\/shop\/"},{"@type":"ListItem","position":3,"name":"Honda EU30iS tragbares Hightech-Aggregat \/ Generator &#8211; 3000W"}]},{"@type":"WebSite","@id":"https:\/\/mtdijzerwaren.nl\/#website","url":"https:\/\/mtdijzerwaren.nl\/","name":"MTD Ijzerwaren","description":"","potentialAction":[{"@type":"SearchAction","target":{"@type":"EntryPoint","urlTemplate":"https:\/\/mtdijzerwaren.nl\/?s={search_term_string}"},"query-input":{"@type":"PropertyValueSpecification","valueRequired":true,"valueName":"search_term_string"}}],"inLanguage":"de"}]}},"brands":[{"id":36,"name":"Honda","slug":"honda"}],"_links":{"self":[{"href":"https:\/\/mtdijzerwaren.nl\/de\/wp-json\/wp\/v2\/product\/1608","targetHints":{"allow":["GET"]}}],"collection":[{"href":"https:\/\/mtdijzerwaren.nl\/de\/wp-json\/wp\/v2\/product"}],"about":[{"href":"https:\/\/mtdijzerwaren.nl\/de\/wp-json\/wp\/v2\/types\/product"}],"replies":[{"embeddable":true,"href":"https:\/\/mtdijzerwaren.nl\/de\/wp-json\/wp\/v2\/comments?post=1608"}],"wp:featuredmedia":[{"embeddable":true,"href":"https:\/\/mtdijzerwaren.nl\/de\/wp-json\/wp\/v2\/media\/1372"}],"wp:attachment":[{"href":"https:\/\/mtdijzerwaren.nl\/de\/wp-json\/wp\/v2\/media?parent=1608"}],"wp:term":[{"taxonomy":"pwb-brand","embeddable":true,"href":"https:\/\/mtdijzerwaren.nl\/de\/wp-json\/wp\/v2\/pwb-brand?post=1608"},{"taxonomy":"product_brand","embeddable":true,"href":"https:\/\/mtdijzerwaren.nl\/de\/wp-json\/wp\/v2\/product_brand?post=1608"},{"taxonomy":"product_cat","embeddable":true,"href":"https:\/\/mtdijzerwaren.nl\/de\/wp-json\/wp\/v2\/product_cat?post=1608"},{"taxonomy":"product_tag","embeddable":true,"href":"https:\/\/mtdijzerwaren.nl\/de\/wp-json\/wp\/v2\/product_tag?post=1608"}],"curies":[{"name":"wp","href":"https:\/\/api.w.org\/{rel}","templated":true}]}}