{"id":1606,"date":"2022-12-28T14:49:40","date_gmt":"2022-12-28T12:49:40","guid":{"rendered":"https:\/\/mtdijzerwaren.nl\/product\/wacker-vp-2050a-vibrierende-platte\/"},"modified":"2022-12-28T14:49:40","modified_gmt":"2022-12-28T12:49:40","slug":"wacker-vp-2050a-vibrierende-platte","status":"publish","type":"product","link":"https:\/\/mtdijzerwaren.nl\/de\/produkt\/wacker-vp-2050a-vibrierende-platte\/","title":{"rendered":"WACKER VP 2050A VIBRIERENDE PLATTE"},"content":{"rendered":"<p>Sind Sie auf der Suche nach einer handlichen R\u00fcttelplatte mit einem sehr gro\u00dfen Fassungsverm\u00f6gen?<br \/>\nDann ist die neue VP 2050 von Wacker Neuson genau das Richtige f\u00fcr Sie!<br \/>\nDieses Spitzenmodell unter den leichten Vibrationsplatten des Weltmarktf\u00fchrers ist das Nonplusultra der Branche.  <\/p>\n","protected":false},"excerpt":{"rendered":"<p>Sind Sie auf der Suche nach einer handlichen R\u00fcttelplatte mit einem sehr gro\u00dfen Fassungsverm\u00f6gen? Dann ist die neue VP 2050 von Wacker Neuson genau das Richtige f\u00fcr Sie! Dieses Spitzenmodell unter den leichten Vibrationsplatten des Weltmarktf\u00fchrers ist das Nonplusultra der Branche.<\/p>\n","protected":false},"featured_media":1379,"comment_status":"closed","ping_status":"open","template":"","meta":{"site-sidebar-layout":"default","site-content-layout":"","ast-site-content-layout":"default","site-content-style":"default","site-sidebar-style":"default","ast-global-header-display":"","ast-banner-title-visibility":"","ast-main-header-display":"","ast-hfb-above-header-display":"","ast-hfb-below-header-display":"","ast-hfb-mobile-header-display":"","site-post-title":"","ast-breadcrumbs-content":"","ast-featured-img":"","footer-sml-layout":"","ast-disable-related-posts":"","theme-transparent-header-meta":"","adv-header-id-meta":"","stick-header-meta":"","header-above-stick-meta":"","header-main-stick-meta":"","header-below-stick-meta":"","astra-migrate-meta-layouts":"default","ast-page-background-enabled":"default","ast-page-background-meta":{"desktop":{"background-color":"var(--ast-global-color-4)","background-image":"","background-repeat":"repeat","background-position":"center center","background-size":"auto","background-attachment":"scroll","background-type":"","background-media":"","overlay-type":"","overlay-color":"","overlay-opacity":"","overlay-gradient":""},"tablet":{"background-color":"","background-image":"","background-repeat":"repeat","background-position":"center center","background-size":"auto","background-attachment":"scroll","background-type":"","background-media":"","overlay-type":"","overlay-color":"","overlay-opacity":"","overlay-gradient":""},"mobile":{"background-color":"","background-image":"","background-repeat":"repeat","background-position":"center center","background-size":"auto","background-attachment":"scroll","background-type":"","background-media":"","overlay-type":"","overlay-color":"","overlay-opacity":"","overlay-gradient":""}},"ast-content-background-meta":{"desktop":{"background-color":"var(--ast-global-color-5)","background-image":"","background-repeat":"repeat","background-position":"center center","background-size":"auto","background-attachment":"scroll","background-type":"","background-media":"","overlay-type":"","overlay-color":"","overlay-opacity":"","overlay-gradient":""},"tablet":{"background-color":"var(--ast-global-color-5)","background-image":"","background-repeat":"repeat","background-position":"center center","background-size":"auto","background-attachment":"scroll","background-type":"","background-media":"","overlay-type":"","overlay-color":"","overlay-opacity":"","overlay-gradient":""},"mobile":{"background-color":"var(--ast-global-color-5)","background-image":"","background-repeat":"repeat","background-position":"center center","background-size":"auto","background-attachment":"scroll","background-type":"","background-media":"","overlay-type":"","overlay-color":"","overlay-opacity":"","overlay-gradient":""}}},"pwb-brand":[38],"product_brand":[],"product_cat":[61],"product_tag":[],"class_list":{"0":"post-1606","1":"product","2":"type-product","3":"status-publish","4":"has-post-thumbnail","6":"pwb-brand-wacker","7":"product_cat-benzinwerkzeuge","8":"desktop-align-left","9":"tablet-align-left","10":"mobile-align-left","12":"first","13":"instock","14":"product-type-simple"},"yoast_head":"<!-- This site is optimized with the Yoast SEO plugin v27.4 - https:\/\/yoast.com\/product\/yoast-seo-wordpress\/ -->\n<title>WACKER VP 2050A VIBRIERENDE PLATTE - MTD Ijzerwaren<\/title>\n<meta name=\"description\" content=\"Een WACKER VP 2050A VIBRIERENDE PLATTE bestellen? MTD Ijzerwaren helpt jou graag. Neem vandaag nog contact met ons op voor meer informatie over WACKER VP 2050A VIBRIERENDE PLATTE\" \/>\n<meta name=\"robots\" content=\"index, follow, max-snippet:-1, max-image-preview:large, max-video-preview:-1\" \/>\n<link rel=\"canonical\" href=\"https:\/\/mtdijzerwaren.nl\/product\/wacker-vp-2050a-vibrierende-platte\/\" \/>\n<meta property=\"og:locale\" content=\"de_DE\" \/>\n<meta property=\"og:type\" content=\"article\" \/>\n<meta property=\"og:title\" content=\"WACKER VP 2050A VIBRIERENDE PLATTE - MTD Ijzerwaren\" \/>\n<meta property=\"og:description\" content=\"Een WACKER VP 2050A VIBRIERENDE PLATTE bestellen? MTD Ijzerwaren helpt jou graag. Neem vandaag nog contact met ons op voor meer informatie over WACKER VP 2050A VIBRIERENDE PLATTE\" \/>\n<meta property=\"og:url\" content=\"https:\/\/mtdijzerwaren.nl\/product\/wacker-vp-2050a-vibrierende-platte\/\" \/>\n<meta property=\"og:site_name\" content=\"MTD Ijzerwaren\" \/>\n<meta property=\"og:image\" content=\"https:\/\/mtdijzerwaren.nl\/wp-content\/uploads\/2022\/12\/cropped-Logo-MTD.png\" \/>\n\t<meta property=\"og:image:width\" content=\"512\" \/>\n\t<meta property=\"og:image:height\" content=\"512\" \/>\n\t<meta property=\"og:image:type\" content=\"image\/png\" \/>\n<meta name=\"twitter:card\" content=\"summary_large_image\" \/>\n<script type=\"application\/ld+json\" class=\"yoast-schema-graph\">{\"@context\":\"https:\\\/\\\/schema.org\",\"@graph\":[{\"@type\":[\"WebPage\",\"ItemPage\"],\"@id\":\"https:\\\/\\\/mtdijzerwaren.nl\\\/product\\\/wacker-vp-2050a-vibrierende-platte\\\/\",\"url\":\"https:\\\/\\\/mtdijzerwaren.nl\\\/product\\\/wacker-vp-2050a-vibrierende-platte\\\/\",\"name\":\"WACKER VP 2050A VIBRIERENDE PLATTE - MTD Ijzerwaren\",\"isPartOf\":{\"@id\":\"https:\\\/\\\/mtdijzerwaren.nl\\\/#website\"},\"primaryImageOfPage\":{\"@id\":\"https:\\\/\\\/mtdijzerwaren.nl\\\/product\\\/wacker-vp-2050a-vibrierende-platte\\\/#primaryimage\"},\"image\":{\"@id\":\"https:\\\/\\\/mtdijzerwaren.nl\\\/product\\\/wacker-vp-2050a-vibrierende-platte\\\/#primaryimage\"},\"thumbnailUrl\":\"https:\\\/\\\/mtdijzerwaren.nl\\\/wp-content\\\/uploads\\\/2022\\\/12\\\/19.jpeg\",\"datePublished\":\"2022-12-28T12:49:40+00:00\",\"description\":\"Een WACKER VP 2050A VIBRIERENDE PLATTE bestellen? MTD Ijzerwaren helpt jou graag. Neem vandaag nog contact met ons op voor meer informatie over WACKER VP 2050A VIBRIERENDE PLATTE\",\"breadcrumb\":{\"@id\":\"https:\\\/\\\/mtdijzerwaren.nl\\\/product\\\/wacker-vp-2050a-vibrierende-platte\\\/#breadcrumb\"},\"inLanguage\":\"de\",\"potentialAction\":[{\"@type\":\"ReadAction\",\"target\":[\"https:\\\/\\\/mtdijzerwaren.nl\\\/product\\\/wacker-vp-2050a-vibrierende-platte\\\/\"]}]},{\"@type\":\"ImageObject\",\"inLanguage\":\"de\",\"@id\":\"https:\\\/\\\/mtdijzerwaren.nl\\\/product\\\/wacker-vp-2050a-vibrierende-platte\\\/#primaryimage\",\"url\":\"https:\\\/\\\/mtdijzerwaren.nl\\\/wp-content\\\/uploads\\\/2022\\\/12\\\/19.jpeg\",\"contentUrl\":\"https:\\\/\\\/mtdijzerwaren.nl\\\/wp-content\\\/uploads\\\/2022\\\/12\\\/19.jpeg\",\"width\":350,\"height\":350},{\"@type\":\"BreadcrumbList\",\"@id\":\"https:\\\/\\\/mtdijzerwaren.nl\\\/product\\\/wacker-vp-2050a-vibrierende-platte\\\/#breadcrumb\",\"itemListElement\":[{\"@type\":\"ListItem\",\"position\":1,\"name\":\"Home\",\"item\":\"https:\\\/\\\/mtdijzerwaren.nl\\\/\"},{\"@type\":\"ListItem\",\"position\":2,\"name\":\"Shop\",\"item\":\"https:\\\/\\\/mtdijzerwaren.nl\\\/shop\\\/\"},{\"@type\":\"ListItem\",\"position\":3,\"name\":\"WACKER VP 2050A VIBRIERENDE PLATTE\"}]},{\"@type\":\"WebSite\",\"@id\":\"https:\\\/\\\/mtdijzerwaren.nl\\\/#website\",\"url\":\"https:\\\/\\\/mtdijzerwaren.nl\\\/\",\"name\":\"MTD Ijzerwaren\",\"description\":\"\",\"potentialAction\":[{\"@type\":\"SearchAction\",\"target\":{\"@type\":\"EntryPoint\",\"urlTemplate\":\"https:\\\/\\\/mtdijzerwaren.nl\\\/?s={search_term_string}\"},\"query-input\":{\"@type\":\"PropertyValueSpecification\",\"valueRequired\":true,\"valueName\":\"search_term_string\"}}],\"inLanguage\":\"de\"}]}<\/script>\n<!-- \/ Yoast SEO plugin. -->","yoast_head_json":{"title":"WACKER VP 2050A VIBRIERENDE PLATTE - MTD Ijzerwaren","description":"Een WACKER VP 2050A VIBRIERENDE PLATTE bestellen? MTD Ijzerwaren helpt jou graag. Neem vandaag nog contact met ons op voor meer informatie over WACKER VP 2050A VIBRIERENDE PLATTE","robots":{"index":"index","follow":"follow","max-snippet":"max-snippet:-1","max-image-preview":"max-image-preview:large","max-video-preview":"max-video-preview:-1"},"canonical":"https:\/\/mtdijzerwaren.nl\/product\/wacker-vp-2050a-vibrierende-platte\/","og_locale":"de_DE","og_type":"article","og_title":"WACKER VP 2050A VIBRIERENDE PLATTE - MTD Ijzerwaren","og_description":"Een WACKER VP 2050A VIBRIERENDE PLATTE bestellen? MTD Ijzerwaren helpt jou graag. Neem vandaag nog contact met ons op voor meer informatie over WACKER VP 2050A VIBRIERENDE PLATTE","og_url":"https:\/\/mtdijzerwaren.nl\/product\/wacker-vp-2050a-vibrierende-platte\/","og_site_name":"MTD Ijzerwaren","og_image":[{"width":512,"height":512,"url":"https:\/\/mtdijzerwaren.nl\/wp-content\/uploads\/2022\/12\/cropped-Logo-MTD.png","type":"image\/png"}],"twitter_card":"summary_large_image","schema":{"@context":"https:\/\/schema.org","@graph":[{"@type":["WebPage","ItemPage"],"@id":"https:\/\/mtdijzerwaren.nl\/product\/wacker-vp-2050a-vibrierende-platte\/","url":"https:\/\/mtdijzerwaren.nl\/product\/wacker-vp-2050a-vibrierende-platte\/","name":"WACKER VP 2050A VIBRIERENDE PLATTE - MTD Ijzerwaren","isPartOf":{"@id":"https:\/\/mtdijzerwaren.nl\/#website"},"primaryImageOfPage":{"@id":"https:\/\/mtdijzerwaren.nl\/product\/wacker-vp-2050a-vibrierende-platte\/#primaryimage"},"image":{"@id":"https:\/\/mtdijzerwaren.nl\/product\/wacker-vp-2050a-vibrierende-platte\/#primaryimage"},"thumbnailUrl":"https:\/\/mtdijzerwaren.nl\/wp-content\/uploads\/2022\/12\/19.jpeg","datePublished":"2022-12-28T12:49:40+00:00","description":"Een WACKER VP 2050A VIBRIERENDE PLATTE bestellen? MTD Ijzerwaren helpt jou graag. Neem vandaag nog contact met ons op voor meer informatie over WACKER VP 2050A VIBRIERENDE PLATTE","breadcrumb":{"@id":"https:\/\/mtdijzerwaren.nl\/product\/wacker-vp-2050a-vibrierende-platte\/#breadcrumb"},"inLanguage":"de","potentialAction":[{"@type":"ReadAction","target":["https:\/\/mtdijzerwaren.nl\/product\/wacker-vp-2050a-vibrierende-platte\/"]}]},{"@type":"ImageObject","inLanguage":"de","@id":"https:\/\/mtdijzerwaren.nl\/product\/wacker-vp-2050a-vibrierende-platte\/#primaryimage","url":"https:\/\/mtdijzerwaren.nl\/wp-content\/uploads\/2022\/12\/19.jpeg","contentUrl":"https:\/\/mtdijzerwaren.nl\/wp-content\/uploads\/2022\/12\/19.jpeg","width":350,"height":350},{"@type":"BreadcrumbList","@id":"https:\/\/mtdijzerwaren.nl\/product\/wacker-vp-2050a-vibrierende-platte\/#breadcrumb","itemListElement":[{"@type":"ListItem","position":1,"name":"Home","item":"https:\/\/mtdijzerwaren.nl\/"},{"@type":"ListItem","position":2,"name":"Shop","item":"https:\/\/mtdijzerwaren.nl\/shop\/"},{"@type":"ListItem","position":3,"name":"WACKER VP 2050A VIBRIERENDE PLATTE"}]},{"@type":"WebSite","@id":"https:\/\/mtdijzerwaren.nl\/#website","url":"https:\/\/mtdijzerwaren.nl\/","name":"MTD Ijzerwaren","description":"","potentialAction":[{"@type":"SearchAction","target":{"@type":"EntryPoint","urlTemplate":"https:\/\/mtdijzerwaren.nl\/?s={search_term_string}"},"query-input":{"@type":"PropertyValueSpecification","valueRequired":true,"valueName":"search_term_string"}}],"inLanguage":"de"}]}},"brands":[{"id":38,"name":"Wacker","slug":"wacker"}],"_links":{"self":[{"href":"https:\/\/mtdijzerwaren.nl\/de\/wp-json\/wp\/v2\/product\/1606","targetHints":{"allow":["GET"]}}],"collection":[{"href":"https:\/\/mtdijzerwaren.nl\/de\/wp-json\/wp\/v2\/product"}],"about":[{"href":"https:\/\/mtdijzerwaren.nl\/de\/wp-json\/wp\/v2\/types\/product"}],"replies":[{"embeddable":true,"href":"https:\/\/mtdijzerwaren.nl\/de\/wp-json\/wp\/v2\/comments?post=1606"}],"wp:featuredmedia":[{"embeddable":true,"href":"https:\/\/mtdijzerwaren.nl\/de\/wp-json\/wp\/v2\/media\/1379"}],"wp:attachment":[{"href":"https:\/\/mtdijzerwaren.nl\/de\/wp-json\/wp\/v2\/media?parent=1606"}],"wp:term":[{"taxonomy":"pwb-brand","embeddable":true,"href":"https:\/\/mtdijzerwaren.nl\/de\/wp-json\/wp\/v2\/pwb-brand?post=1606"},{"taxonomy":"product_brand","embeddable":true,"href":"https:\/\/mtdijzerwaren.nl\/de\/wp-json\/wp\/v2\/product_brand?post=1606"},{"taxonomy":"product_cat","embeddable":true,"href":"https:\/\/mtdijzerwaren.nl\/de\/wp-json\/wp\/v2\/product_cat?post=1606"},{"taxonomy":"product_tag","embeddable":true,"href":"https:\/\/mtdijzerwaren.nl\/de\/wp-json\/wp\/v2\/product_tag?post=1606"}],"curies":[{"name":"wp","href":"https:\/\/api.w.org\/{rel}","templated":true}]}}