{"id":1604,"date":"2022-12-28T14:49:40","date_gmt":"2022-12-28T12:49:40","guid":{"rendered":"https:\/\/mtdijzerwaren.nl\/product\/bosch-akkubohrmaschine-psr1800-li-2-workbox\/"},"modified":"2022-12-28T14:49:40","modified_gmt":"2022-12-28T12:49:40","slug":"bosch-akkubohrmaschine-psr1800-li-2-workbox","status":"publish","type":"product","link":"https:\/\/mtdijzerwaren.nl\/de\/produkt\/bosch-akkubohrmaschine-psr1800-li-2-workbox\/","title":{"rendered":"Bosch Akkubohrmaschine PSR1800 LI-2 Workbox"},"content":{"rendered":"<p>Mit dem Akku-Bohrschrauber PSR 1800 LI-2 von Bosch sind Sie mit einem Schlag fertig.<br \/>\nSie erhalten einen leistungsstarken und vielseitigen Akkubohrer.<br \/>\nDer PSR1800 LI-2 umfasst den handlichen und vielseitigen Akkubohrer mit zwei 1,5 Ah Lithium-Ionen-Akkus und einem 1-Stunden-Ladeger\u00e4t.<br \/>\nMit diesem Bohrschrauber bohren Sie m\u00fchelos in Holz bis zu 30 mm und in Metall bis zu 10 mm.<br \/>\nDank des integrierten PowerLight haben Sie beim Schrauben und Bohren immer gen\u00fcgend Licht.<br \/>\nDer Akkuschrauber ist in einer praktischen Workbox verpackt.<br \/>\nSie k\u00f6nnen diese Workbox als praktischen Trittstein verwenden, so dass Sie nicht f\u00fcr jede Arbeit eine Treppe ben\u00f6tigen.<br \/>\nDer Akku-Bohrschrauber PSR 1800 LI-2 von Bosch bietet Ihnen also gro\u00dfen Komfort und stundenlange Freude an der Arbeit.       <\/p>\n","protected":false},"excerpt":{"rendered":"<p>Mit dem Akku-Bohrschrauber PSR 1800 LI-2 von Bosch sind Sie mit einem Schlag fertig. Sie erhalten einen leistungsstarken und vielseitigen Akkubohrer. Der PSR1800 LI-2 umfasst den handlichen und vielseitigen Akkubohrer mit zwei 1,5 Ah Lithium-Ionen-Akkus und einem 1-Stunden-Ladeger\u00e4t. Mit diesem Bohrschrauber bohren Sie m\u00fchelos in Holz bis zu 30 mm und in Metall bis zu [&hellip;]<\/p>\n","protected":false},"featured_media":1380,"comment_status":"closed","ping_status":"open","template":"","meta":{"site-sidebar-layout":"default","site-content-layout":"","ast-site-content-layout":"default","site-content-style":"default","site-sidebar-style":"default","ast-global-header-display":"","ast-banner-title-visibility":"","ast-main-header-display":"","ast-hfb-above-header-display":"","ast-hfb-below-header-display":"","ast-hfb-mobile-header-display":"","site-post-title":"","ast-breadcrumbs-content":"","ast-featured-img":"","footer-sml-layout":"","ast-disable-related-posts":"","theme-transparent-header-meta":"","adv-header-id-meta":"","stick-header-meta":"","header-above-stick-meta":"","header-main-stick-meta":"","header-below-stick-meta":"","astra-migrate-meta-layouts":"default","ast-page-background-enabled":"default","ast-page-background-meta":{"desktop":{"background-color":"var(--ast-global-color-4)","background-image":"","background-repeat":"repeat","background-position":"center center","background-size":"auto","background-attachment":"scroll","background-type":"","background-media":"","overlay-type":"","overlay-color":"","overlay-opacity":"","overlay-gradient":""},"tablet":{"background-color":"","background-image":"","background-repeat":"repeat","background-position":"center center","background-size":"auto","background-attachment":"scroll","background-type":"","background-media":"","overlay-type":"","overlay-color":"","overlay-opacity":"","overlay-gradient":""},"mobile":{"background-color":"","background-image":"","background-repeat":"repeat","background-position":"center center","background-size":"auto","background-attachment":"scroll","background-type":"","background-media":"","overlay-type":"","overlay-color":"","overlay-opacity":"","overlay-gradient":""}},"ast-content-background-meta":{"desktop":{"background-color":"var(--ast-global-color-5)","background-image":"","background-repeat":"repeat","background-position":"center center","background-size":"auto","background-attachment":"scroll","background-type":"","background-media":"","overlay-type":"","overlay-color":"","overlay-opacity":"","overlay-gradient":""},"tablet":{"background-color":"var(--ast-global-color-5)","background-image":"","background-repeat":"repeat","background-position":"center center","background-size":"auto","background-attachment":"scroll","background-type":"","background-media":"","overlay-type":"","overlay-color":"","overlay-opacity":"","overlay-gradient":""},"mobile":{"background-color":"var(--ast-global-color-5)","background-image":"","background-repeat":"repeat","background-position":"center center","background-size":"auto","background-attachment":"scroll","background-type":"","background-media":"","overlay-type":"","overlay-color":"","overlay-opacity":"","overlay-gradient":""}}},"pwb-brand":[33],"product_brand":[],"product_cat":[62],"product_tag":[],"class_list":{"0":"post-1604","1":"product","2":"type-product","3":"status-publish","4":"has-post-thumbnail","6":"pwb-brand-bosch","7":"product_cat-bohrmaschinen","8":"desktop-align-left","9":"tablet-align-left","10":"mobile-align-left","12":"first","13":"instock","14":"product-type-simple"},"yoast_head":"<!-- This site is optimized with the Yoast SEO plugin v27.4 - https:\/\/yoast.com\/product\/yoast-seo-wordpress\/ -->\n<title>Bosch Akkubohrmaschine PSR1800 LI-2 Workbox - MTD Ijzerwaren<\/title>\n<meta name=\"description\" content=\"Een Bosch Akkubohrmaschine PSR1800 LI-2 Workbox bestellen? MTD Ijzerwaren helpt jou graag. Neem vandaag nog contact met ons op voor meer informatie over Bosch Akkubohrmaschine PSR1800 LI-2 Workbox\" \/>\n<meta name=\"robots\" content=\"index, follow, max-snippet:-1, max-image-preview:large, max-video-preview:-1\" \/>\n<link rel=\"canonical\" href=\"https:\/\/mtdijzerwaren.nl\/product\/bosch-akkubohrmaschine-psr1800-li-2-workbox\/\" \/>\n<meta property=\"og:locale\" content=\"de_DE\" \/>\n<meta property=\"og:type\" content=\"article\" \/>\n<meta property=\"og:title\" content=\"Bosch Akkubohrmaschine PSR1800 LI-2 Workbox - MTD Ijzerwaren\" \/>\n<meta property=\"og:description\" content=\"Een Bosch Akkubohrmaschine PSR1800 LI-2 Workbox bestellen? MTD Ijzerwaren helpt jou graag. Neem vandaag nog contact met ons op voor meer informatie over Bosch Akkubohrmaschine PSR1800 LI-2 Workbox\" \/>\n<meta property=\"og:url\" content=\"https:\/\/mtdijzerwaren.nl\/product\/bosch-akkubohrmaschine-psr1800-li-2-workbox\/\" \/>\n<meta property=\"og:site_name\" content=\"MTD Ijzerwaren\" \/>\n<meta property=\"og:image\" content=\"https:\/\/mtdijzerwaren.nl\/wp-content\/uploads\/2022\/12\/cropped-Logo-MTD.png\" \/>\n\t<meta property=\"og:image:width\" content=\"512\" \/>\n\t<meta property=\"og:image:height\" content=\"512\" \/>\n\t<meta property=\"og:image:type\" content=\"image\/png\" \/>\n<meta name=\"twitter:card\" content=\"summary_large_image\" \/>\n<meta name=\"twitter:label1\" content=\"Gesch\u00e4tzte Lesezeit\" \/>\n\t<meta name=\"twitter:data1\" content=\"1\u00a0Minute\" \/>\n<script type=\"application\/ld+json\" class=\"yoast-schema-graph\">{\"@context\":\"https:\\\/\\\/schema.org\",\"@graph\":[{\"@type\":[\"WebPage\",\"ItemPage\"],\"@id\":\"https:\\\/\\\/mtdijzerwaren.nl\\\/product\\\/bosch-akkubohrmaschine-psr1800-li-2-workbox\\\/\",\"url\":\"https:\\\/\\\/mtdijzerwaren.nl\\\/product\\\/bosch-akkubohrmaschine-psr1800-li-2-workbox\\\/\",\"name\":\"Bosch Akkubohrmaschine PSR1800 LI-2 Workbox - MTD Ijzerwaren\",\"isPartOf\":{\"@id\":\"https:\\\/\\\/mtdijzerwaren.nl\\\/#website\"},\"primaryImageOfPage\":{\"@id\":\"https:\\\/\\\/mtdijzerwaren.nl\\\/product\\\/bosch-akkubohrmaschine-psr1800-li-2-workbox\\\/#primaryimage\"},\"image\":{\"@id\":\"https:\\\/\\\/mtdijzerwaren.nl\\\/product\\\/bosch-akkubohrmaschine-psr1800-li-2-workbox\\\/#primaryimage\"},\"thumbnailUrl\":\"https:\\\/\\\/mtdijzerwaren.nl\\\/wp-content\\\/uploads\\\/2022\\\/12\\\/20.png\",\"datePublished\":\"2022-12-28T12:49:40+00:00\",\"description\":\"Een Bosch Akkubohrmaschine PSR1800 LI-2 Workbox bestellen? MTD Ijzerwaren helpt jou graag. Neem vandaag nog contact met ons op voor meer informatie over Bosch Akkubohrmaschine PSR1800 LI-2 Workbox\",\"breadcrumb\":{\"@id\":\"https:\\\/\\\/mtdijzerwaren.nl\\\/product\\\/bosch-akkubohrmaschine-psr1800-li-2-workbox\\\/#breadcrumb\"},\"inLanguage\":\"de\",\"potentialAction\":[{\"@type\":\"ReadAction\",\"target\":[\"https:\\\/\\\/mtdijzerwaren.nl\\\/product\\\/bosch-akkubohrmaschine-psr1800-li-2-workbox\\\/\"]}]},{\"@type\":\"ImageObject\",\"inLanguage\":\"de\",\"@id\":\"https:\\\/\\\/mtdijzerwaren.nl\\\/product\\\/bosch-akkubohrmaschine-psr1800-li-2-workbox\\\/#primaryimage\",\"url\":\"https:\\\/\\\/mtdijzerwaren.nl\\\/wp-content\\\/uploads\\\/2022\\\/12\\\/20.png\",\"contentUrl\":\"https:\\\/\\\/mtdijzerwaren.nl\\\/wp-content\\\/uploads\\\/2022\\\/12\\\/20.png\",\"width\":516,\"height\":630},{\"@type\":\"BreadcrumbList\",\"@id\":\"https:\\\/\\\/mtdijzerwaren.nl\\\/product\\\/bosch-akkubohrmaschine-psr1800-li-2-workbox\\\/#breadcrumb\",\"itemListElement\":[{\"@type\":\"ListItem\",\"position\":1,\"name\":\"Home\",\"item\":\"https:\\\/\\\/mtdijzerwaren.nl\\\/\"},{\"@type\":\"ListItem\",\"position\":2,\"name\":\"Shop\",\"item\":\"https:\\\/\\\/mtdijzerwaren.nl\\\/shop\\\/\"},{\"@type\":\"ListItem\",\"position\":3,\"name\":\"Bosch Akkubohrmaschine PSR1800 LI-2 Workbox\"}]},{\"@type\":\"WebSite\",\"@id\":\"https:\\\/\\\/mtdijzerwaren.nl\\\/#website\",\"url\":\"https:\\\/\\\/mtdijzerwaren.nl\\\/\",\"name\":\"MTD Ijzerwaren\",\"description\":\"\",\"potentialAction\":[{\"@type\":\"SearchAction\",\"target\":{\"@type\":\"EntryPoint\",\"urlTemplate\":\"https:\\\/\\\/mtdijzerwaren.nl\\\/?s={search_term_string}\"},\"query-input\":{\"@type\":\"PropertyValueSpecification\",\"valueRequired\":true,\"valueName\":\"search_term_string\"}}],\"inLanguage\":\"de\"}]}<\/script>\n<!-- \/ Yoast SEO plugin. -->","yoast_head_json":{"title":"Bosch Akkubohrmaschine PSR1800 LI-2 Workbox - MTD Ijzerwaren","description":"Een Bosch Akkubohrmaschine PSR1800 LI-2 Workbox bestellen? MTD Ijzerwaren helpt jou graag. Neem vandaag nog contact met ons op voor meer informatie over Bosch Akkubohrmaschine PSR1800 LI-2 Workbox","robots":{"index":"index","follow":"follow","max-snippet":"max-snippet:-1","max-image-preview":"max-image-preview:large","max-video-preview":"max-video-preview:-1"},"canonical":"https:\/\/mtdijzerwaren.nl\/product\/bosch-akkubohrmaschine-psr1800-li-2-workbox\/","og_locale":"de_DE","og_type":"article","og_title":"Bosch Akkubohrmaschine PSR1800 LI-2 Workbox - MTD Ijzerwaren","og_description":"Een Bosch Akkubohrmaschine PSR1800 LI-2 Workbox bestellen? MTD Ijzerwaren helpt jou graag. Neem vandaag nog contact met ons op voor meer informatie over Bosch Akkubohrmaschine PSR1800 LI-2 Workbox","og_url":"https:\/\/mtdijzerwaren.nl\/product\/bosch-akkubohrmaschine-psr1800-li-2-workbox\/","og_site_name":"MTD Ijzerwaren","og_image":[{"width":512,"height":512,"url":"https:\/\/mtdijzerwaren.nl\/wp-content\/uploads\/2022\/12\/cropped-Logo-MTD.png","type":"image\/png"}],"twitter_card":"summary_large_image","twitter_misc":{"Gesch\u00e4tzte Lesezeit":"1\u00a0Minute"},"schema":{"@context":"https:\/\/schema.org","@graph":[{"@type":["WebPage","ItemPage"],"@id":"https:\/\/mtdijzerwaren.nl\/product\/bosch-akkubohrmaschine-psr1800-li-2-workbox\/","url":"https:\/\/mtdijzerwaren.nl\/product\/bosch-akkubohrmaschine-psr1800-li-2-workbox\/","name":"Bosch Akkubohrmaschine PSR1800 LI-2 Workbox - MTD Ijzerwaren","isPartOf":{"@id":"https:\/\/mtdijzerwaren.nl\/#website"},"primaryImageOfPage":{"@id":"https:\/\/mtdijzerwaren.nl\/product\/bosch-akkubohrmaschine-psr1800-li-2-workbox\/#primaryimage"},"image":{"@id":"https:\/\/mtdijzerwaren.nl\/product\/bosch-akkubohrmaschine-psr1800-li-2-workbox\/#primaryimage"},"thumbnailUrl":"https:\/\/mtdijzerwaren.nl\/wp-content\/uploads\/2022\/12\/20.png","datePublished":"2022-12-28T12:49:40+00:00","description":"Een Bosch Akkubohrmaschine PSR1800 LI-2 Workbox bestellen? MTD Ijzerwaren helpt jou graag. Neem vandaag nog contact met ons op voor meer informatie over Bosch Akkubohrmaschine PSR1800 LI-2 Workbox","breadcrumb":{"@id":"https:\/\/mtdijzerwaren.nl\/product\/bosch-akkubohrmaschine-psr1800-li-2-workbox\/#breadcrumb"},"inLanguage":"de","potentialAction":[{"@type":"ReadAction","target":["https:\/\/mtdijzerwaren.nl\/product\/bosch-akkubohrmaschine-psr1800-li-2-workbox\/"]}]},{"@type":"ImageObject","inLanguage":"de","@id":"https:\/\/mtdijzerwaren.nl\/product\/bosch-akkubohrmaschine-psr1800-li-2-workbox\/#primaryimage","url":"https:\/\/mtdijzerwaren.nl\/wp-content\/uploads\/2022\/12\/20.png","contentUrl":"https:\/\/mtdijzerwaren.nl\/wp-content\/uploads\/2022\/12\/20.png","width":516,"height":630},{"@type":"BreadcrumbList","@id":"https:\/\/mtdijzerwaren.nl\/product\/bosch-akkubohrmaschine-psr1800-li-2-workbox\/#breadcrumb","itemListElement":[{"@type":"ListItem","position":1,"name":"Home","item":"https:\/\/mtdijzerwaren.nl\/"},{"@type":"ListItem","position":2,"name":"Shop","item":"https:\/\/mtdijzerwaren.nl\/shop\/"},{"@type":"ListItem","position":3,"name":"Bosch Akkubohrmaschine PSR1800 LI-2 Workbox"}]},{"@type":"WebSite","@id":"https:\/\/mtdijzerwaren.nl\/#website","url":"https:\/\/mtdijzerwaren.nl\/","name":"MTD Ijzerwaren","description":"","potentialAction":[{"@type":"SearchAction","target":{"@type":"EntryPoint","urlTemplate":"https:\/\/mtdijzerwaren.nl\/?s={search_term_string}"},"query-input":{"@type":"PropertyValueSpecification","valueRequired":true,"valueName":"search_term_string"}}],"inLanguage":"de"}]}},"brands":[{"id":33,"name":"Bosch","slug":"bosch"}],"_links":{"self":[{"href":"https:\/\/mtdijzerwaren.nl\/de\/wp-json\/wp\/v2\/product\/1604","targetHints":{"allow":["GET"]}}],"collection":[{"href":"https:\/\/mtdijzerwaren.nl\/de\/wp-json\/wp\/v2\/product"}],"about":[{"href":"https:\/\/mtdijzerwaren.nl\/de\/wp-json\/wp\/v2\/types\/product"}],"replies":[{"embeddable":true,"href":"https:\/\/mtdijzerwaren.nl\/de\/wp-json\/wp\/v2\/comments?post=1604"}],"wp:featuredmedia":[{"embeddable":true,"href":"https:\/\/mtdijzerwaren.nl\/de\/wp-json\/wp\/v2\/media\/1380"}],"wp:attachment":[{"href":"https:\/\/mtdijzerwaren.nl\/de\/wp-json\/wp\/v2\/media?parent=1604"}],"wp:term":[{"taxonomy":"pwb-brand","embeddable":true,"href":"https:\/\/mtdijzerwaren.nl\/de\/wp-json\/wp\/v2\/pwb-brand?post=1604"},{"taxonomy":"product_brand","embeddable":true,"href":"https:\/\/mtdijzerwaren.nl\/de\/wp-json\/wp\/v2\/product_brand?post=1604"},{"taxonomy":"product_cat","embeddable":true,"href":"https:\/\/mtdijzerwaren.nl\/de\/wp-json\/wp\/v2\/product_cat?post=1604"},{"taxonomy":"product_tag","embeddable":true,"href":"https:\/\/mtdijzerwaren.nl\/de\/wp-json\/wp\/v2\/product_tag?post=1604"}],"curies":[{"name":"wp","href":"https:\/\/api.w.org\/{rel}","templated":true}]}}